{"id":35290,"date":"2025-09-15T08:09:18","date_gmt":"2025-09-15T08:09:18","guid":{"rendered":"https:\/\/ofm4x4.com\/a-propos-de-nous\/"},"modified":"2025-09-22T08:56:18","modified_gmt":"2025-09-22T08:56:18","slug":"a-propos-de-nous","status":"publish","type":"page","link":"https:\/\/ofm4x4.com\/fr\/a-propos-de-nous\/","title":{"rendered":"A propos de nous"},"content":{"rendered":"\t\t<div data-elementor-type=\"wp-page\" data-elementor-id=\"35290\" class=\"elementor elementor-35290 elementor-4400\">\n\t\t\t\t<div class=\"elementor-element elementor-element-7c7c544 e-con-full e-flex e-con e-parent\" data-id=\"7c7c544\" data-element_type=\"container\" data-e-type=\"container\">\n\t\t<div class=\"elementor-element elementor-element-e7cb5cd e-con-full e-flex e-con e-child\" data-id=\"e7cb5cd\" data-element_type=\"container\" data-e-type=\"container\">\n\t\t\t\t<div class=\"elementor-element elementor-element-56aec39 elementor-widget elementor-widget-wd_image_or_svg\" data-id=\"56aec39\" data-element_type=\"widget\" data-e-type=\"widget\" data-widget_type=\"wd_image_or_svg.default\">\n\t\t\t\t<div class=\"elementor-widget-container\">\n\t\t\t\t\t\n\t\t<div class=\"wd-image text-left\">\n\t\t\t\t\t\t\t\t<img loading=\"lazy\" decoding=\"async\" width=\"580\" height=\"580\" src=\"https:\/\/ofm4x4.com\/wp-content\/uploads\/2025\/01\/about-us1.png\" class=\"attachment-full size-full\" alt=\"\" srcset=\"https:\/\/ofm4x4.com\/wp-content\/uploads\/2025\/01\/about-us1.png 580w, https:\/\/ofm4x4.com\/wp-content\/uploads\/2025\/01\/about-us1-300x300.png 300w, https:\/\/ofm4x4.com\/wp-content\/uploads\/2025\/01\/about-us1-150x150.png 150w, https:\/\/ofm4x4.com\/wp-content\/uploads\/2025\/01\/about-us1-430x430.png 430w\" sizes=\"auto, (max-width: 580px) 100vw, 580px\" \/>\t\t\t\t\t<\/div>\n\n\t\t\t\t\t\t<\/div>\n\t\t\t\t<\/div>\n\t\t\t\t<\/div>\n\t\t<div class=\"elementor-element elementor-element-97d6084 e-con-full e-flex e-con e-child\" data-id=\"97d6084\" data-element_type=\"container\" data-e-type=\"container\">\n\t\t\t\t<div class=\"elementor-element elementor-element-98d830b wd-width-100 elementor-widget elementor-widget-wd_title\" data-id=\"98d830b\" data-element_type=\"widget\" data-e-type=\"widget\" data-widget_type=\"wd_title.default\">\n\t\t\t\t<div class=\"elementor-widget-container\">\n\t\t\t\t\t\t\t<div class=\"title-wrapper wd-set-mb reset-last-child wd-title-color-primary wd-title-style-default wd-title-size-large text-left\">\n\n\t\t\t\n\t\t\t<div class=\"liner-continer\">\n\t\t\t\t<h4 class=\"woodmart-title-container title wd-fontsize-xxl\">OFM4X4<br \/>\nVotre univers OFF-ROAD !<\/h4> \n\t\t\t\t\t\t\t<\/div>\n\n\t\t\t\t\t\t\t<div class=\"title-after_title reset-last-child wd-fontsize-s\">\n\t\t\t\t\tBienvenue sur le site <a href=\"http:\/\/ofm4x4.com\"><strong>OFM4X4.COM<\/strong><\/a>l'endroit o\u00f9 votre passion pour le tout-terrain prend vie !\t\t\t\t<\/div>\n\t\t\t\t\t<\/div>\n\t\t\t\t\t\t<\/div>\n\t\t\t\t<\/div>\n\t\t\t\t<div class=\"elementor-element elementor-element-66e47ad elementor-widget elementor-widget-wd_text_block\" data-id=\"66e47ad\" data-element_type=\"widget\" data-e-type=\"widget\" data-widget_type=\"wd_text_block.default\">\n\t\t\t\t<div class=\"elementor-widget-container\">\n\t\t\t\t\t\t\t<div class=\"wd-text-block reset-last-child text-left\">\n\t\t\t\n\t\t\t<p>D\u00e9couvrez une large gamme de produits et d'accessoires sp\u00e9cialement con\u00e7us pour les v\u00e9hicules tout-terrain, transformant chaque aventure en une exp\u00e9rience inoubliable.<\/p><p>Des pneus durables et des syst\u00e8mes de suspension haute performance aux accessoires et gadgets innovants qui am\u00e9liorent le confort et la s\u00e9curit\u00e9, nous avons tout ce dont vous avez besoin pour faire passer votre voyage hors route \u00e0 la vitesse sup\u00e9rieure.<\/p><p>Parcourez facilement nos cat\u00e9gories soigneusement s\u00e9lectionn\u00e9es et d\u00e9couvrez des \u00e9quipements de qualit\u00e9 sup\u00e9rieure test\u00e9s dans les conditions les plus extr\u00eames.<\/p><p>A l'adresse <a href=\"http:\/\/ofm4x4.com\"><strong>OFM4X4.COM<\/strong><\/a>nous vivons pour l'aventure et fournissons des solutions fiables pour tous les terrains difficiles.<\/p><p>Prenez la route en toute confiance et transformez chaque voyage en une histoire inoubliable - seulement avec <a href=\"http:\/\/ofm4x4.com\"><strong>OFM4X4.COM<\/strong><\/a>!<\/p>\n\t\t\t\t\t<\/div>\n\t\t\t\t\t\t<\/div>\n\t\t\t\t<\/div>\n\t\t<div class=\"elementor-element elementor-element-3eef7d8 e-con-full e-flex e-con e-child\" data-id=\"3eef7d8\" data-element_type=\"container\" data-e-type=\"container\">\n\t\t\t\t<div class=\"elementor-element elementor-element-ee232e9 elementor-widget__width-auto elementor-hidden-phone elementor-widget elementor-widget-wd_social_buttons\" data-id=\"ee232e9\" data-element_type=\"widget\" data-e-type=\"widget\" data-widget_type=\"wd_social_buttons.default\">\n\t\t\t\t<div class=\"elementor-widget-container\">\n\t\t\t\t\t\t\t\t<div\n\t\t\t\t\t\tclass=\" wd-social-icons wd-style-colored-alt wd-size-small social-share wd-shape-circle color-scheme-dark text-left\">\n\t\t\t\t\n\t\t\t\t\n\t\t\t\t\t\t\t\t\t<a rel=\"noopener noreferrer nofollow\" href=\"https:\/\/www.facebook.com\/sharer\/sharer.php?u=https:\/\/ofm4x4.com\/fr\/a-propos-de-nous\/\" target=\"_blank\" class=\" wd-social-icon social-facebook\" aria-label=\"Facebook social link\">\n\t\t\t\t\t\t<span class=\"wd-icon\"><\/span>\n\t\t\t\t\t\t\t\t\t\t\t<\/a>\n\t\t\t\t\n\t\t\t\t\n\t\t\t\t\n\t\t\t\t\n\t\t\t\t\n\t\t\t\t\n\t\t\t\t\n\t\t\t\t\n\t\t\t\t\n\t\t\t\t\n\t\t\t\t\n\t\t\t\t\n\t\t\t\t\n\t\t\t\t\n\t\t\t\t\n\t\t\t\t\n\t\t\t\t\n\t\t\t\t\n\t\t\t\t\t\t\t\t\t<a rel=\"noopener noreferrer nofollow\" href=\"https:\/\/api.whatsapp.com\/send?text=https%3A%2F%2Fofm4x4.com%2Ffr%2Fa-propos-de-nous%2F\" target=\"_blank\" class=\" wd-hide-md wd-social-icon social-whatsapp\" aria-label=\"WhatsApp social link\">\n\t\t\t\t\t\t<span class=\"wd-icon\"><\/span>\n\t\t\t\t\t\t\t\t\t\t\t<\/a>\n\n\t\t\t\t\t<a rel=\"noopener noreferrer nofollow\" href=\"whatsapp:\/\/send?text=http:\/\/https%3A%2F%2Fofm4x4.com%2Ffr%2Fa-propos-de-nous%2F\" target=\"_blank\" class=\" wd-hide-lg wd-social-icon social-whatsapp\" aria-label=\"WhatsApp social link\">\n\t\t\t\t\t\t<span class=\"wd-icon\"><\/span>\n\t\t\t\t\t\t\t\t\t\t\t<\/a>\n\t\t\t\t\n\t\t\t\t\n\t\t\t\t\n\t\t\t\t\n\t\t\t\t\n\t\t\t\t\n\t\t\t\t\n\t\t\t\t\n\t\t\t<\/div>\n\n\t\t\t\t\t\t<\/div>\n\t\t\t\t<\/div>\n\t\t\t\t<\/div>\n\t\t\t\t<\/div>\n\t\t\t\t<\/div>\n\t\t\t\t<\/div>\n\t\t","protected":false},"excerpt":{"rendered":"<p>OFM4X4 Votre univers OFF-ROAD ! Bienvenue sur le site OFM4X4.COMl&rsquo;endroit o\u00f9 votre passion pour le tout-terrain prend vie ! D\u00e9couvrez<\/p>\n","protected":false},"author":2,"featured_media":0,"parent":0,"menu_order":0,"comment_status":"closed","ping_status":"closed","template":"","meta":{"footnotes":""},"class_list":["post-35290","page","type-page","status-publish","hentry"],"_links":{"self":[{"href":"https:\/\/ofm4x4.com\/fr\/wp-json\/wp\/v2\/pages\/35290","targetHints":{"allow":["GET"]}}],"collection":[{"href":"https:\/\/ofm4x4.com\/fr\/wp-json\/wp\/v2\/pages"}],"about":[{"href":"https:\/\/ofm4x4.com\/fr\/wp-json\/wp\/v2\/types\/page"}],"author":[{"embeddable":true,"href":"https:\/\/ofm4x4.com\/fr\/wp-json\/wp\/v2\/users\/2"}],"replies":[{"embeddable":true,"href":"https:\/\/ofm4x4.com\/fr\/wp-json\/wp\/v2\/comments?post=35290"}],"version-history":[{"count":5,"href":"https:\/\/ofm4x4.com\/fr\/wp-json\/wp\/v2\/pages\/35290\/revisions"}],"predecessor-version":[{"id":37643,"href":"https:\/\/ofm4x4.com\/fr\/wp-json\/wp\/v2\/pages\/35290\/revisions\/37643"}],"wp:attachment":[{"href":"https:\/\/ofm4x4.com\/fr\/wp-json\/wp\/v2\/media?parent=35290"}],"curies":[{"name":"wp","href":"https:\/\/api.w.org\/{rel}","templated":true}]}}