{"id":35636,"date":"2025-09-15T09:52:11","date_gmt":"2025-09-15T09:52:11","guid":{"rendered":"https:\/\/ofm4x4.com\/politique-de-confidentialite\/"},"modified":"2025-09-22T07:37:14","modified_gmt":"2025-09-22T07:37:14","slug":"politique-de-confidentialite","status":"publish","type":"page","link":"https:\/\/ofm4x4.com\/fr\/politique-de-confidentialite\/","title":{"rendered":"Politique de confidentialit\u00e9"},"content":{"rendered":"\t\t<div data-elementor-type=\"wp-page\" data-elementor-id=\"35636\" class=\"elementor elementor-35636 elementor-3\">\n\t\t\t\t<div class=\"wd-negative-gap elementor-element elementor-element-f53d4cf e-flex e-con-boxed e-con e-parent\" data-id=\"f53d4cf\" data-element_type=\"container\" data-e-type=\"container\">\n\t\t\t\t\t<div class=\"e-con-inner\">\n\t\t\t\t<div class=\"elementor-element elementor-element-25f45501 color-scheme-inherit text-left elementor-widget elementor-widget-text-editor\" data-id=\"25f45501\" data-element_type=\"widget\" data-e-type=\"widget\" data-widget_type=\"text-editor.default\">\n\t\t\t\t<div class=\"elementor-widget-container\">\n\t\t\t\t\t\t\t\t\t<h1 data-start=\"240\" data-end=\"258\">Politique de confidentialit\u00e9<\/h1><p data-start=\"260\" data-end=\"292\"><strong data-start=\"260\" data-end=\"279\">Date d&rsquo;entr\u00e9e en vigueur :<\/strong> 01.01.2025<\/p><h3 data-start=\"294\" data-end=\"315\">1. Introduction<\/h3><p data-start=\"316\" data-end=\"616\">Bienvenue sur le site <strong data-start=\"327\" data-end=\"341\">ofm4x4.com<\/strong> (le \u00ab\u00a0site web\u00a0\u00bb), exploit\u00e9 par <strong data-start=\"371\" data-end=\"391\">WTD Logistic SRL<\/strong> (\u00ab\u00a0la soci\u00e9t\u00e9\u00a0\u00bb, \u00ab\u00a0nous\u00a0\u00bb, \u00ab\u00a0notre\u00a0\u00bb ou \u00ab\u00a0nos\u00a0\u00bb). Votre vie priv\u00e9e est importante pour nous. La pr\u00e9sente politique de confidentialit\u00e9 explique comment nous recueillons, utilisons, divulguons et prot\u00e9geons les informations vous concernant lorsque vous visitez notre site web et achetez nos accessoires tout-terrain.  <\/p><h3 data-start=\"618\" data-end=\"649\">2. Les informations que nous recueillons<\/h3><p data-start=\"650\" data-end=\"698\">Nous recueillons les types d&rsquo;informations suivants :<\/p><ul data-start=\"700\" data-end=\"957\"><li data-start=\"700\" data-end=\"815\"><p data-start=\"702\" data-end=\"815\"><strong data-start=\"702\" data-end=\"727\">Informations personnelles :<\/strong> Nom, adresse \u00e9lectronique, num\u00e9ro de t\u00e9l\u00e9phone, adresse de facturation et de livraison, et donn\u00e9es de paiement.<\/p><\/li><li data-start=\"816\" data-end=\"957\"><p data-start=\"818\" data-end=\"957\"><strong data-start=\"818\" data-end=\"847\">Informations non personnelles :<\/strong> Type de navigateur, informations sur l&rsquo;appareil, adresse IP et donn\u00e9es d&rsquo;utilisation collect\u00e9es par le biais de cookies et d&rsquo;outils d&rsquo;analyse.<\/p><\/li><\/ul><h3 data-start=\"959\" data-end=\"995\">3. Comment nous utilisons vos informations<\/h3><p data-start=\"996\" data-end=\"1034\">Nous utilisons les informations collect\u00e9es pour :<\/p><ul data-start=\"1036\" data-end=\"1256\"><li data-start=\"1036\" data-end=\"1072\"><p data-start=\"1038\" data-end=\"1072\">Traiter et ex\u00e9cuter vos commandes.<\/p><\/li><li data-start=\"1073\" data-end=\"1127\"><p data-start=\"1075\" data-end=\"1127\">Fournir une assistance \u00e0 la client\u00e8le et r\u00e9pondre aux demandes de renseignements.<\/p><\/li><li data-start=\"1128\" data-end=\"1172\"><p data-start=\"1130\" data-end=\"1172\">Am\u00e9liorer notre site Web et l&rsquo;exp\u00e9rience des utilisateurs.<\/p><\/li><li data-start=\"1173\" data-end=\"1221\"><p data-start=\"1175\" data-end=\"1221\">Envoyer des courriers \u00e9lectroniques promotionnels (avec votre consentement).<\/p><\/li><li data-start=\"1222\" data-end=\"1256\"><p data-start=\"1224\" data-end=\"1256\">Respecter les obligations l\u00e9gales.<\/p><\/li><\/ul><h3 data-start=\"1258\" data-end=\"1291\">4. Partage de vos informations<\/h3><p data-start=\"1292\" data-end=\"1373\">Nous ne vendons pas vos donn\u00e9es personnelles. Toutefois, nous pouvons \u00eatre amen\u00e9s \u00e0 partager vos informations avec <\/p><ul data-start=\"1375\" data-end=\"1585\"><li data-start=\"1375\" data-end=\"1425\"><p data-start=\"1377\" data-end=\"1425\">Les soci\u00e9t\u00e9s de traitement des paiements pour faciliter les transactions.<\/p><\/li><li data-start=\"1426\" data-end=\"1472\"><p data-start=\"1428\" data-end=\"1472\">Les fournisseurs de services d&rsquo;exp\u00e9dition pour la livraison de vos commandes.<\/p><\/li><li data-start=\"1473\" data-end=\"1514\"><p data-start=\"1475\" data-end=\"1514\">les autorit\u00e9s judiciaires si la loi l&rsquo;exige.<\/p><\/li><li data-start=\"1515\" data-end=\"1585\"><p data-start=\"1517\" data-end=\"1585\">Des prestataires de services tiers pour l&rsquo;analyse du site web et le marketing.<\/p><\/li><\/ul><h3 data-start=\"1587\" data-end=\"1629\">5. Cookies et technologies de suivi<\/h3><p data-start=\"1630\" data-end=\"1810\">Nous utilisons des cookies et des technologies de suivi similaires pour am\u00e9liorer votre exp\u00e9rience de navigation et analyser le trafic sur le site web. Vous pouvez g\u00e9rer vos pr\u00e9f\u00e9rences en mati\u00e8re de cookies par le biais des param\u00e8tres de votre navigateur. <\/p><h3 data-start=\"1812\" data-end=\"1834\">6. S\u00e9curit\u00e9 des donn\u00e9es<\/h3><p data-start=\"1835\" data-end=\"1979\">Nous mettons en \u0153uvre des mesures de s\u00e9curit\u00e9 conformes aux normes industrielles pour prot\u00e9ger vos informations contre tout acc\u00e8s, modification, divulgation ou destruction non autoris\u00e9s.<\/p><h3 data-start=\"1981\" data-end=\"2001\">7. Vos droits<\/h3><p data-start=\"2002\" data-end=\"2026\">Vous avez le droit de :<\/p><ul data-start=\"2028\" data-end=\"2207\"><li data-start=\"2028\" data-end=\"2077\"><p data-start=\"2030\" data-end=\"2077\">Acc\u00e9der, mettre \u00e0 jour ou supprimer vos donn\u00e9es personnelles.<\/p><\/li><li data-start=\"2078\" data-end=\"2118\"><p data-start=\"2080\" data-end=\"2118\">Refus des communications marketing.<\/p><\/li><li data-start=\"2119\" data-end=\"2168\"><p data-start=\"2121\" data-end=\"2168\">Demander une copie des donn\u00e9es que nous d\u00e9tenons \u00e0 votre sujet.<\/p><\/li><li data-start=\"2169\" data-end=\"2207\"><p data-start=\"2171\" data-end=\"2207\">Retirez votre consentement le cas \u00e9ch\u00e9ant.<\/p><\/li><\/ul><p data-start=\"2209\" data-end=\"2274\">Pour exercer ces droits, contactez-nous \u00e0 l&rsquo;adresse suivante <strong data-start=\"2249\" data-end=\"2271\"><a class=\"decorated-link cursor-pointer\" rel=\"noopener\" data-start=\"2251\" data-end=\"2269\">contact@ofm4x4.com<\/a><\/strong>.<\/p><h3 data-start=\"2276\" data-end=\"2302\">8. Liens avec des tiers<\/h3><p data-start=\"2303\" data-end=\"2440\">Notre site web peut contenir des liens vers des sites de tiers. Nous ne sommes pas responsables de leurs politiques de confidentialit\u00e9 et vous encourageons \u00e0 les consulter. <\/p><h3 data-start=\"2442\" data-end=\"2481\">9. Modifications de la pr\u00e9sente politique de protection de la vie priv\u00e9e<\/h3><p data-start=\"2482\" data-end=\"2610\">Nous pouvons mettre \u00e0 jour la pr\u00e9sente politique de confidentialit\u00e9 de temps \u00e0 autre. Toute modification sera publi\u00e9e sur cette page avec une mise \u00e0 jour de la \u00ab\u00a0date d&rsquo;entr\u00e9e en vigueur\u00a0\u00bb. <\/p><h3 data-start=\"2612\" data-end=\"2632\">10. Contactez nous<\/h3><p data-start=\"2633\" data-end=\"2705\">Pour toute question concernant la pr\u00e9sente politique de protection de la vie priv\u00e9e, veuillez nous contacter \u00e0 l&rsquo;adresse suivante :<\/p><p data-start=\"2707\" data-end=\"2878\"><strong data-start=\"2707\" data-end=\"2727\">WTD Logistic SRL<\/strong><br data-start=\"2727\" data-end=\"2730\">Email : <strong data-start=\"2737\" data-end=\"2759\"><a class=\"decorated-link cursor-pointer\" rel=\"noopener\" data-start=\"2739\" data-end=\"2757\">contact@ofm4x4.com<\/a><\/strong><br data-start=\"2759\" data-end=\"2762\">T\u00e9l\u00e9phone : +40 730 333 666 <strong data-start=\"2769\" data-end=\"2788\">+40 730 333 666<\/strong><br data-start=\"2788\" data-end=\"2791\">Adresse : <strong data-start=\"2800\" data-end=\"2876\">Rue : H\u0103r\u0103ului, Nr.40, Ville : Deva, Comt\u00e9 : Hunedoara, Pays : Roumanie<\/strong><\/p>\t\t\t\t\t\t\t\t<\/div>\n\t\t\t\t<\/div>\n\t\t\t\t\t<\/div>\n\t\t\t\t<\/div>\n\t\t\t\t<\/div>\n\t\t","protected":false},"excerpt":{"rendered":"<p>Politique de confidentialit\u00e9 Date d&rsquo;entr\u00e9e en vigueur : 01.01.2025 1. Introduction Bienvenue sur le site ofm4x4.com (le \u00ab\u00a0site web\u00a0\u00bb), exploit\u00e9<\/p>\n","protected":false},"author":1,"featured_media":0,"parent":0,"menu_order":0,"comment_status":"closed","ping_status":"open","template":"","meta":{"footnotes":""},"class_list":["post-35636","page","type-page","status-publish","hentry"],"_links":{"self":[{"href":"https:\/\/ofm4x4.com\/fr\/wp-json\/wp\/v2\/pages\/35636","targetHints":{"allow":["GET"]}}],"collection":[{"href":"https:\/\/ofm4x4.com\/fr\/wp-json\/wp\/v2\/pages"}],"about":[{"href":"https:\/\/ofm4x4.com\/fr\/wp-json\/wp\/v2\/types\/page"}],"author":[{"embeddable":true,"href":"https:\/\/ofm4x4.com\/fr\/wp-json\/wp\/v2\/users\/1"}],"replies":[{"embeddable":true,"href":"https:\/\/ofm4x4.com\/fr\/wp-json\/wp\/v2\/comments?post=35636"}],"version-history":[{"count":2,"href":"https:\/\/ofm4x4.com\/fr\/wp-json\/wp\/v2\/pages\/35636\/revisions"}],"predecessor-version":[{"id":35638,"href":"https:\/\/ofm4x4.com\/fr\/wp-json\/wp\/v2\/pages\/35636\/revisions\/35638"}],"wp:attachment":[{"href":"https:\/\/ofm4x4.com\/fr\/wp-json\/wp\/v2\/media?parent=35636"}],"curies":[{"name":"wp","href":"https:\/\/api.w.org\/{rel}","templated":true}]}}