{"id":40820,"date":"2020-04-23T05:41:59","date_gmt":"2020-04-23T05:41:59","guid":{"rendered":"https:\/\/ofm4x4.com\/shop\/non%20class\u00e9\/cric-de-levage-48%e2%80%b2%e2%80%b2-120-cm\/"},"modified":"2025-09-24T09:31:03","modified_gmt":"2025-09-24T09:31:03","slug":"cric-de-levage-48%e2%80%b2%e2%80%b2-120-cm","status":"publish","type":"product","link":"https:\/\/ofm4x4.com\/fr\/shop\/recuperation\/cric-de-levage-48%e2%80%b2%e2%80%b2-120-cm\/","title":{"rendered":"Cric de levage 48\u2032\u2032 (120 cm)"},"content":{"rendered":"<p><strong>Cric de levage 48\u2032\u2032 (120 cm<\/strong><strong>)<\/strong><\/p>\n<p><strong>Taille :<\/strong> 48&Prime; (120 cm) &#8211; Parfait pour les besoins de levage polyvalents<br \/>\n<strong>Couleur :<\/strong> Rouge vif &#8211; \u00c9l\u00e9gant et facile \u00e0 rep\u00e9rer<br \/>\n<strong>Capacit\u00e9 de charge maximale :<\/strong> 3T &#8211; Solide et fiable pour les t\u00e2ches lourdes<br \/>\n<strong>Poids :<\/strong> 10 kg &#8211; Durable et facile \u00e0 manipuler<\/p>\n<h4><\/h4>\n","protected":false},"excerpt":{"rendered":"<p><strong>Cric de levage 48\u2032\u2032 (120 cm)<\/strong><\/p>\n","protected":false},"featured_media":33990,"comment_status":"open","ping_status":"closed","template":"","meta":[],"product_brand":[1279],"product_cat":[4658],"product_tag":[3635],"class_list":{"0":"post-40820","1":"product","2":"type-product","3":"status-publish","4":"has-post-thumbnail","6":"product_brand-ofm4x4","7":"product_cat-recuperation","8":"product_tag-cric-de-levage-48-120-cm","9":"product_shipping_class-alte-produse-fr","11":"first","12":"outofstock","13":"taxable","14":"shipping-taxable","15":"purchasable","16":"product-type-simple"},"_links":{"self":[{"href":"https:\/\/ofm4x4.com\/fr\/wp-json\/wp\/v2\/product\/40820","targetHints":{"allow":["GET"]}}],"collection":[{"href":"https:\/\/ofm4x4.com\/fr\/wp-json\/wp\/v2\/product"}],"about":[{"href":"https:\/\/ofm4x4.com\/fr\/wp-json\/wp\/v2\/types\/product"}],"replies":[{"embeddable":true,"href":"https:\/\/ofm4x4.com\/fr\/wp-json\/wp\/v2\/comments?post=40820"}],"version-history":[{"count":1,"href":"https:\/\/ofm4x4.com\/fr\/wp-json\/wp\/v2\/product\/40820\/revisions"}],"predecessor-version":[{"id":40822,"href":"https:\/\/ofm4x4.com\/fr\/wp-json\/wp\/v2\/product\/40820\/revisions\/40822"}],"wp:featuredmedia":[{"embeddable":true,"href":"https:\/\/ofm4x4.com\/fr\/wp-json\/wp\/v2\/media\/33990"}],"wp:attachment":[{"href":"https:\/\/ofm4x4.com\/fr\/wp-json\/wp\/v2\/media?parent=40820"}],"wp:term":[{"taxonomy":"product_brand","embeddable":true,"href":"https:\/\/ofm4x4.com\/fr\/wp-json\/wp\/v2\/product_brand?post=40820"},{"taxonomy":"product_cat","embeddable":true,"href":"https:\/\/ofm4x4.com\/fr\/wp-json\/wp\/v2\/product_cat?post=40820"},{"taxonomy":"product_tag","embeddable":true,"href":"https:\/\/ofm4x4.com\/fr\/wp-json\/wp\/v2\/product_tag?post=40820"}],"curies":[{"name":"wp","href":"https:\/\/api.w.org\/{rel}","templated":true}]}}