{"id":40831,"date":"2020-04-23T05:17:36","date_gmt":"2020-04-23T05:17:36","guid":{"rendered":"https:\/\/ofm4x4.com\/shop\/non%20class\u00e9\/ofm102-entretoises-de-roues-brides-50mm-5x139-7-m12x1-25mm-pour-suzuki-lada-niva\/"},"modified":"2025-09-24T09:31:12","modified_gmt":"2025-09-24T09:31:12","slug":"ofm102-entretoises-de-roues-brides-50mm-5x139-7-m12x1-25mm-pour-suzuki-lada-niva","status":"publish","type":"product","link":"https:\/\/ofm4x4.com\/fr\/shop\/cales-de-roue\/ofm102-entretoises-de-roues-brides-50mm-5x139-7-m12x1-25mm-pour-suzuki-lada-niva\/","title":{"rendered":"OFM102 Entretoises de roues brides 50mm 5&#215;139.7 M12x1.25mm pour Suzuki, Lada Niva"},"content":{"rendered":"<p data-start=\"0\" data-end=\"209\">Les brides d&rsquo;\u00e9cartement des roues sont fabriqu\u00e9es en duralumin sp\u00e9cial et r\u00e9pondent aux exigences de qualit\u00e9 et de s\u00e9curit\u00e9 requises. Elles am\u00e9liorent la stabilit\u00e9 du v\u00e9hicule apr\u00e8s le levage en installant une suspension et des roues plus grandes. <\/p>\n<ul>\n<li data-start=\"211\" data-end=\"338\">Anneau de centrage : Non<\/li>\n<li data-start=\"211\" data-end=\"338\">\u00c9paisseur : 50 mm<\/li>\n<li data-start=\"211\" data-end=\"338\">Montage : M12 x 1,25<\/li>\n<li data-start=\"211\" data-end=\"338\">PCD : 5 x 139,7<\/li>\n<li data-start=\"211\" data-end=\"338\">Mat\u00e9riau : Aluminium<\/li>\n<li data-start=\"211\" data-end=\"338\">CB : 108,1<\/li>\n<li data-start=\"211\" data-end=\"338\">Mod\u00e8le : OFM102<\/li>\n<\/ul>\n<p data-start=\"340\" data-end=\"374\">Le prix est pour une seule pi\u00e8ce !<\/p>\n<p data-start=\"376\" data-end=\"527\">Compatible avec : Suzuki Vitara, Grand Vitara 1, Suzuki Samurai, Suzuki Jimny, Suzuki SJ, Suzuki X90, Lada Niva (CB : 98.5 &#8211; n\u00e9cessite une bague de centrage)<\/p>\n<p data-start=\"529\" data-end=\"643\" data-is-only-node=\"\" data-is-last-node=\"\">Diam\u00e8tre int\u00e9rieur : 108,1 mm<br data-start=\"553\" data-end=\"556\">Diam\u00e8tre ext\u00e9rieur : 139,7 mm<br data-start=\"580\" data-end=\"583\">\u00c9paisseur de la bride : 50 mm<br data-start=\"606\" data-end=\"609\">Boulons : M12<br data-start=\"619\" data-end=\"622\">Pas des boulons : 1,25 mm<\/p>\n","protected":false},"excerpt":{"rendered":"<p>Entretoise de roue 50mm 5&#215;139.7 M12x1.25mm pour Suzuki, Lada Niva<\/p>\n","protected":false},"featured_media":35556,"comment_status":"open","ping_status":"closed","template":"","meta":[],"product_brand":[1279],"product_cat":[4610],"product_tag":[3657,3660,3652,3649,3656,3650],"class_list":{"0":"post-40831","1":"product","2":"type-product","3":"status-publish","4":"has-post-thumbnail","6":"product_brand-ofm4x4","7":"product_cat-cales-de-roue","8":"product_tag-50mm-fr","9":"product_tag-5x139-7-fr","10":"product_tag-entretoises-de-roue","11":"product_tag-lada-niva-fr","12":"product_tag-m12x125mm","13":"product_tag-suzuki-fr","14":"product_shipping_class-produse-usoare-set-fr","16":"first","17":"instock","18":"taxable","19":"shipping-taxable","20":"purchasable","21":"product-type-simple"},"_links":{"self":[{"href":"https:\/\/ofm4x4.com\/fr\/wp-json\/wp\/v2\/product\/40831","targetHints":{"allow":["GET"]}}],"collection":[{"href":"https:\/\/ofm4x4.com\/fr\/wp-json\/wp\/v2\/product"}],"about":[{"href":"https:\/\/ofm4x4.com\/fr\/wp-json\/wp\/v2\/types\/product"}],"replies":[{"embeddable":true,"href":"https:\/\/ofm4x4.com\/fr\/wp-json\/wp\/v2\/comments?post=40831"}],"version-history":[{"count":1,"href":"https:\/\/ofm4x4.com\/fr\/wp-json\/wp\/v2\/product\/40831\/revisions"}],"predecessor-version":[{"id":40833,"href":"https:\/\/ofm4x4.com\/fr\/wp-json\/wp\/v2\/product\/40831\/revisions\/40833"}],"wp:featuredmedia":[{"embeddable":true,"href":"https:\/\/ofm4x4.com\/fr\/wp-json\/wp\/v2\/media\/35556"}],"wp:attachment":[{"href":"https:\/\/ofm4x4.com\/fr\/wp-json\/wp\/v2\/media?parent=40831"}],"wp:term":[{"taxonomy":"product_brand","embeddable":true,"href":"https:\/\/ofm4x4.com\/fr\/wp-json\/wp\/v2\/product_brand?post=40831"},{"taxonomy":"product_cat","embeddable":true,"href":"https:\/\/ofm4x4.com\/fr\/wp-json\/wp\/v2\/product_cat?post=40831"},{"taxonomy":"product_tag","embeddable":true,"href":"https:\/\/ofm4x4.com\/fr\/wp-json\/wp\/v2\/product_tag?post=40831"}],"curies":[{"name":"wp","href":"https:\/\/api.w.org\/{rel}","templated":true}]}}