{"id":40835,"date":"2020-04-23T06:01:02","date_gmt":"2020-04-23T06:01:02","guid":{"rendered":"https:\/\/ofm4x4.com\/shop\/non%20class\u00e9\/cric-de-levage-60%e2%80%b2%e2%80%b2-150-cm\/"},"modified":"2025-09-24T09:31:16","modified_gmt":"2025-09-24T09:31:16","slug":"cric-de-levage-60%e2%80%b2%e2%80%b2-150-cm","status":"publish","type":"product","link":"https:\/\/ofm4x4.com\/fr\/shop\/recuperation\/cric-de-levage-60%e2%80%b2%e2%80%b2-150-cm\/","title":{"rendered":"Cric de levage 60\u2032\u2032 (150 cm)"},"content":{"rendered":"<p><strong>Cric de levage 60\u2032\u2032 (150 cm)<\/strong><\/p>\n<p><strong>Taille :<\/strong> 60&Prime; (150 cm) &#8211; Parfait pour les besoins de levage polyvalents<br \/>\n<strong>Couleur :<\/strong> Rouge vif &#8211; \u00c9l\u00e9gant et facile \u00e0 rep\u00e9rer<br \/>\n<strong>Capacit\u00e9 de charge maximale :<\/strong> 2,5T &#8211; Solide et fiable pour les t\u00e2ches lourdes<br \/>\n<strong>Poids :<\/strong> 13,4 kg &#8211; Durable et facile \u00e0 manipuler<\/p>\n","protected":false},"excerpt":{"rendered":"<p><strong>Cric de levage 60\u2032\u2032 (150 cm)<\/strong><\/p>\n","protected":false},"featured_media":33978,"comment_status":"open","ping_status":"closed","template":"","meta":[],"product_brand":[1279],"product_cat":[4658],"product_tag":[3645],"class_list":{"0":"post-40835","1":"product","2":"type-product","3":"status-publish","4":"has-post-thumbnail","6":"product_brand-ofm4x4","7":"product_cat-recuperation","8":"product_tag-cric-de-levage-60-150-cm","9":"product_shipping_class-alte-produse-fr","11":"first","12":"instock","13":"taxable","14":"shipping-taxable","15":"purchasable","16":"product-type-simple"},"_links":{"self":[{"href":"https:\/\/ofm4x4.com\/fr\/wp-json\/wp\/v2\/product\/40835","targetHints":{"allow":["GET"]}}],"collection":[{"href":"https:\/\/ofm4x4.com\/fr\/wp-json\/wp\/v2\/product"}],"about":[{"href":"https:\/\/ofm4x4.com\/fr\/wp-json\/wp\/v2\/types\/product"}],"replies":[{"embeddable":true,"href":"https:\/\/ofm4x4.com\/fr\/wp-json\/wp\/v2\/comments?post=40835"}],"version-history":[{"count":1,"href":"https:\/\/ofm4x4.com\/fr\/wp-json\/wp\/v2\/product\/40835\/revisions"}],"predecessor-version":[{"id":40836,"href":"https:\/\/ofm4x4.com\/fr\/wp-json\/wp\/v2\/product\/40835\/revisions\/40836"}],"wp:featuredmedia":[{"embeddable":true,"href":"https:\/\/ofm4x4.com\/fr\/wp-json\/wp\/v2\/media\/33978"}],"wp:attachment":[{"href":"https:\/\/ofm4x4.com\/fr\/wp-json\/wp\/v2\/media?parent=40835"}],"wp:term":[{"taxonomy":"product_brand","embeddable":true,"href":"https:\/\/ofm4x4.com\/fr\/wp-json\/wp\/v2\/product_brand?post=40835"},{"taxonomy":"product_cat","embeddable":true,"href":"https:\/\/ofm4x4.com\/fr\/wp-json\/wp\/v2\/product_cat?post=40835"},{"taxonomy":"product_tag","embeddable":true,"href":"https:\/\/ofm4x4.com\/fr\/wp-json\/wp\/v2\/product_tag?post=40835"}],"curies":[{"name":"wp","href":"https:\/\/api.w.org\/{rel}","templated":true}]}}