{"id":40838,"date":"2020-04-23T08:55:36","date_gmt":"2020-04-23T08:55:36","guid":{"rendered":"https:\/\/ofm4x4.com\/shop\/non%20class\u00e9\/ofm104-entretoise-de-roue-50mm-6x139-7-m12x1-5mm-pour-mitsubishi-toyota-opel-hyundai\/"},"modified":"2025-09-24T09:31:20","modified_gmt":"2025-09-24T09:31:20","slug":"ofm104-entretoise-de-roue-50mm-6x139-7-m12x1-5mm-pour-mitsubishi-toyota-opel-hyundai","status":"publish","type":"product","link":"https:\/\/ofm4x4.com\/fr\/shop\/cales-de-roue\/ofm104-entretoise-de-roue-50mm-6x139-7-m12x1-5mm-pour-mitsubishi-toyota-opel-hyundai\/","title":{"rendered":"OFM104 Entretoise de roue 50mm 6&#215;139.7 M12x1.5mm pour Mitsubishi, Toyota, Opel, Hyundai"},"content":{"rendered":"<p data-start=\"0\" data-end=\"209\">Les brides d&rsquo;\u00e9cartement des roues sont fabriqu\u00e9es en duralumin sp\u00e9cial et r\u00e9pondent aux exigences de qualit\u00e9 et de s\u00e9curit\u00e9 requises. Elles am\u00e9liorent la stabilit\u00e9 du v\u00e9hicule apr\u00e8s le levage en installant une suspension et des roues plus grandes. <\/p>\n<ul>\n<li data-start=\"211\" data-end=\"335\">Anneau de centrage : Non<\/li>\n<li data-start=\"211\" data-end=\"335\">\u00c9paisseur : 50 mm<\/li>\n<li data-start=\"211\" data-end=\"335\">Montage : M12 x 1,5<\/li>\n<li data-start=\"211\" data-end=\"335\">PCD : 6 x 139,7<\/li>\n<li data-start=\"211\" data-end=\"335\">Mat\u00e9riau : Aluminium<\/li>\n<li data-start=\"211\" data-end=\"335\">CB : 110<\/li>\n<li data-start=\"211\" data-end=\"335\">Mod\u00e8le : OFM104<\/li>\n<\/ul>\n<p data-start=\"337\" data-end=\"362\">Sans bague de centrage.<\/p>\n<p data-start=\"364\" data-end=\"462\">Compatible avec : Mitsubishi Pajero MK1, Mitsubishi Pajero MK2, Mitsubishi L200, Toyota, Galloper<\/p>\n<p data-start=\"464\" data-end=\"575\">Mitsubishi Pajero MK3 (CB : 67.1) &#8211; n\u00e9cessite un anneau de centrage<br data-start=\"524\" data-end=\"527\">Frontera (CB : 100) &#8211; n\u00e9cessite un anneau de centrage<\/p>\n<p data-start=\"577\" data-end=\"602\" data-is-last-node=\"\" data-is-only-node=\"\">Le prix est par pi\u00e8ce !!!<\/p>\n","protected":false},"excerpt":{"rendered":"<p>Entretoise de roue 50mm 6&#215;139.7 M12x1.5mm pour Mitsubishi, Toyota, Opel, Hyundai<\/p>\n","protected":false},"featured_media":35608,"comment_status":"open","ping_status":"closed","template":"","meta":[],"product_brand":[1279],"product_cat":[4610],"product_tag":[3657,3689,3652,3687,3688,3684,3685,3686],"class_list":{"0":"post-40838","1":"product","2":"type-product","3":"status-publish","4":"has-post-thumbnail","6":"product_brand-ofm4x4","7":"product_cat-cales-de-roue","8":"product_tag-50mm-fr","9":"product_tag-6x139-7-fr","10":"product_tag-entretoises-de-roue","11":"product_tag-hyundai-fr","12":"product_tag-m12x15mm","13":"product_tag-mitsubishi-fr","14":"product_tag-opel-fr","15":"product_tag-toyota-fr","16":"product_shipping_class-produse-usoare-set-fr","18":"first","19":"instock","20":"taxable","21":"shipping-taxable","22":"purchasable","23":"product-type-simple"},"_links":{"self":[{"href":"https:\/\/ofm4x4.com\/fr\/wp-json\/wp\/v2\/product\/40838","targetHints":{"allow":["GET"]}}],"collection":[{"href":"https:\/\/ofm4x4.com\/fr\/wp-json\/wp\/v2\/product"}],"about":[{"href":"https:\/\/ofm4x4.com\/fr\/wp-json\/wp\/v2\/types\/product"}],"replies":[{"embeddable":true,"href":"https:\/\/ofm4x4.com\/fr\/wp-json\/wp\/v2\/comments?post=40838"}],"version-history":[{"count":1,"href":"https:\/\/ofm4x4.com\/fr\/wp-json\/wp\/v2\/product\/40838\/revisions"}],"predecessor-version":[{"id":40840,"href":"https:\/\/ofm4x4.com\/fr\/wp-json\/wp\/v2\/product\/40838\/revisions\/40840"}],"wp:featuredmedia":[{"embeddable":true,"href":"https:\/\/ofm4x4.com\/fr\/wp-json\/wp\/v2\/media\/35608"}],"wp:attachment":[{"href":"https:\/\/ofm4x4.com\/fr\/wp-json\/wp\/v2\/media?parent=40838"}],"wp:term":[{"taxonomy":"product_brand","embeddable":true,"href":"https:\/\/ofm4x4.com\/fr\/wp-json\/wp\/v2\/product_brand?post=40838"},{"taxonomy":"product_cat","embeddable":true,"href":"https:\/\/ofm4x4.com\/fr\/wp-json\/wp\/v2\/product_cat?post=40838"},{"taxonomy":"product_tag","embeddable":true,"href":"https:\/\/ofm4x4.com\/fr\/wp-json\/wp\/v2\/product_tag?post=40838"}],"curies":[{"name":"wp","href":"https:\/\/api.w.org\/{rel}","templated":true}]}}