{"id":41084,"date":"2020-06-12T06:59:38","date_gmt":"2020-06-12T06:59:38","guid":{"rendered":"https:\/\/ofm4x4.com\/shop\/non%20class\u00e9\/treuil-grizzly-electrique-9-500-lbs-1501-avec-cable-synthetique\/"},"modified":"2025-09-24T09:33:07","modified_gmt":"2025-09-24T09:33:07","slug":"treuil-grizzly-electrique-9-500-lbs-1501-avec-cable-synthetique","status":"publish","type":"product","link":"https:\/\/ofm4x4.com\/fr\/shop\/treuils-electriques\/treuil-grizzly-electrique-9-500-lbs-1501-avec-cable-synthetique\/","title":{"rendered":"Treuil Grizzly \u00e9lectrique 9.500 lbs 150:1 avec c\u00e2ble synth\u00e9tique"},"content":{"rendered":"<p><strong data-start=\"0\" data-end=\"69\">Treuil \u00e9lectrique 9.500 lbs 150:1 Treuil Grizzly avec c\u00e2ble synth\u00e9tique<\/strong><\/p>\n<ul>\n<li><strong data-start=\"0\" data-end=\"20\" data-is-only-node=\"\">Capacit\u00e9 de remorquage :<\/strong> 9500 lbs [4310 kg]<\/li>\n<li><strong data-start=\"42\" data-end=\"52\">C\u00e2ble :<\/strong> Synth\u00e9tique, 25 m x \u00d8 10 mm<\/li>\n<li><strong data-start=\"81\" data-end=\"100\">Module de contr\u00f4le :<\/strong> Position fixe [centrale]<\/li>\n<li><strong data-start=\"128\" data-end=\"138\">Moteur :<\/strong> 6,0 HP [4,5 kW]<\/li>\n<li><strong data-start=\"157\" data-end=\"169\">Tension :<\/strong> 12V<\/li>\n<li><strong data-start=\"176\" data-end=\"192\">Syst\u00e8me d&rsquo;engrenage :<\/strong> Plan\u00e9taire \u00e0 3 \u00e9tages<\/li>\n<li><strong data-start=\"213\" data-end=\"228\">Rapport de d\u00e9multiplication :<\/strong> 150:1<\/li>\n<li><strong data-start=\"237\" data-end=\"248\">Embrayage :<\/strong> Engagement\/d\u00e9sengagement manuel<\/li>\n<li><strong data-start=\"275\" data-end=\"285\">Frein :<\/strong> Automatique<\/li>\n<li><strong data-start=\"298\" data-end=\"311\">Chaumard :<\/strong> Croupion en aluminium<\/li>\n<li><strong data-start=\"329\" data-end=\"348\">T\u00e9l\u00e9commande :<\/strong> Avec ou sans fil<\/li>\n<li><strong data-start=\"370\" data-end=\"391\">Dimensions du treuil :<\/strong> 546 mm x 160 mm x 218 mm<\/li>\n<li><strong data-start=\"419\" data-end=\"436\">Poids du treuil :<\/strong> 28 kg<\/li>\n<li><strong data-start=\"445\" data-end=\"471\">Sch\u00e9ma des boulons de montage :<\/strong> 254 mm x 114,3 mm<\/li>\n<li><strong data-start=\"492\" data-end=\"515\">Charge maximale du c\u00e2ble :<\/strong> 5897 kg<\/li>\n<\/ul>\n","protected":false},"excerpt":{"rendered":"<p><strong data-start=\"0\" data-end=\"69\">Treuil \u00e9lectrique 9.500 lbs 150:1 Treuil Grizzly avec c\u00e2ble synth\u00e9tique<\/strong><\/p>\n","protected":false},"featured_media":34087,"comment_status":"open","ping_status":"closed","template":"","meta":[],"product_brand":[1308],"product_cat":[4595],"product_tag":[4484,4489,3738,3739,4020],"class_list":{"0":"post-41084","1":"product","2":"type-product","3":"status-publish","4":"has-post-thumbnail","6":"product_brand-grizzly-winch","7":"product_cat-treuils-electriques","8":"product_tag-1501-fr","9":"product_tag-9-500-lbs-fr","10":"product_tag-electric-winch-fr","11":"product_tag-grizzly-winch-fr","12":"product_tag-synthetic-rope-fr","13":"product_shipping_class-alte-produse-fr","15":"first","16":"instock","17":"taxable","18":"shipping-taxable","19":"purchasable","20":"product-type-simple"},"_links":{"self":[{"href":"https:\/\/ofm4x4.com\/fr\/wp-json\/wp\/v2\/product\/41084","targetHints":{"allow":["GET"]}}],"collection":[{"href":"https:\/\/ofm4x4.com\/fr\/wp-json\/wp\/v2\/product"}],"about":[{"href":"https:\/\/ofm4x4.com\/fr\/wp-json\/wp\/v2\/types\/product"}],"replies":[{"embeddable":true,"href":"https:\/\/ofm4x4.com\/fr\/wp-json\/wp\/v2\/comments?post=41084"}],"version-history":[{"count":1,"href":"https:\/\/ofm4x4.com\/fr\/wp-json\/wp\/v2\/product\/41084\/revisions"}],"predecessor-version":[{"id":41110,"href":"https:\/\/ofm4x4.com\/fr\/wp-json\/wp\/v2\/product\/41084\/revisions\/41110"}],"wp:featuredmedia":[{"embeddable":true,"href":"https:\/\/ofm4x4.com\/fr\/wp-json\/wp\/v2\/media\/34087"}],"wp:attachment":[{"href":"https:\/\/ofm4x4.com\/fr\/wp-json\/wp\/v2\/media?parent=41084"}],"wp:term":[{"taxonomy":"product_brand","embeddable":true,"href":"https:\/\/ofm4x4.com\/fr\/wp-json\/wp\/v2\/product_brand?post=41084"},{"taxonomy":"product_cat","embeddable":true,"href":"https:\/\/ofm4x4.com\/fr\/wp-json\/wp\/v2\/product_cat?post=41084"},{"taxonomy":"product_tag","embeddable":true,"href":"https:\/\/ofm4x4.com\/fr\/wp-json\/wp\/v2\/product_tag?post=41084"}],"curies":[{"name":"wp","href":"https:\/\/api.w.org\/{rel}","templated":true}]}}