{"id":41112,"date":"2020-06-11T12:03:29","date_gmt":"2020-06-11T12:03:29","guid":{"rendered":"https:\/\/ofm4x4.com\/shop\/non%20class\u00e9\/roue-en-acier-15x10-et-50-6x139-7-cb-110-avec-beadlock-pour-nissan-patrol-mitsubishi-pajero-toyota-land-cruiser\/"},"modified":"2025-09-24T09:33:08","modified_gmt":"2025-09-24T09:33:08","slug":"roue-en-acier-15x10-et-50-6x139-7-cb-110-avec-beadlock-pour-nissan-patrol-mitsubishi-pajero-toyota-land-cruiser","status":"publish","type":"product","link":"https:\/\/ofm4x4.com\/fr\/shop\/roues-en-acier\/roue-en-acier-15x10-et-50-6x139-7-cb-110-avec-beadlock-pour-nissan-patrol-mitsubishi-pajero-toyota-land-cruiser\/","title":{"rendered":"Roue en acier 15&#215;10 ET -50 6&#215;139.7 CB 110 avec Beadlock pour Nissan Patrol, Mitsubishi Pajero, Toyota Land Cruiser"},"content":{"rendered":"<div id=\"\\\" ali-anchor-alimagic-6rxnu8=\"\" class=\"\\\" magic-0=\"\" data-section=\"\\\"AliMagic-6rxnu8\\\"\" data-section-title=\"\\\"Product\" data-spm-anchor-id=\"\\\"a2700.details.pronpeci14.i0.7ae070497Niwca\\\"\">\n<p data-start=\"0\" data-end=\"21\"><strong data-start=\"0\" data-end=\"19\">Sp\u00e9cifications :<\/strong><\/p>\n<ul data-start=\"23\" data-end=\"199\">\n<li data-start=\"23\" data-end=\"44\"><strong data-start=\"25\" data-end=\"38\">Diam\u00e8tre :<\/strong> R15<\/li>\n<li data-start=\"45\" data-end=\"63\"><strong data-start=\"47\" data-end=\"57\">Largeur :<\/strong> 10J<\/li>\n<li data-start=\"64\" data-end=\"88\"><strong data-start=\"66\" data-end=\"82\">ET (d\u00e9calage) :<\/strong> -50<\/li>\n<li data-start=\"89\" data-end=\"126\"><strong data-start=\"91\" data-end=\"114\">PCD (sch\u00e9ma de boulonnage) :<\/strong> 6 x 139.7<\/li>\n<li data-start=\"127\" data-end=\"147\" data-is-only-node=\"\"><strong data-start=\"129\" data-end=\"139\">Couleur :<\/strong> Noir<\/li>\n<li data-start=\"148\" data-end=\"177\"><strong data-start=\"150\" data-end=\"171\">CB (Center Bore) :<\/strong> 110<\/li>\n<li data-start=\"178\" data-end=\"199\"><strong data-start=\"180\" data-end=\"190\">Mod\u00e8le :<\/strong> OFMBD9<\/li>\n<\/ul>\n<p data-start=\"201\" data-end=\"298\">\u26a0\ufe0f <strong data-start=\"204\" data-end=\"296\">Ces roues ne sont pas homologu\u00e9es pour une utilisation sur la voie publique et n&rsquo;ont pas de certification RAR.<\/strong><\/p>\n<p data-start=\"300\" data-end=\"353\">Ils sont con\u00e7us exclusivement pour une <strong data-start=\"334\" data-end=\"350\">utilisation hors route.<\/strong><\/p>\n<ul data-start=\"355\" data-end=\"801\" data-is-only-node=\"\" data-is-last-node=\"\">\n<li data-start=\"355\" data-end=\"503\"><strong data-start=\"357\" data-end=\"412\">Jantes en acier avec d\u00e9coupe triangulaire<\/strong>, d&rsquo;un <strong data-start=\"426\" data-end=\"446\">diam\u00e8tre de 15 pouces<\/strong> et d&rsquo;une <strong data-start=\"451\" data-end=\"468\" data-is-only-node=\"\">largeur de 10 pouces<\/strong>, con\u00e7ues pour les v\u00e9hicules tout-terrain.<\/li>\n<li data-start=\"504\" data-end=\"599\">Le produit est <strong data-start=\"521\" data-end=\"556\">peint en noir par \u00e9lectrostatique<\/strong>, ce qui augmente sa r\u00e9sistance aux rayures.<\/li>\n<li data-start=\"600\" data-end=\"801\" data-is-last-node=\"\">La jante pr\u00e9sente un <strong data-start=\"621\" data-end=\"642\">\u00e9paulement n\u00e9gatif<\/strong> qui positionne la roue plus \u00e0 l&rsquo;ext\u00e9rieur par rapport au moyeu, ce qui am\u00e9liore la <strong data-start=\"726\" data-end=\"739\">stabilit\u00e9 du<\/strong> v\u00e9hicule et offre <strong data-start=\"753\" data-end=\"800\">plus d&rsquo;espace pour les pneus tout-terrain surdimensionn\u00e9s<\/strong>.<\/li>\n<\/ul>\n<\/div>\n","protected":false},"excerpt":{"rendered":"<p data-start=\"0\" data-end=\"117\"><strong data-start=\"0\" data-end=\"115\">Roue en acier 15X10 ET -50 6X139.7 CB 110 avec Beadlock pour Nissan Patrol, Mitsubishi Pajero, Toyota Land Cruiser<\/strong><\/p>\n<p data-start=\"119\" data-end=\"216\">\u26a0\ufe0f <strong data-start=\"122\" data-end=\"214\">Ces roues ne sont pas homologu\u00e9es pour une utilisation sur la voie publique et n&rsquo;ont pas de certification RAR.<\/strong><\/p>\n<p data-start=\"218\" data-end=\"269\" data-is-last-node=\"\" data-is-only-node=\"\">Ils sont con\u00e7us exclusivement pour une <strong data-start=\"252\" data-end=\"268\">utilisation hors route.<\/strong><\/p>\n","protected":false},"featured_media":37445,"comment_status":"open","ping_status":"closed","template":"","meta":[],"product_brand":[1279],"product_cat":[4625],"product_tag":[4177,4433,4434,3623],"class_list":{"0":"post-41112","1":"product","2":"type-product","3":"status-publish","4":"has-post-thumbnail","6":"product_brand-ofm4x4","7":"product_cat-roues-en-acier","8":"product_tag-15x10-fr","9":"product_tag-beadlock-fr","10":"product_tag-et-50-6x139-7-cb-110-fr","11":"product_tag-roue-en-acier","12":"product_shipping_class-alte-produse-fr","14":"first","15":"instock","16":"taxable","17":"shipping-taxable","18":"purchasable","19":"product-type-simple"},"_links":{"self":[{"href":"https:\/\/ofm4x4.com\/fr\/wp-json\/wp\/v2\/product\/41112","targetHints":{"allow":["GET"]}}],"collection":[{"href":"https:\/\/ofm4x4.com\/fr\/wp-json\/wp\/v2\/product"}],"about":[{"href":"https:\/\/ofm4x4.com\/fr\/wp-json\/wp\/v2\/types\/product"}],"replies":[{"embeddable":true,"href":"https:\/\/ofm4x4.com\/fr\/wp-json\/wp\/v2\/comments?post=41112"}],"version-history":[{"count":1,"href":"https:\/\/ofm4x4.com\/fr\/wp-json\/wp\/v2\/product\/41112\/revisions"}],"predecessor-version":[{"id":41140,"href":"https:\/\/ofm4x4.com\/fr\/wp-json\/wp\/v2\/product\/41112\/revisions\/41140"}],"wp:featuredmedia":[{"embeddable":true,"href":"https:\/\/ofm4x4.com\/fr\/wp-json\/wp\/v2\/media\/37445"}],"wp:attachment":[{"href":"https:\/\/ofm4x4.com\/fr\/wp-json\/wp\/v2\/media?parent=41112"}],"wp:term":[{"taxonomy":"product_brand","embeddable":true,"href":"https:\/\/ofm4x4.com\/fr\/wp-json\/wp\/v2\/product_brand?post=41112"},{"taxonomy":"product_cat","embeddable":true,"href":"https:\/\/ofm4x4.com\/fr\/wp-json\/wp\/v2\/product_cat?post=41112"},{"taxonomy":"product_tag","embeddable":true,"href":"https:\/\/ofm4x4.com\/fr\/wp-json\/wp\/v2\/product_tag?post=41112"}],"curies":[{"name":"wp","href":"https:\/\/api.w.org\/{rel}","templated":true}]}}