{"id":41260,"date":"2020-10-29T08:24:02","date_gmt":"2020-10-29T08:24:02","guid":{"rendered":"https:\/\/ofm4x4.com\/shop\/non%20class\u00e9\/roue-en-acier-16x7-et-25-5x139-7-cb-108-off-road-pour-suzuki-kia\/"},"modified":"2025-09-24T09:33:41","modified_gmt":"2025-09-24T09:33:41","slug":"roue-en-acier-16x7-et-25-5x139-7-cb-108-off-road-pour-suzuki-kia","status":"publish","type":"product","link":"https:\/\/ofm4x4.com\/fr\/shop\/roues-en-acier\/roue-en-acier-16x7-et-25-5x139-7-cb-108-off-road-pour-suzuki-kia\/","title":{"rendered":"Roue en acier 16&#215;7 ET -25 5&#215;139.7 CB 108 Off-Road pour Suzuki, Kia"},"content":{"rendered":"<div id=\"\\\" ali-anchor-alimagic-6rxnu8=\"\" class=\"\\\" magic-0=\"\" data-section=\"\\\"AliMagic-6rxnu8\\\"\" data-section-title=\"\\\"Product\" data-spm-anchor-id=\"\\\"a2700.details.pronpeci14.i0.7ae070497Niwca\\\"\">\n<h3 data-start=\"0\" data-end=\"19\">Sp\u00e9cifications :<\/h3>\n<ul data-start=\"21\" data-end=\"222\">\n<li data-start=\"21\" data-end=\"42\"><strong data-start=\"23\" data-end=\"36\">Diam\u00e8tre :<\/strong> R16<\/li>\n<li data-start=\"43\" data-end=\"60\"><strong data-start=\"45\" data-end=\"55\">Largeur :<\/strong> 7J<\/li>\n<li data-start=\"61\" data-end=\"85\"><strong data-start=\"63\" data-end=\"79\">ET (d\u00e9calage) :<\/strong> -25<\/li>\n<li data-start=\"86\" data-end=\"123\"><strong data-start=\"88\" data-end=\"111\">PCD (sch\u00e9ma de boulonnage) :<\/strong> 5 x 139.7<\/li>\n<li data-start=\"124\" data-end=\"168\"><strong data-start=\"126\" data-end=\"136\">Couleur :<\/strong> noir avec des lignes rouges et bleues<\/li>\n<li data-start=\"169\" data-end=\"200\"><strong data-start=\"171\" data-end=\"192\">CB (Center Bore) :<\/strong> 108.1<\/li>\n<li data-start=\"201\" data-end=\"222\"><strong data-start=\"203\" data-end=\"213\">Mod\u00e8le :<\/strong> OFM013<\/li>\n<\/ul>\n<p data-start=\"224\" data-end=\"379\">\u26a0\ufe0f Ces roues <strong data-start=\"244\" data-end=\"260\">ne<\/strong> sont <strong data-start=\"244\" data-end=\"260\">pas<\/strong> <strong data-start=\"289\" data-end=\"322\">homologu\u00e9es<\/strong> pour une utilisation sur la voie publique et <strong data-start=\"289\" data-end=\"322\">n&rsquo;ont pas de certification RAR<\/strong>.<br data-start=\"323\" data-end=\"326\">Elles sont con\u00e7ues exclusivement pour une <strong data-start=\"360\" data-end=\"376\">utilisation tout-terrain<\/strong>.<\/p>\n<ul data-start=\"381\" data-end=\"661\">\n<li data-start=\"381\" data-end=\"469\">Le produit est <strong data-start=\"398\" data-end=\"436\">peint en noir par \u00e9lectrostatique<\/strong>, ce qui am\u00e9liore la r\u00e9sistance aux rayures.<\/li>\n<li data-start=\"470\" data-end=\"661\">Le <strong data-start=\"476\" data-end=\"508\">talon a un \u00e9paulement n\u00e9gatif<\/strong> qui positionne la roue plus \u00e0 l&rsquo;ext\u00e9rieur par rapport au moyeu, ce qui am\u00e9liore la stabilit\u00e9 du v\u00e9hicule et offre plus d&rsquo;espace pour les <strong data-start=\"630\" data-end=\"658\">pneus tout-terrain surdimensionn\u00e9s<\/strong>.<\/li>\n<\/ul>\n<p data-start=\"663\" data-end=\"685\"><strong data-start=\"663\" data-end=\"683\">Compatible avec :<\/strong><\/p>\n<ul data-start=\"686\" data-end=\"842\">\n<li data-start=\"686\" data-end=\"736\">Suzuki : Samurai, Jimny, Vitara, Grand Vitara I<\/li>\n<li data-start=\"737\" data-end=\"789\">Kia : Sorento I (CB : 95.3 &#8211; n\u00e9cessite un anneau central)<\/li>\n<li data-start=\"790\" data-end=\"842\">Kia : Sportage I (CB : 100 &#8211; n\u00e9cessite un anneau central)<\/li>\n<\/ul>\n<p data-start=\"844\" data-end=\"995\" data-is-last-node=\"\" data-is-only-node=\"\"><strong data-start=\"844\" data-end=\"853\">Note :<\/strong> Sur certains mod\u00e8les de v\u00e9hicules, il peut y avoir une diff\u00e9rence de diam\u00e8tre entre l&rsquo;\u00e9crou de la roue et le moyeu, ce qui n\u00e9cessite l&rsquo;installation d&rsquo;anneaux centraux.<\/p>\n<\/div>\n","protected":false},"excerpt":{"rendered":"<p data-start=\"0\" data-end=\"69\"><strong data-start=\"0\" data-end=\"67\">Roue en acier 16X7 ET -25 5&#215;139.7 CB 108 OFF-ROAD pour Suzuki, Kia<\/strong><\/p>\n<p data-start=\"71\" data-end=\"172\">\u26a0\ufe0f Ces roues <strong data-start=\"91\" data-end=\"107\">ne<\/strong> sont pas <strong data-start=\"136\" data-end=\"169\">homologu\u00e9es<\/strong> pour une utilisation sur la voie publique et <strong data-start=\"136\" data-end=\"169\">n&rsquo;ont pas de certification RAR<\/strong>.<\/p>\n<p data-start=\"174\" data-end=\"225\" data-is-last-node=\"\" data-is-only-node=\"\">Ils sont con\u00e7us exclusivement pour une <strong data-start=\"208\" data-end=\"224\">utilisation hors route.<\/strong><\/p>\n","protected":false},"featured_media":37322,"comment_status":"open","ping_status":"closed","template":"","meta":[],"product_brand":[1279],"product_cat":[4625],"product_tag":[4089,4418,3623],"class_list":{"0":"post-41260","1":"product","2":"type-product","3":"status-publish","4":"has-post-thumbnail","6":"product_brand-ofm4x4","7":"product_cat-roues-en-acier","8":"product_tag-16x7-fr","9":"product_tag-et-25-5x139-7-cb-108-fr","10":"product_tag-roue-en-acier","11":"product_shipping_class-alte-produse-fr","13":"first","14":"outofstock","15":"taxable","16":"shipping-taxable","17":"purchasable","18":"product-type-simple"},"_links":{"self":[{"href":"https:\/\/ofm4x4.com\/fr\/wp-json\/wp\/v2\/product\/41260","targetHints":{"allow":["GET"]}}],"collection":[{"href":"https:\/\/ofm4x4.com\/fr\/wp-json\/wp\/v2\/product"}],"about":[{"href":"https:\/\/ofm4x4.com\/fr\/wp-json\/wp\/v2\/types\/product"}],"replies":[{"embeddable":true,"href":"https:\/\/ofm4x4.com\/fr\/wp-json\/wp\/v2\/comments?post=41260"}],"version-history":[{"count":1,"href":"https:\/\/ofm4x4.com\/fr\/wp-json\/wp\/v2\/product\/41260\/revisions"}],"predecessor-version":[{"id":41305,"href":"https:\/\/ofm4x4.com\/fr\/wp-json\/wp\/v2\/product\/41260\/revisions\/41305"}],"wp:featuredmedia":[{"embeddable":true,"href":"https:\/\/ofm4x4.com\/fr\/wp-json\/wp\/v2\/media\/37322"}],"wp:attachment":[{"href":"https:\/\/ofm4x4.com\/fr\/wp-json\/wp\/v2\/media?parent=41260"}],"wp:term":[{"taxonomy":"product_brand","embeddable":true,"href":"https:\/\/ofm4x4.com\/fr\/wp-json\/wp\/v2\/product_brand?post=41260"},{"taxonomy":"product_cat","embeddable":true,"href":"https:\/\/ofm4x4.com\/fr\/wp-json\/wp\/v2\/product_cat?post=41260"},{"taxonomy":"product_tag","embeddable":true,"href":"https:\/\/ofm4x4.com\/fr\/wp-json\/wp\/v2\/product_tag?post=41260"}],"curies":[{"name":"wp","href":"https:\/\/api.w.org\/{rel}","templated":true}]}}