{"id":41261,"date":"2020-10-28T09:10:23","date_gmt":"2020-10-28T09:10:23","guid":{"rendered":"https:\/\/ofm4x4.com\/shop\/non%20class\u00e9\/roue-en-acier-16x10-et-50-6x139-7-cb-110-avec-beadlock-pour-nissan-mitsubishi-toyota\/"},"modified":"2025-09-24T09:33:41","modified_gmt":"2025-09-24T09:33:41","slug":"roue-en-acier-16x10-et-50-6x139-7-cb-110-avec-beadlock-pour-nissan-mitsubishi-toyota","status":"publish","type":"product","link":"https:\/\/ofm4x4.com\/fr\/shop\/roues-en-acier\/roue-en-acier-16x10-et-50-6x139-7-cb-110-avec-beadlock-pour-nissan-mitsubishi-toyota\/","title":{"rendered":"Roue en acier 16&#215;10 ET -50 6&#215;139.7 CB 110 avec beadlock pour Nissan, Mitsubishi, Toyota"},"content":{"rendered":"<div id=\"\\\" ali-anchor-alimagic-6rxnu8=\"\" class=\"\\\" magic-0=\"\" data-section=\"\\\"AliMagic-6rxnu8\\\"\" data-section-title=\"\\\"Product\" data-spm-anchor-id=\"\\\"a2700.details.pronpeci14.i0.7ae070497Niwca\\\"\">\n<p data-start=\"0\" data-end=\"21\"><strong data-start=\"0\" data-end=\"19\">Sp\u00e9cifications :<\/strong><\/p>\n<ul data-start=\"23\" data-end=\"214\">\n<li data-start=\"23\" data-end=\"44\"><strong data-start=\"25\" data-end=\"38\">Diam\u00e8tre :<\/strong> R16<\/li>\n<li data-start=\"45\" data-end=\"63\"><strong data-start=\"47\" data-end=\"57\">Largeur :<\/strong> 10J<\/li>\n<li data-start=\"64\" data-end=\"88\"><strong data-start=\"66\" data-end=\"82\">ET (d\u00e9calage) :<\/strong> -50<\/li>\n<li data-start=\"89\" data-end=\"126\"><strong data-start=\"91\" data-end=\"114\">PCD (sch\u00e9ma de boulonnage) :<\/strong> 6 x 139.7<\/li>\n<li data-start=\"127\" data-end=\"161\" data-is-only-node=\"\"><strong data-start=\"129\" data-end=\"139\">Couleur :<\/strong> noir, rouge<\/li>\n<li data-start=\"162\" data-end=\"191\"><strong data-start=\"164\" data-end=\"185\">CB (Center Bore) :<\/strong> 110<\/li>\n<li data-start=\"192\" data-end=\"214\"><strong data-start=\"194\" data-end=\"204\">Mod\u00e8le :<\/strong> OFMBD10<\/li>\n<\/ul>\n<p data-start=\"216\" data-end=\"313\">\u26a0\ufe0f <strong data-start=\"219\" data-end=\"311\">Ces roues ne sont pas homologu\u00e9es pour une utilisation sur la voie publique et n&rsquo;ont pas de certification RAR.<\/strong><\/p>\n<p data-start=\"315\" data-end=\"368\">Ils sont con\u00e7us exclusivement pour une <strong data-start=\"349\" data-end=\"365\">utilisation hors route.<\/strong><\/p>\n<ul data-start=\"370\" data-end=\"661\" data-is-only-node=\"\" data-is-last-node=\"\">\n<li data-start=\"370\" data-end=\"463\">La roue est <strong data-start=\"385\" data-end=\"420\">peinte en noir par \u00e9lectrostatique<\/strong>, ce qui augmente sa r\u00e9sistance aux rayures.<\/li>\n<li data-start=\"464\" data-end=\"661\" data-is-last-node=\"\">La jante pr\u00e9sente un <strong data-start=\"485\" data-end=\"506\">\u00e9paulement n\u00e9gatif<\/strong> qui positionne la roue plus \u00e0 l&rsquo;ext\u00e9rieur par rapport au moyeu, ce qui am\u00e9liore la stabilit\u00e9 du v\u00e9hicule et offre plus d&rsquo;espace pour les <strong data-start=\"632\" data-end=\"660\">pneus tout-terrain surdimensionn\u00e9s<\/strong>.<\/li>\n<\/ul>\n<\/div>\n","protected":false},"excerpt":{"rendered":"<p data-start=\"0\" data-end=\"90\"><strong data-start=\"0\" data-end=\"88\">Roue en acier 16X10 ET -50 6X139.7 CB 110 avec Beadlock pour Nissan, Mitsubishi, Toyota<\/strong><\/p>\n<p data-start=\"92\" data-end=\"189\">\u26a0\ufe0f <strong data-start=\"95\" data-end=\"187\">Ces roues ne sont pas homologu\u00e9es pour une utilisation sur la voie publique et n&rsquo;ont pas de certification RAR.<\/strong><\/p>\n<p data-start=\"191\" data-end=\"242\" data-is-last-node=\"\" data-is-only-node=\"\">Ils sont con\u00e7us exclusivement pour une <strong data-start=\"225\" data-end=\"241\">utilisation hors route.<\/strong><\/p>\n","protected":false},"featured_media":37340,"comment_status":"open","ping_status":"closed","template":"","meta":[],"product_brand":[1279],"product_cat":[4625],"product_tag":[4432,4433,4434,3623],"class_list":{"0":"post-41261","1":"product","2":"type-product","3":"status-publish","4":"has-post-thumbnail","6":"product_brand-ofm4x4","7":"product_cat-roues-en-acier","8":"product_tag-16x10-fr","9":"product_tag-beadlock-fr","10":"product_tag-et-50-6x139-7-cb-110-fr","11":"product_tag-roue-en-acier","12":"product_shipping_class-alte-produse-fr","14":"first","15":"instock","16":"taxable","17":"shipping-taxable","18":"purchasable","19":"product-type-simple"},"_links":{"self":[{"href":"https:\/\/ofm4x4.com\/fr\/wp-json\/wp\/v2\/product\/41261","targetHints":{"allow":["GET"]}}],"collection":[{"href":"https:\/\/ofm4x4.com\/fr\/wp-json\/wp\/v2\/product"}],"about":[{"href":"https:\/\/ofm4x4.com\/fr\/wp-json\/wp\/v2\/types\/product"}],"replies":[{"embeddable":true,"href":"https:\/\/ofm4x4.com\/fr\/wp-json\/wp\/v2\/comments?post=41261"}],"version-history":[{"count":1,"href":"https:\/\/ofm4x4.com\/fr\/wp-json\/wp\/v2\/product\/41261\/revisions"}],"predecessor-version":[{"id":41304,"href":"https:\/\/ofm4x4.com\/fr\/wp-json\/wp\/v2\/product\/41261\/revisions\/41304"}],"wp:featuredmedia":[{"embeddable":true,"href":"https:\/\/ofm4x4.com\/fr\/wp-json\/wp\/v2\/media\/37340"}],"wp:attachment":[{"href":"https:\/\/ofm4x4.com\/fr\/wp-json\/wp\/v2\/media?parent=41261"}],"wp:term":[{"taxonomy":"product_brand","embeddable":true,"href":"https:\/\/ofm4x4.com\/fr\/wp-json\/wp\/v2\/product_brand?post=41261"},{"taxonomy":"product_cat","embeddable":true,"href":"https:\/\/ofm4x4.com\/fr\/wp-json\/wp\/v2\/product_cat?post=41261"},{"taxonomy":"product_tag","embeddable":true,"href":"https:\/\/ofm4x4.com\/fr\/wp-json\/wp\/v2\/product_tag?post=41261"}],"curies":[{"name":"wp","href":"https:\/\/api.w.org\/{rel}","templated":true}]}}