{"id":41321,"date":"2020-10-07T10:04:50","date_gmt":"2020-10-07T10:04:50","guid":{"rendered":"https:\/\/ofm4x4.com\/shop\/non%20class\u00e9\/jauge-numerique-tre-air-max-pour-le-gonflage-et-le-degonflage-des-pneus\/"},"modified":"2025-09-24T09:33:43","modified_gmt":"2025-09-24T09:33:43","slug":"jauge-numerique-tre-air-max-pour-le-gonflage-et-le-degonflage-des-pneus","status":"publish","type":"product","link":"https:\/\/ofm4x4.com\/fr\/shop\/differentiel-autobloquant\/accessoires\/jauge-numerique-tre-air-max-pour-le-gonflage-et-le-degonflage-des-pneus\/","title":{"rendered":"Jauge num\u00e9rique TRE Air Max pour le gonflage et le d\u00e9gonflage des pneus"},"content":{"rendered":"<ul>\n<li>\n<p data-start=\"0\" data-end=\"60\"><strong data-start=\"0\" data-end=\"58\">Jauge num\u00e9rique TRE AIR MAX pour le gonflage et le d\u00e9gonflage des pneus<\/strong><\/p>\n<ul data-start=\"62\" data-end=\"325\">\n<li data-start=\"62\" data-end=\"92\"><strong data-start=\"64\" data-end=\"90\">\u00c9cran \u00e9clair\u00e9 par LED<\/strong><\/li>\n<li data-start=\"93\" data-end=\"142\"><strong data-start=\"95\" data-end=\"110\">Pr\u00e9cision de 1%<\/strong> avec une <strong data-start=\"118\" data-end=\"140\">r\u00e9solution de 0,1 PSI<\/strong><\/li>\n<li data-start=\"143\" data-end=\"204\"><strong data-start=\"145\" data-end=\"202\">Gonflage, d\u00e9gonflage et mesure de la pression des pneus en toute simplicit\u00e9<\/strong><\/li>\n<li data-start=\"205\" data-end=\"275\"><strong data-start=\"207\" data-end=\"273\">L&rsquo;\u00e9cran LED affiche la pression d&rsquo;air en PSI, Kpa, Bar et kg\/cm\u00b2.<\/strong><\/li>\n<li data-start=\"276\" data-end=\"325\"><strong data-start=\"278\" data-end=\"323\">Mesure la pression des pneus de 0 \u00e0 250 PSI<\/strong><\/li>\n<\/ul>\n<p data-start=\"327\" data-end=\"421\" data-is-last-node=\"\" data-is-only-node=\"\"><strong data-start=\"329\" data-end=\"377\">Non certifi\u00e9 pour la v\u00e9rification m\u00e9trologique.<\/strong><\/p>\n<p><strong data-start=\"382\" data-end=\"421\" data-is-last-node=\"\">Pour un usage personnel et hors route uniquement.<\/strong><\/li>\n<\/ul>\n","protected":false},"excerpt":{"rendered":"<p>Jauge num\u00e9rique TRE Air Max pour le gonflage et le d\u00e9gonflage des pneus<\/p>\n","protected":false},"featured_media":37353,"comment_status":"open","ping_status":"closed","template":"","meta":[],"product_brand":[1233],"product_cat":[4745],"product_tag":[4452,4453,4454],"class_list":{"0":"post-41321","1":"product","2":"type-product","3":"status-publish","4":"has-post-thumbnail","6":"product_brand-tre-4x4","7":"product_cat-accessoires","8":"product_tag-air-max-digital-gauge-fr","9":"product_tag-tire-inflation-deflation-fr","10":"product_tag-tre-fr","11":"product_shipping_class-alte-produse-fr","13":"first","14":"outofstock","15":"taxable","16":"shipping-taxable","17":"purchasable","18":"product-type-simple"},"_links":{"self":[{"href":"https:\/\/ofm4x4.com\/fr\/wp-json\/wp\/v2\/product\/41321","targetHints":{"allow":["GET"]}}],"collection":[{"href":"https:\/\/ofm4x4.com\/fr\/wp-json\/wp\/v2\/product"}],"about":[{"href":"https:\/\/ofm4x4.com\/fr\/wp-json\/wp\/v2\/types\/product"}],"replies":[{"embeddable":true,"href":"https:\/\/ofm4x4.com\/fr\/wp-json\/wp\/v2\/comments?post=41321"}],"version-history":[{"count":1,"href":"https:\/\/ofm4x4.com\/fr\/wp-json\/wp\/v2\/product\/41321\/revisions"}],"predecessor-version":[{"id":41327,"href":"https:\/\/ofm4x4.com\/fr\/wp-json\/wp\/v2\/product\/41321\/revisions\/41327"}],"wp:featuredmedia":[{"embeddable":true,"href":"https:\/\/ofm4x4.com\/fr\/wp-json\/wp\/v2\/media\/37353"}],"wp:attachment":[{"href":"https:\/\/ofm4x4.com\/fr\/wp-json\/wp\/v2\/media?parent=41321"}],"wp:term":[{"taxonomy":"product_brand","embeddable":true,"href":"https:\/\/ofm4x4.com\/fr\/wp-json\/wp\/v2\/product_brand?post=41321"},{"taxonomy":"product_cat","embeddable":true,"href":"https:\/\/ofm4x4.com\/fr\/wp-json\/wp\/v2\/product_cat?post=41321"},{"taxonomy":"product_tag","embeddable":true,"href":"https:\/\/ofm4x4.com\/fr\/wp-json\/wp\/v2\/product_tag?post=41321"}],"curies":[{"name":"wp","href":"https:\/\/api.w.org\/{rel}","templated":true}]}}