{"id":41455,"date":"2020-10-07T09:38:20","date_gmt":"2020-10-07T09:38:20","guid":{"rendered":"https:\/\/ofm4x4.com\/shop\/non%20class\u00e9\/compresseur-dair-tre-12v-a-haut-rendement\/"},"modified":"2025-09-24T09:33:54","modified_gmt":"2025-09-24T09:33:54","slug":"compresseur-dair-tre-12v-a-haut-rendement","status":"publish","type":"product","link":"https:\/\/ofm4x4.com\/fr\/shop\/differentiel-autobloquant\/accessoires\/compresseur-dair-tre-12v-a-haut-rendement\/","title":{"rendered":"Compresseur d&rsquo;air TRE 12V \u00e0 haut rendement"},"content":{"rendered":"<h3 data-start=\"0\" data-end=\"31\"><strong data-start=\"4\" data-end=\"29\">Le paquet comprend :<\/strong><\/h3>\n<ul data-start=\"32\" data-end=\"172\">\n<li data-start=\"32\" data-end=\"42\">Interrupteur<\/li>\n<li data-start=\"43\" data-end=\"52\">Relais<\/li>\n<li data-start=\"53\" data-end=\"105\">Montage multipositions et contact \u00e0 pression unique<\/li>\n<li data-start=\"106\" data-end=\"151\">\u00c9quip\u00e9 d&rsquo;une soupape de pression pour la s\u00e9curit\u00e9<\/li>\n<li data-start=\"152\" data-end=\"172\">C\u00e2blage avec fusible<\/li>\n<\/ul>\n<h3 data-start=\"174\" data-end=\"193\"><strong data-start=\"178\" data-end=\"191\">Caract\u00e9ristiques :<\/strong><\/h3>\n<ul data-start=\"194\" data-end=\"502\" data-is-only-node=\"\" data-is-last-node=\"\">\n<li data-start=\"194\" data-end=\"231\"><strong data-start=\"196\" data-end=\"211\">Dimensions :<\/strong> 142 x 190 x 96 mm<\/li>\n<li data-start=\"232\" data-end=\"260\"><strong data-start=\"234\" data-end=\"251\">Poids total :<\/strong> 4,5 kg<\/li>\n<li data-start=\"261\" data-end=\"286\"><strong data-start=\"263\" data-end=\"280\">Alimentation \u00e9lectrique :<\/strong> 12V<\/li>\n<li data-start=\"287\" data-end=\"332\"><strong data-start=\"289\" data-end=\"324\">Consommation de courant sous charge :<\/strong> 22.9A<\/li>\n<li data-start=\"333\" data-end=\"378\"><strong data-start=\"335\" data-end=\"372\">Consommation de courant \u00e0 vide :<\/strong> 13A<\/li>\n<li data-start=\"379\" data-end=\"417\"><strong data-start=\"381\" data-end=\"404\">D\u00e9bit d&rsquo;air en charge :<\/strong> 61,6 L\/min<\/li>\n<li data-start=\"418\" data-end=\"458\"><strong data-start=\"420\" data-end=\"445\">D\u00e9bit d&rsquo;air sans charge :<\/strong> 75,1 L\/min<\/li>\n<li data-start=\"459\" data-end=\"502\" data-is-last-node=\"\"><strong data-start=\"461\" data-end=\"502\" data-is-last-node=\"\">Moteur prot\u00e9g\u00e9 par une protection thermique<\/strong><\/li>\n<\/ul>\n","protected":false},"excerpt":{"rendered":"<p>Compresseur d&rsquo;air TRE 12V \u00e0 haut rendement<\/p>\n","protected":false},"featured_media":37364,"comment_status":"open","ping_status":"closed","template":"","meta":[],"product_brand":[1233],"product_cat":[4745],"product_tag":[4460,4461],"class_list":{"0":"post-41455","1":"product","2":"type-product","3":"status-publish","4":"has-post-thumbnail","6":"product_brand-tre-4x4","7":"product_cat-accessoires","8":"product_tag-air-compressor-fr","9":"product_tag-tre-12v-high-output-fr","10":"product_shipping_class-alte-produse-fr","12":"first","13":"instock","14":"taxable","15":"shipping-taxable","16":"purchasable","17":"product-type-simple"},"_links":{"self":[{"href":"https:\/\/ofm4x4.com\/fr\/wp-json\/wp\/v2\/product\/41455","targetHints":{"allow":["GET"]}}],"collection":[{"href":"https:\/\/ofm4x4.com\/fr\/wp-json\/wp\/v2\/product"}],"about":[{"href":"https:\/\/ofm4x4.com\/fr\/wp-json\/wp\/v2\/types\/product"}],"replies":[{"embeddable":true,"href":"https:\/\/ofm4x4.com\/fr\/wp-json\/wp\/v2\/comments?post=41455"}],"version-history":[{"count":1,"href":"https:\/\/ofm4x4.com\/fr\/wp-json\/wp\/v2\/product\/41455\/revisions"}],"predecessor-version":[{"id":41478,"href":"https:\/\/ofm4x4.com\/fr\/wp-json\/wp\/v2\/product\/41455\/revisions\/41478"}],"wp:featuredmedia":[{"embeddable":true,"href":"https:\/\/ofm4x4.com\/fr\/wp-json\/wp\/v2\/media\/37364"}],"wp:attachment":[{"href":"https:\/\/ofm4x4.com\/fr\/wp-json\/wp\/v2\/media?parent=41455"}],"wp:term":[{"taxonomy":"product_brand","embeddable":true,"href":"https:\/\/ofm4x4.com\/fr\/wp-json\/wp\/v2\/product_brand?post=41455"},{"taxonomy":"product_cat","embeddable":true,"href":"https:\/\/ofm4x4.com\/fr\/wp-json\/wp\/v2\/product_cat?post=41455"},{"taxonomy":"product_tag","embeddable":true,"href":"https:\/\/ofm4x4.com\/fr\/wp-json\/wp\/v2\/product_tag?post=41455"}],"curies":[{"name":"wp","href":"https:\/\/api.w.org\/{rel}","templated":true}]}}