{"id":41459,"date":"2020-06-12T08:03:46","date_gmt":"2020-06-12T08:03:46","guid":{"rendered":"https:\/\/ofm4x4.com\/shop\/non%20class\u00e9\/treuil-grizzly-electrique-13-000-lbs-1501-avec-cable-synthetique\/"},"modified":"2025-09-24T09:33:54","modified_gmt":"2025-09-24T09:33:54","slug":"treuil-grizzly-electrique-13-000-lbs-1501-avec-cable-synthetique","status":"publish","type":"product","link":"https:\/\/ofm4x4.com\/fr\/shop\/treuils-electriques\/treuil-grizzly-electrique-13-000-lbs-1501-avec-cable-synthetique\/","title":{"rendered":"Treuil Grizzly \u00e9lectrique 13.000 lbs 150:1 avec c\u00e2ble synth\u00e9tique"},"content":{"rendered":"<p><strong>Treuil \u00e9lectrique Grizzly 13000 lbs (5897 kg) avec c\u00e2ble synth\u00e9tique<\/strong><\/p>\n<ul>\n<li><strong data-start=\"0\" data-end=\"20\" data-is-only-node=\"\">Capacit\u00e9 de remorquage :<\/strong> 5 897 kg (13 000 lb)<\/li>\n<li><strong data-start=\"45\" data-end=\"54\">Corde :<\/strong> synth\u00e9tique, 25 m x \u00d8 10 mm<\/li>\n<li><strong data-start=\"83\" data-end=\"102\">Module de contr\u00f4le :<\/strong> Position fixe (centrale)<\/li>\n<li><strong data-start=\"130\" data-end=\"140\">Moteur :<\/strong> 6,5 HP (4,5 kW)<\/li>\n<li><strong data-start=\"159\" data-end=\"171\">Tension :<\/strong> 12V<\/li>\n<li><strong data-start=\"178\" data-end=\"195\">Transmission :<\/strong> engrenage plan\u00e9taire \u00e0 3 \u00e9tages<\/li>\n<li><strong data-start=\"221\" data-end=\"236\">Rapport de d\u00e9multiplication :<\/strong> 150:1<\/li>\n<li><strong data-start=\"245\" data-end=\"256\">Embrayage :<\/strong> Engagement\/d\u00e9sengagement manuel<\/li>\n<li><strong data-start=\"283\" data-end=\"293\">Frein :<\/strong> Automatique<\/li>\n<li><strong data-start=\"306\" data-end=\"319\">Fairlead :<\/strong> Aluminium Hawse<\/li>\n<li><strong data-start=\"337\" data-end=\"356\">T\u00e9l\u00e9commande :<\/strong> Avec ou sans fil<\/li>\n<li><strong data-start=\"378\" data-end=\"399\">Dimensions du treuil :<\/strong> 546 mm x 160 mm x 218 mm<\/li>\n<li><strong data-start=\"427\" data-end=\"444\">Poids du treuil :<\/strong> 30 kg<\/li>\n<li><strong data-start=\"453\" data-end=\"479\">Sch\u00e9ma des boulons de montage :<\/strong> 254 mm x 114,3 mm<\/li>\n<li><strong data-start=\"500\" data-end=\"522\">Charge maximale sur le c\u00e2ble :<\/strong> 5 897 kg<\/li>\n<\/ul>\n","protected":false},"excerpt":{"rendered":"<p><strong>Treuil \u00e9lectrique Grizzly 13000 lbs (5897 kg) avec c\u00e2ble synth\u00e9tique<\/strong><\/p>\n","protected":false},"featured_media":34063,"comment_status":"open","ping_status":"closed","template":"","meta":[],"product_brand":[1308],"product_cat":[4595],"product_tag":[4488,3738,3739,4020],"class_list":{"0":"post-41459","1":"product","2":"type-product","3":"status-publish","4":"has-post-thumbnail","6":"product_brand-grizzly-winch","7":"product_cat-treuils-electriques","8":"product_tag-13000-lbs-fr-2","9":"product_tag-electric-winch-fr","10":"product_tag-grizzly-winch-fr","11":"product_tag-synthetic-rope-fr","12":"product_shipping_class-alte-produse-fr","14":"first","15":"instock","16":"taxable","17":"shipping-taxable","18":"purchasable","19":"product-type-simple"},"_links":{"self":[{"href":"https:\/\/ofm4x4.com\/fr\/wp-json\/wp\/v2\/product\/41459","targetHints":{"allow":["GET"]}}],"collection":[{"href":"https:\/\/ofm4x4.com\/fr\/wp-json\/wp\/v2\/product"}],"about":[{"href":"https:\/\/ofm4x4.com\/fr\/wp-json\/wp\/v2\/types\/product"}],"replies":[{"embeddable":true,"href":"https:\/\/ofm4x4.com\/fr\/wp-json\/wp\/v2\/comments?post=41459"}],"version-history":[{"count":1,"href":"https:\/\/ofm4x4.com\/fr\/wp-json\/wp\/v2\/product\/41459\/revisions"}],"predecessor-version":[{"id":41500,"href":"https:\/\/ofm4x4.com\/fr\/wp-json\/wp\/v2\/product\/41459\/revisions\/41500"}],"wp:featuredmedia":[{"embeddable":true,"href":"https:\/\/ofm4x4.com\/fr\/wp-json\/wp\/v2\/media\/34063"}],"wp:attachment":[{"href":"https:\/\/ofm4x4.com\/fr\/wp-json\/wp\/v2\/media?parent=41459"}],"wp:term":[{"taxonomy":"product_brand","embeddable":true,"href":"https:\/\/ofm4x4.com\/fr\/wp-json\/wp\/v2\/product_brand?post=41459"},{"taxonomy":"product_cat","embeddable":true,"href":"https:\/\/ofm4x4.com\/fr\/wp-json\/wp\/v2\/product_cat?post=41459"},{"taxonomy":"product_tag","embeddable":true,"href":"https:\/\/ofm4x4.com\/fr\/wp-json\/wp\/v2\/product_tag?post=41459"}],"curies":[{"name":"wp","href":"https:\/\/api.w.org\/{rel}","templated":true}]}}