{"id":41580,"date":"2020-10-05T07:54:01","date_gmt":"2020-10-05T07:54:01","guid":{"rendered":"https:\/\/ofm4x4.com\/shop\/non%20class\u00e9\/treuil-grizzly-electrique-8-500-lbs-1501-avec-cable-en-acier\/"},"modified":"2025-09-24T09:33:58","modified_gmt":"2025-09-24T09:33:58","slug":"treuil-grizzly-electrique-8-500-lbs-1501-avec-cable-en-acier","status":"publish","type":"product","link":"https:\/\/ofm4x4.com\/fr\/shop\/treuils-electriques\/treuil-grizzly-electrique-8-500-lbs-1501-avec-cable-en-acier\/","title":{"rendered":"Treuil Grizzly \u00e9lectrique 8.500 lbs 150:1 avec c\u00e2ble en acier"},"content":{"rendered":"<p><strong data-start=\"0\" data-end=\"66\">Treuil \u00e9lectrique 8.500 lbs 150:1 Treuil Grizzly avec c\u00e2ble en acier<\/strong><\/p>\n<p><strong data-start=\"0\" data-end=\"20\" data-is-only-node=\"\">Capacit\u00e9 de remorquage :<\/strong> 8500 lbs [3855 kg]<br data-start=\"39\" data-end=\"42\"><strong data-start=\"42\" data-end=\"52\">C\u00e2ble :<\/strong> Acier, 18 m x \u00d8 8 mm<br data-start=\"73\" data-end=\"76\"><strong data-start=\"76\" data-end=\"95\">Module de contr\u00f4le :<\/strong> Position fixe [centrale]<br data-start=\"120\" data-end=\"123\"><strong data-start=\"123\" data-end=\"133\">Moteur :<\/strong> 5,2 CV [3,9 kW]<br data-start=\"149\" data-end=\"152\"><strong data-start=\"152\" data-end=\"164\">Tension :<\/strong> 12V<br data-start=\"168\" data-end=\"171\"><strong data-start=\"171\" data-end=\"187\">Syst\u00e8me d&rsquo;engrenage :<\/strong> Plan\u00e9taire \u00e0 trois \u00e9tages<br data-start=\"209\" data-end=\"212\"><strong data-start=\"212\" data-end=\"227\">Rapport de d\u00e9multiplication :<\/strong> 150:1<br data-start=\"233\" data-end=\"236\"><strong data-start=\"236\" data-end=\"247\">Embrayage :<\/strong> Engagement\/d\u00e9sengagement manuel<br data-start=\"271\" data-end=\"274\"><strong data-start=\"274\" data-end=\"284\">Frein :<\/strong> Automatique<br data-start=\"294\" data-end=\"297\"><strong data-start=\"297\" data-end=\"310\">Chaumard :<\/strong> Croupion en aluminium<br data-start=\"325\" data-end=\"328\"><strong data-start=\"328\" data-end=\"347\">T\u00e9l\u00e9commande :<\/strong> Avec ou sans fil<br data-start=\"366\" data-end=\"369\"><strong data-start=\"369\" data-end=\"390\">Dimensions du treuil :<\/strong> 435 mm x 162 mm x 185 mm<br data-start=\"415\" data-end=\"418\"><strong data-start=\"418\" data-end=\"435\">Poids du treuil :<\/strong> 29 kg<br data-start=\"441\" data-end=\"444\"><strong data-start=\"444\" data-end=\"470\">Sch\u00e9ma des boulons de montage :<\/strong> 165 mm x 114,3 mm<br data-start=\"488\" data-end=\"491\"><strong data-start=\"491\" data-end=\"514\">Charge maximale du c\u00e2ble :<\/strong> 3630 kg<\/p>\n","protected":false},"excerpt":{"rendered":"<p><strong data-start=\"0\" data-end=\"66\">Treuil \u00e9lectrique 8.500 lbs 150:1 Treuil Grizzly avec c\u00e2ble en acier<\/strong><\/p>\n","protected":false},"featured_media":34071,"comment_status":"open","ping_status":"closed","template":"","meta":[],"product_brand":[1308],"product_cat":[4595],"product_tag":[4484,4485,3738,3739,3740],"class_list":{"0":"post-41580","1":"product","2":"type-product","3":"status-publish","4":"has-post-thumbnail","6":"product_brand-grizzly-winch","7":"product_cat-treuils-electriques","8":"product_tag-1501-fr","9":"product_tag-8-500-lbs-fr","10":"product_tag-electric-winch-fr","11":"product_tag-grizzly-winch-fr","12":"product_tag-steel-cable-fr","13":"product_shipping_class-alte-produse-fr","15":"first","16":"instock","17":"taxable","18":"shipping-taxable","19":"purchasable","20":"product-type-simple"},"_links":{"self":[{"href":"https:\/\/ofm4x4.com\/fr\/wp-json\/wp\/v2\/product\/41580","targetHints":{"allow":["GET"]}}],"collection":[{"href":"https:\/\/ofm4x4.com\/fr\/wp-json\/wp\/v2\/product"}],"about":[{"href":"https:\/\/ofm4x4.com\/fr\/wp-json\/wp\/v2\/types\/product"}],"replies":[{"embeddable":true,"href":"https:\/\/ofm4x4.com\/fr\/wp-json\/wp\/v2\/comments?post=41580"}],"version-history":[{"count":1,"href":"https:\/\/ofm4x4.com\/fr\/wp-json\/wp\/v2\/product\/41580\/revisions"}],"predecessor-version":[{"id":41618,"href":"https:\/\/ofm4x4.com\/fr\/wp-json\/wp\/v2\/product\/41580\/revisions\/41618"}],"wp:featuredmedia":[{"embeddable":true,"href":"https:\/\/ofm4x4.com\/fr\/wp-json\/wp\/v2\/media\/34071"}],"wp:attachment":[{"href":"https:\/\/ofm4x4.com\/fr\/wp-json\/wp\/v2\/media?parent=41580"}],"wp:term":[{"taxonomy":"product_brand","embeddable":true,"href":"https:\/\/ofm4x4.com\/fr\/wp-json\/wp\/v2\/product_brand?post=41580"},{"taxonomy":"product_cat","embeddable":true,"href":"https:\/\/ofm4x4.com\/fr\/wp-json\/wp\/v2\/product_cat?post=41580"},{"taxonomy":"product_tag","embeddable":true,"href":"https:\/\/ofm4x4.com\/fr\/wp-json\/wp\/v2\/product_tag?post=41580"}],"curies":[{"name":"wp","href":"https:\/\/api.w.org\/{rel}","templated":true}]}}