{"id":41738,"date":"2020-10-30T09:51:25","date_gmt":"2020-10-30T09:51:25","guid":{"rendered":"https:\/\/ofm4x4.com\/shop\/non%20class\u00e9\/ofm096-entretoises-de-roues-30mm-5x120-m14x1-5-cb70-1-avec-anneau-de-centrage-pour-land-rover-disco-2-range-rover\/"},"modified":"2025-09-24T09:34:32","modified_gmt":"2025-09-24T09:34:32","slug":"ofm096-entretoises-de-roues-30mm-5x120-m14x1-5-cb70-1-avec-anneau-de-centrage-pour-land-rover-disco-2-range-rover","status":"publish","type":"product","link":"https:\/\/ofm4x4.com\/fr\/shop\/cales-de-roue\/ofm096-entretoises-de-roues-30mm-5x120-m14x1-5-cb70-1-avec-anneau-de-centrage-pour-land-rover-disco-2-range-rover\/","title":{"rendered":"OFM096 Entretoises de roues 30mm 5&#215;120 M14x1.5 CB70.1 avec anneau de centrage pour Land Rover, Disco 2, Range Rover"},"content":{"rendered":"<p data-start=\"0\" data-end=\"209\">Les brides d&rsquo;\u00e9cartement des roues sont fabriqu\u00e9es en duralumin sp\u00e9cial et r\u00e9pondent aux exigences de qualit\u00e9 et de s\u00e9curit\u00e9 requises. Elles am\u00e9liorent la stabilit\u00e9 du v\u00e9hicule apr\u00e8s le levage en installant une suspension et des roues plus grandes. <\/p>\n<ul>\n<li data-start=\"211\" data-end=\"335\">Anneau de centrage : Oui<\/li>\n<li data-start=\"211\" data-end=\"335\">\u00c9paisseur : 30mm<\/li>\n<li data-start=\"211\" data-end=\"335\">Montage : M14 x 1,5<\/li>\n<li data-start=\"211\" data-end=\"335\">PCD : 5 x 120<\/li>\n<li data-start=\"211\" data-end=\"335\">Mat\u00e9riau : Aluminium<\/li>\n<li data-start=\"211\" data-end=\"335\">CB : 70,1<\/li>\n<li data-start=\"211\" data-end=\"335\">Mod\u00e8le : OFM096<\/li>\n<\/ul>\n<p data-start=\"337\" data-end=\"369\" data-is-last-node=\"\" data-is-only-node=\"\">Le prix est pour une seule pi\u00e8ce !<\/p>\n","protected":false},"excerpt":{"rendered":"<p>Entretoise de roue 30mm 5&#215;120 M14x1.5 CB70.1 avec anneau de centrage pour Land Rover, Disco II, Range Rover<\/p>\n<p>&nbsp;<\/p>\n<p>&nbsp;<\/p>\n","protected":false},"featured_media":37259,"comment_status":"open","ping_status":"closed","template":"","meta":[],"product_brand":[1279],"product_cat":[4610],"product_tag":[4002,4362,4363,3762,4364,3652,4153,4365,4366],"class_list":{"0":"post-41738","1":"product","2":"type-product","3":"status-publish","4":"has-post-thumbnail","6":"product_brand-ofm4x4","7":"product_cat-cales-de-roue","8":"product_tag-30mm-fr","9":"product_tag-5x120-fr","10":"product_tag-cb70-1-fr","11":"product_tag-centering-ring-fr","12":"product_tag-disco-ii-fr","13":"product_tag-entretoises-de-roue","14":"product_tag-land-rover-fr","15":"product_tag-m14x1-5-fr","16":"product_tag-range-rover-fr","17":"product_shipping_class-produse-usoare-set-fr","19":"first","20":"instock","21":"taxable","22":"shipping-taxable","23":"purchasable","24":"product-type-simple"},"_links":{"self":[{"href":"https:\/\/ofm4x4.com\/fr\/wp-json\/wp\/v2\/product\/41738","targetHints":{"allow":["GET"]}}],"collection":[{"href":"https:\/\/ofm4x4.com\/fr\/wp-json\/wp\/v2\/product"}],"about":[{"href":"https:\/\/ofm4x4.com\/fr\/wp-json\/wp\/v2\/types\/product"}],"replies":[{"embeddable":true,"href":"https:\/\/ofm4x4.com\/fr\/wp-json\/wp\/v2\/comments?post=41738"}],"version-history":[{"count":1,"href":"https:\/\/ofm4x4.com\/fr\/wp-json\/wp\/v2\/product\/41738\/revisions"}],"predecessor-version":[{"id":41752,"href":"https:\/\/ofm4x4.com\/fr\/wp-json\/wp\/v2\/product\/41738\/revisions\/41752"}],"wp:featuredmedia":[{"embeddable":true,"href":"https:\/\/ofm4x4.com\/fr\/wp-json\/wp\/v2\/media\/37259"}],"wp:attachment":[{"href":"https:\/\/ofm4x4.com\/fr\/wp-json\/wp\/v2\/media?parent=41738"}],"wp:term":[{"taxonomy":"product_brand","embeddable":true,"href":"https:\/\/ofm4x4.com\/fr\/wp-json\/wp\/v2\/product_brand?post=41738"},{"taxonomy":"product_cat","embeddable":true,"href":"https:\/\/ofm4x4.com\/fr\/wp-json\/wp\/v2\/product_cat?post=41738"},{"taxonomy":"product_tag","embeddable":true,"href":"https:\/\/ofm4x4.com\/fr\/wp-json\/wp\/v2\/product_tag?post=41738"}],"curies":[{"name":"wp","href":"https:\/\/api.w.org\/{rel}","templated":true}]}}