{"id":41753,"date":"2020-10-30T09:40:00","date_gmt":"2020-10-30T09:40:00","guid":{"rendered":"https:\/\/ofm4x4.com\/shop\/non%20class\u00e9\/ofm100-entretoises-de-roues-brides-30mm-5x139-7-m12x1-25mm-pour-suzuki-lada-niva\/"},"modified":"2025-09-24T09:34:33","modified_gmt":"2025-09-24T09:34:33","slug":"ofm100-entretoises-de-roues-brides-30mm-5x139-7-m12x1-25mm-pour-suzuki-lada-niva","status":"publish","type":"product","link":"https:\/\/ofm4x4.com\/fr\/shop\/cales-de-roue\/ofm100-entretoises-de-roues-brides-30mm-5x139-7-m12x1-25mm-pour-suzuki-lada-niva\/","title":{"rendered":"OFM100 Entretoises de roues Brides 30mm 5&#215;139.7 M12x1.25mm pour Suzuki, Lada Niva"},"content":{"rendered":"<p data-start=\"0\" data-end=\"209\">Les brides d&rsquo;\u00e9cartement des roues sont fabriqu\u00e9es en duralumin sp\u00e9cial et r\u00e9pondent aux exigences de qualit\u00e9 et de s\u00e9curit\u00e9 requises. Elles am\u00e9liorent la stabilit\u00e9 du v\u00e9hicule apr\u00e8s le levage en installant une suspension et des roues plus grandes. <\/p>\n<ul>\n<li data-start=\"211\" data-end=\"338\">Anneau de centrage : Non<\/li>\n<li data-start=\"211\" data-end=\"338\">\u00c9paisseur : 30mm<\/li>\n<li data-start=\"211\" data-end=\"338\">Montage : M12 x 1,25<\/li>\n<li data-start=\"211\" data-end=\"338\">PCD : 5 x 139,7<\/li>\n<li data-start=\"211\" data-end=\"338\">Mat\u00e9riau : Aluminium<\/li>\n<li data-start=\"211\" data-end=\"338\">CB : 108,1<\/li>\n<li data-start=\"211\" data-end=\"338\">Mod\u00e8le : OFM100<\/li>\n<\/ul>\n<p data-start=\"340\" data-end=\"460\">Diam\u00e8tre int\u00e9rieur : 108 mm<br data-start=\"362\" data-end=\"365\">Diam\u00e8tre ext\u00e9rieur : 139,7 mm<br data-start=\"389\" data-end=\"392\">Longueur du boulon : 40 mm<br data-start=\"410\" data-end=\"413\">\u00c9paisseur de la bride : 30 mm<br data-start=\"436\" data-end=\"439\">Pas du boulon : 1,25 mm<\/p>\n<p data-start=\"462\" data-end=\"609\" data-is-last-node=\"\" data-is-only-node=\"\">Compatible avec : Suzuki Vitara, Grand Vitara 1, Suzuki Samurai, Suzuki Jimny, Suzuki SJ, Suzuki X90, Lada Niva (CB : 98.5 &#8211; n\u00e9cessite une bague de centrage)<\/p>\n","protected":false},"excerpt":{"rendered":"<p>Entretoise de roue 30mm 5&#215;139.7 M12x1.25mm pour Suzuki, Lada Niva<\/p>\n","protected":false},"featured_media":37289,"comment_status":"open","ping_status":"closed","template":"","meta":[],"product_brand":[1279],"product_cat":[4610],"product_tag":[4002,3660,3652,3649,3656,3650],"class_list":{"0":"post-41753","1":"product","2":"type-product","3":"status-publish","4":"has-post-thumbnail","6":"product_brand-ofm4x4","7":"product_cat-cales-de-roue","8":"product_tag-30mm-fr","9":"product_tag-5x139-7-fr","10":"product_tag-entretoises-de-roue","11":"product_tag-lada-niva-fr","12":"product_tag-m12x125mm","13":"product_tag-suzuki-fr","14":"product_shipping_class-produse-usoare-set-fr","16":"first","17":"outofstock","18":"taxable","19":"shipping-taxable","20":"purchasable","21":"product-type-simple"},"_links":{"self":[{"href":"https:\/\/ofm4x4.com\/fr\/wp-json\/wp\/v2\/product\/41753","targetHints":{"allow":["GET"]}}],"collection":[{"href":"https:\/\/ofm4x4.com\/fr\/wp-json\/wp\/v2\/product"}],"about":[{"href":"https:\/\/ofm4x4.com\/fr\/wp-json\/wp\/v2\/types\/product"}],"replies":[{"embeddable":true,"href":"https:\/\/ofm4x4.com\/fr\/wp-json\/wp\/v2\/comments?post=41753"}],"version-history":[{"count":1,"href":"https:\/\/ofm4x4.com\/fr\/wp-json\/wp\/v2\/product\/41753\/revisions"}],"predecessor-version":[{"id":41760,"href":"https:\/\/ofm4x4.com\/fr\/wp-json\/wp\/v2\/product\/41753\/revisions\/41760"}],"wp:featuredmedia":[{"embeddable":true,"href":"https:\/\/ofm4x4.com\/fr\/wp-json\/wp\/v2\/media\/37289"}],"wp:attachment":[{"href":"https:\/\/ofm4x4.com\/fr\/wp-json\/wp\/v2\/media?parent=41753"}],"wp:term":[{"taxonomy":"product_brand","embeddable":true,"href":"https:\/\/ofm4x4.com\/fr\/wp-json\/wp\/v2\/product_brand?post=41753"},{"taxonomy":"product_cat","embeddable":true,"href":"https:\/\/ofm4x4.com\/fr\/wp-json\/wp\/v2\/product_cat?post=41753"},{"taxonomy":"product_tag","embeddable":true,"href":"https:\/\/ofm4x4.com\/fr\/wp-json\/wp\/v2\/product_tag?post=41753"}],"curies":[{"name":"wp","href":"https:\/\/api.w.org\/{rel}","templated":true}]}}