{"id":41840,"date":"2020-10-30T09:55:58","date_gmt":"2020-10-30T09:55:58","guid":{"rendered":"https:\/\/ofm4x4.com\/shop\/non%20class\u00e9\/ofm098-entretoises-de-roues-brides-30mm-5x127-m12x1-5mm-cb71-6-pour-jeep\/"},"modified":"2025-09-24T09:35:12","modified_gmt":"2025-09-24T09:35:12","slug":"ofm098-entretoises-de-roues-brides-30mm-5x127-m12x1-5mm-cb71-6-pour-jeep","status":"publish","type":"product","link":"https:\/\/ofm4x4.com\/fr\/shop\/cales-de-roue\/ofm098-entretoises-de-roues-brides-30mm-5x127-m12x1-5mm-cb71-6-pour-jeep\/","title":{"rendered":"OFM098 Entretoises de roues Brides 30mm 5&#215;127 M12x1.5mm CB71.6 pour Jeep"},"content":{"rendered":"<p data-start=\"0\" data-end=\"209\">Les brides d&rsquo;\u00e9cartement des roues sont fabriqu\u00e9es en duralumin sp\u00e9cial et r\u00e9pondent aux exigences de qualit\u00e9 et de s\u00e9curit\u00e9 requises. Elles am\u00e9liorent la stabilit\u00e9 du v\u00e9hicule apr\u00e8s le levage en installant une suspension et des roues plus grandes. <\/p>\n<ul>\n<li data-start=\"211\" data-end=\"330\">Anneau de centrage : Non<\/li>\n<li data-start=\"211\" data-end=\"330\">\u00c9paisseur : 30mm<\/li>\n<li data-start=\"211\" data-end=\"330\">Montage : M 1\/2<\/li>\n<li data-start=\"211\" data-end=\"330\">PCD : 5 x 127<\/li>\n<li data-start=\"211\" data-end=\"330\">Mat\u00e9riau : Aluminium<\/li>\n<li data-start=\"211\" data-end=\"330\">CB : 71,6<\/li>\n<li data-start=\"211\" data-end=\"330\">Mod\u00e8le : OFM098<\/li>\n<\/ul>\n<p data-start=\"332\" data-end=\"391\">Compatible avec : Jeep Wrangler, Grand Cherokee, Commander<\/p>\n<p data-start=\"393\" data-end=\"425\" data-is-last-node=\"\" data-is-only-node=\"\">Le prix est pour une seule pi\u00e8ce !<\/p>\n","protected":false},"excerpt":{"rendered":"<p>Entretoise de roue 30mm 5&#215;127 M1\/2 CB 71.6 pour Jeep<\/p>\n","protected":false},"featured_media":37232,"comment_status":"open","ping_status":"closed","template":"","meta":[],"product_brand":[1279],"product_cat":[4610],"product_tag":[4002,4350,4351,3652,3726,4352],"class_list":{"0":"post-41840","1":"product","2":"type-product","3":"status-publish","4":"has-post-thumbnail","6":"product_brand-ofm4x4","7":"product_cat-cales-de-roue","8":"product_tag-30mm-fr","9":"product_tag-5x127-fr","10":"product_tag-cb-71-6-fr","11":"product_tag-entretoises-de-roue","12":"product_tag-jeep-fr","13":"product_tag-m1-2-fr","14":"product_shipping_class-produse-usoare-set-fr","16":"first","17":"instock","18":"taxable","19":"shipping-taxable","20":"purchasable","21":"product-type-simple"},"_links":{"self":[{"href":"https:\/\/ofm4x4.com\/fr\/wp-json\/wp\/v2\/product\/41840","targetHints":{"allow":["GET"]}}],"collection":[{"href":"https:\/\/ofm4x4.com\/fr\/wp-json\/wp\/v2\/product"}],"about":[{"href":"https:\/\/ofm4x4.com\/fr\/wp-json\/wp\/v2\/types\/product"}],"replies":[{"embeddable":true,"href":"https:\/\/ofm4x4.com\/fr\/wp-json\/wp\/v2\/comments?post=41840"}],"version-history":[{"count":1,"href":"https:\/\/ofm4x4.com\/fr\/wp-json\/wp\/v2\/product\/41840\/revisions"}],"predecessor-version":[{"id":41847,"href":"https:\/\/ofm4x4.com\/fr\/wp-json\/wp\/v2\/product\/41840\/revisions\/41847"}],"wp:featuredmedia":[{"embeddable":true,"href":"https:\/\/ofm4x4.com\/fr\/wp-json\/wp\/v2\/media\/37232"}],"wp:attachment":[{"href":"https:\/\/ofm4x4.com\/fr\/wp-json\/wp\/v2\/media?parent=41840"}],"wp:term":[{"taxonomy":"product_brand","embeddable":true,"href":"https:\/\/ofm4x4.com\/fr\/wp-json\/wp\/v2\/product_brand?post=41840"},{"taxonomy":"product_cat","embeddable":true,"href":"https:\/\/ofm4x4.com\/fr\/wp-json\/wp\/v2\/product_cat?post=41840"},{"taxonomy":"product_tag","embeddable":true,"href":"https:\/\/ofm4x4.com\/fr\/wp-json\/wp\/v2\/product_tag?post=41840"}],"curies":[{"name":"wp","href":"https:\/\/api.w.org\/{rel}","templated":true}]}}