{"id":41841,"date":"2021-06-09T12:56:13","date_gmt":"2021-06-09T12:56:13","guid":{"rendered":"https:\/\/ofm4x4.com\/shop\/non%20class\u00e9\/ofm4x4-corde-de-treuil-en-plasma-synthetique-rouge-avec-crochet-12mm-x-50m\/"},"modified":"2025-09-24T09:35:12","modified_gmt":"2025-09-24T09:35:12","slug":"ofm4x4-corde-de-treuil-en-plasma-synthetique-rouge-avec-crochet-12mm-x-50m","status":"publish","type":"product","link":"https:\/\/ofm4x4.com\/fr\/shop\/recuperation\/ofm4x4-corde-de-treuil-en-plasma-synthetique-rouge-avec-crochet-12mm-x-50m\/","title":{"rendered":"OFM4X4 Corde de treuil en plasma synth\u00e9tique rouge avec crochet 12mm x 50m"},"content":{"rendered":"<p data-start=\"0\" data-end=\"54\"><strong>OFM4X4 Corde synth\u00e9tique rouge pour treuil \u00e0 plasma avec crochet 12mm x 50m<\/strong><\/p>\n<h3 data-start=\"56\" data-end=\"75\"><strong data-start=\"60\" data-end=\"73\">Caract\u00e9ristiques :<\/strong><\/h3>\n<ul data-start=\"76\" data-end=\"500\" data-is-last-node=\"\">\n<li data-start=\"76\" data-end=\"145\"><strong data-start=\"78\" data-end=\"98\">Recommand\u00e9 pour :<\/strong> Treuils pour v\u00e9hicules tout-terrain (10 000-20 000 lbs)<\/li>\n<li data-start=\"146\" data-end=\"164\"><strong data-start=\"148\" data-end=\"158\">Couleur :<\/strong> Rouge<\/li>\n<li data-start=\"165\" data-end=\"189\"><strong data-start=\"167\" data-end=\"180\">Mat\u00e9riau :<\/strong> UHMWPE<\/li>\n<li data-start=\"190\" data-end=\"216\"><strong data-start=\"192\" data-end=\"210\">Crochet inclus :<\/strong> Oui<\/li>\n<li data-start=\"217\" data-end=\"253\"><strong data-start=\"219\" data-end=\"241\">R\u00e9sistance \u00e0 la rupture :<\/strong> 10 500 kg<\/li>\n<li data-start=\"254\" data-end=\"500\" data-is-last-node=\"\"><strong data-start=\"256\" data-end=\"275\">Principaux avantages :<\/strong>\n<ul data-start=\"280\" data-end=\"500\" data-is-last-node=\"\">\n<li data-start=\"280\" data-end=\"330\">L\u00e9ger &#8211; 6 fois plus l\u00e9ger qu&rsquo;un c\u00e2ble en acier<\/li>\n<li data-start=\"333\" data-end=\"368\">70% plus r\u00e9sistant qu&rsquo;un c\u00e2ble en acier<\/li>\n<li data-start=\"371\" data-end=\"401\">R\u00e9sistant \u00e0 l&rsquo;huile et \u00e0 l&rsquo;eau<\/li>\n<li data-start=\"404\" data-end=\"467\">Performances exceptionnelles dans des conditions s\u00e8ches, humides ou froides<\/li>\n<li data-start=\"470\" data-end=\"500\" data-is-last-node=\"\">\u00c9tirement minimal sous charge<\/li>\n<\/ul>\n<\/li>\n<\/ul>\n","protected":false},"excerpt":{"rendered":"<p><strong>OFM4X4<\/strong> Corde synth\u00e9tique rouge pour treuil \u00e0 plasma avec crochet 12mm x 50m<\/p>\n","protected":false},"featured_media":33954,"comment_status":"open","ping_status":"closed","template":"","meta":[],"product_brand":[1279],"product_cat":[4658],"product_tag":[4287,3592,3591,4288],"class_list":{"0":"post-41841","1":"product","2":"type-product","3":"status-publish","4":"has-post-thumbnail","6":"product_brand-ofm4x4","7":"product_cat-recuperation","8":"product_tag-12mm-x-50m-fr","9":"product_tag-cable-de-treuil-avec-crochet","10":"product_tag-ofm4x4-fr","11":"product_tag-red-synthetic-plasma-fr","12":"product_shipping_class-alte-produse-fr","14":"first","15":"instock","16":"taxable","17":"shipping-taxable","18":"purchasable","19":"product-type-simple"},"_links":{"self":[{"href":"https:\/\/ofm4x4.com\/fr\/wp-json\/wp\/v2\/product\/41841","targetHints":{"allow":["GET"]}}],"collection":[{"href":"https:\/\/ofm4x4.com\/fr\/wp-json\/wp\/v2\/product"}],"about":[{"href":"https:\/\/ofm4x4.com\/fr\/wp-json\/wp\/v2\/types\/product"}],"replies":[{"embeddable":true,"href":"https:\/\/ofm4x4.com\/fr\/wp-json\/wp\/v2\/comments?post=41841"}],"version-history":[{"count":1,"href":"https:\/\/ofm4x4.com\/fr\/wp-json\/wp\/v2\/product\/41841\/revisions"}],"predecessor-version":[{"id":41844,"href":"https:\/\/ofm4x4.com\/fr\/wp-json\/wp\/v2\/product\/41841\/revisions\/41844"}],"wp:featuredmedia":[{"embeddable":true,"href":"https:\/\/ofm4x4.com\/fr\/wp-json\/wp\/v2\/media\/33954"}],"wp:attachment":[{"href":"https:\/\/ofm4x4.com\/fr\/wp-json\/wp\/v2\/media?parent=41841"}],"wp:term":[{"taxonomy":"product_brand","embeddable":true,"href":"https:\/\/ofm4x4.com\/fr\/wp-json\/wp\/v2\/product_brand?post=41841"},{"taxonomy":"product_cat","embeddable":true,"href":"https:\/\/ofm4x4.com\/fr\/wp-json\/wp\/v2\/product_cat?post=41841"},{"taxonomy":"product_tag","embeddable":true,"href":"https:\/\/ofm4x4.com\/fr\/wp-json\/wp\/v2\/product_tag?post=41841"}],"curies":[{"name":"wp","href":"https:\/\/api.w.org\/{rel}","templated":true}]}}