{"id":41860,"date":"2021-08-19T11:17:41","date_gmt":"2021-08-19T11:17:41","guid":{"rendered":"https:\/\/ofm4x4.com\/shop\/non%20class\u00e9\/ofm094-entretoise-de-roue-30mm-5x114-3-m12x1-5mm-avec-anneau-de-centrage-pour-toyota-rav4\/"},"modified":"2025-09-24T09:35:28","modified_gmt":"2025-09-24T09:35:28","slug":"ofm094-entretoise-de-roue-30mm-5x114-3-m12x1-5mm-avec-anneau-de-centrage-pour-toyota-rav4","status":"publish","type":"product","link":"https:\/\/ofm4x4.com\/fr\/shop\/cales-de-roue\/ofm094-entretoise-de-roue-30mm-5x114-3-m12x1-5mm-avec-anneau-de-centrage-pour-toyota-rav4\/","title":{"rendered":"OFM094 Entretoise de roue 30mm 5&#215;114.3 M12x1.5mm avec anneau de centrage pour Toyota RAV4"},"content":{"rendered":"<p data-start=\"0\" data-end=\"209\">Les brides d&rsquo;\u00e9cartement des roues sont fabriqu\u00e9es en duralumin sp\u00e9cial et r\u00e9pondent aux exigences de qualit\u00e9 et de s\u00e9curit\u00e9 requises. Elles am\u00e9liorent la stabilit\u00e9 du v\u00e9hicule apr\u00e8s le levage en installant une suspension et des roues plus grandes. <\/p>\n<ul>\n<li>Anneau de centrage : Oui<\/li>\n<li>\u00c9paisseur : 30mm<\/li>\n<li>Montage : M12 x 1,5<\/li>\n<li>PCD : 5 x 114,3<\/li>\n<li>Mat\u00e9riau : Aluminium<\/li>\n<li>CB : 60.1<\/li>\n<li>Mod\u00e8le : OFM 094<\/li>\n<\/ul>\n<p data-start=\"340\" data-end=\"363\" data-is-last-node=\"\" data-is-only-node=\"\">Le prix est par pi\u00e8ce.<\/p>\n","protected":false},"excerpt":{"rendered":"<p>Entretoise de roue 30mm 5&#215;114.3 M12x1.5mm avec anneau de centrage pour Toyota RAV4<\/p>\n","protected":false},"featured_media":37154,"comment_status":"open","ping_status":"closed","template":"","meta":[],"product_brand":[1279],"product_cat":[4610],"product_tag":[4002,4187,3762,3652,3688,4281],"class_list":{"0":"post-41860","1":"product","2":"type-product","3":"status-publish","4":"has-post-thumbnail","6":"product_brand-ofm4x4","7":"product_cat-cales-de-roue","8":"product_tag-30mm-fr","9":"product_tag-5x114-3-fr","10":"product_tag-centering-ring-fr","11":"product_tag-entretoises-de-roue","12":"product_tag-m12x15mm","13":"product_tag-toyota-rav4-fr","14":"product_shipping_class-produse-usoare-set-fr","16":"first","17":"instock","18":"taxable","19":"shipping-taxable","20":"purchasable","21":"product-type-simple"},"_links":{"self":[{"href":"https:\/\/ofm4x4.com\/fr\/wp-json\/wp\/v2\/product\/41860","targetHints":{"allow":["GET"]}}],"collection":[{"href":"https:\/\/ofm4x4.com\/fr\/wp-json\/wp\/v2\/product"}],"about":[{"href":"https:\/\/ofm4x4.com\/fr\/wp-json\/wp\/v2\/types\/product"}],"replies":[{"embeddable":true,"href":"https:\/\/ofm4x4.com\/fr\/wp-json\/wp\/v2\/comments?post=41860"}],"version-history":[{"count":1,"href":"https:\/\/ofm4x4.com\/fr\/wp-json\/wp\/v2\/product\/41860\/revisions"}],"predecessor-version":[{"id":41864,"href":"https:\/\/ofm4x4.com\/fr\/wp-json\/wp\/v2\/product\/41860\/revisions\/41864"}],"wp:featuredmedia":[{"embeddable":true,"href":"https:\/\/ofm4x4.com\/fr\/wp-json\/wp\/v2\/media\/37154"}],"wp:attachment":[{"href":"https:\/\/ofm4x4.com\/fr\/wp-json\/wp\/v2\/media?parent=41860"}],"wp:term":[{"taxonomy":"product_brand","embeddable":true,"href":"https:\/\/ofm4x4.com\/fr\/wp-json\/wp\/v2\/product_brand?post=41860"},{"taxonomy":"product_cat","embeddable":true,"href":"https:\/\/ofm4x4.com\/fr\/wp-json\/wp\/v2\/product_cat?post=41860"},{"taxonomy":"product_tag","embeddable":true,"href":"https:\/\/ofm4x4.com\/fr\/wp-json\/wp\/v2\/product_tag?post=41860"}],"curies":[{"name":"wp","href":"https:\/\/api.w.org\/{rel}","templated":true}]}}