{"id":41975,"date":"2021-08-19T12:02:45","date_gmt":"2021-08-19T12:02:45","guid":{"rendered":"https:\/\/ofm4x4.com\/shop\/non%20class\u00e9\/ofm4x4-cable-de-treuil-en-plasma-synthetique-gris-avec-crochet-6mm-x-28m\/"},"modified":"2025-09-24T09:36:17","modified_gmt":"2025-09-24T09:36:17","slug":"ofm4x4-cable-de-treuil-en-plasma-synthetique-gris-avec-crochet-6mm-x-28m","status":"publish","type":"product","link":"https:\/\/ofm4x4.com\/fr\/shop\/recuperation\/ofm4x4-cable-de-treuil-en-plasma-synthetique-gris-avec-crochet-6mm-x-28m\/","title":{"rendered":"OFM4X4 C\u00e2ble de treuil en plasma synth\u00e9tique gris avec crochet 6mm x 28m"},"content":{"rendered":"<p data-start=\"0\" data-end=\"52\"><strong data-start=\"0\" data-end=\"50\">Corde synth\u00e9tique grise avec crochet 6mm x 28m OFM4X4<\/strong><\/p>\n<ul data-start=\"54\" data-end=\"268\">\n<li data-start=\"54\" data-end=\"73\"><strong data-start=\"56\" data-end=\"66\">Couleur :<\/strong> Gris<\/li>\n<li data-start=\"74\" data-end=\"179\"><strong data-start=\"76\" data-end=\"177\">La couche ext\u00e9rieure en polyur\u00e9thane maintient la forme de la corde et lui assure une plus longue dur\u00e9e de vie.<\/strong><\/li>\n<li data-start=\"180\" data-end=\"213\"><strong data-start=\"182\" data-end=\"203\">R\u00e9sistance \u00e0 la traction :<\/strong> 3200 kg<\/li>\n<li data-start=\"214\" data-end=\"268\"><strong data-start=\"216\" data-end=\"266\">Compatible avec la plupart des treuils pour SUV, ATV et UTV<\/strong><\/li>\n<\/ul>\n<h3 data-start=\"270\" data-end=\"293\"><strong data-start=\"274\" data-end=\"291\">Caract\u00e9ristiques principales :<\/strong><\/h3>\n<ol data-start=\"294\" data-end=\"646\" data-is-last-node=\"\">\n<li data-start=\"294\" data-end=\"342\">Facile \u00e0 utiliser, sans effilochage ni bouts pointus.<\/li>\n<li data-start=\"343\" data-end=\"392\">Peut \u00eatre utilis\u00e9 \u00e0 des temp\u00e9ratures aussi basses que -20\u00b0C.<\/li>\n<li data-start=\"393\" data-end=\"492\">Extr\u00eamement l\u00e9ger, il flotte sur l&rsquo;eau, est peu \u00e9lastique et ne se tord pas lors de la traction.<\/li>\n<li data-start=\"493\" data-end=\"568\">Am\u00e9liorez votre treuil avec un c\u00e2ble plus r\u00e9sistant que les c\u00e2bles d&rsquo;acier traditionnels.<\/li>\n<li data-start=\"569\" data-end=\"646\" data-is-last-node=\"\">La gaine ext\u00e9rieure prot\u00e8ge contre les surfaces rugueuses ou tranchantes telles que les rochers.<\/li>\n<\/ol>\n","protected":false},"excerpt":{"rendered":"<p><strong>OFM4X4<\/strong> C\u00e2ble de treuil en plasma synth\u00e9tique gris avec crochet 6mm x 28m<\/p>\n","protected":false},"featured_media":33948,"comment_status":"open","ping_status":"closed","template":"","meta":[],"product_brand":[1279],"product_cat":[4658],"product_tag":[4249,3592,4048,3591],"class_list":{"0":"post-41975","1":"product","2":"type-product","3":"status-publish","4":"has-post-thumbnail","6":"product_brand-ofm4x4","7":"product_cat-recuperation","8":"product_tag-6mm-x-28m-fr","9":"product_tag-cable-de-treuil-avec-crochet","10":"product_tag-gray-synthetic-plasma-fr","11":"product_tag-ofm4x4-fr","12":"product_shipping_class-alte-produse-fr","14":"first","15":"instock","16":"taxable","17":"shipping-taxable","18":"purchasable","19":"product-type-simple"},"_links":{"self":[{"href":"https:\/\/ofm4x4.com\/fr\/wp-json\/wp\/v2\/product\/41975","targetHints":{"allow":["GET"]}}],"collection":[{"href":"https:\/\/ofm4x4.com\/fr\/wp-json\/wp\/v2\/product"}],"about":[{"href":"https:\/\/ofm4x4.com\/fr\/wp-json\/wp\/v2\/types\/product"}],"replies":[{"embeddable":true,"href":"https:\/\/ofm4x4.com\/fr\/wp-json\/wp\/v2\/comments?post=41975"}],"version-history":[{"count":1,"href":"https:\/\/ofm4x4.com\/fr\/wp-json\/wp\/v2\/product\/41975\/revisions"}],"predecessor-version":[{"id":41985,"href":"https:\/\/ofm4x4.com\/fr\/wp-json\/wp\/v2\/product\/41975\/revisions\/41985"}],"wp:featuredmedia":[{"embeddable":true,"href":"https:\/\/ofm4x4.com\/fr\/wp-json\/wp\/v2\/media\/33948"}],"wp:attachment":[{"href":"https:\/\/ofm4x4.com\/fr\/wp-json\/wp\/v2\/media?parent=41975"}],"wp:term":[{"taxonomy":"product_brand","embeddable":true,"href":"https:\/\/ofm4x4.com\/fr\/wp-json\/wp\/v2\/product_brand?post=41975"},{"taxonomy":"product_cat","embeddable":true,"href":"https:\/\/ofm4x4.com\/fr\/wp-json\/wp\/v2\/product_cat?post=41975"},{"taxonomy":"product_tag","embeddable":true,"href":"https:\/\/ofm4x4.com\/fr\/wp-json\/wp\/v2\/product_tag?post=41975"}],"curies":[{"name":"wp","href":"https:\/\/api.w.org\/{rel}","templated":true}]}}