{"id":42125,"date":"2022-08-24T10:09:40","date_gmt":"2022-08-24T10:09:40","guid":{"rendered":"https:\/\/ofm4x4.com\/shop\/non%20class\u00e9\/differentiel-a-blocage-electrique-tre-4x4-tr207\/"},"modified":"2025-09-24T09:36:44","modified_gmt":"2025-09-24T09:36:44","slug":"differentiel-a-blocage-electrique-tre-4x4-tr207","status":"publish","type":"product","link":"https:\/\/ofm4x4.com\/fr\/shop\/differentiel-autobloquant\/differentiel-a-blocage-electrique-tre-4x4-tr207\/","title":{"rendered":"Diff\u00e9rentiel \u00e0 blocage \u00e9lectrique TRE 4&#215;4 TR207"},"content":{"rendered":"<h2 data-start=\"81\" data-end=\"105\"><strong data-start=\"84\" data-end=\"105\">Garantie de 12 mois<\/strong><\/h2>\n<p data-start=\"23\" data-end=\"134\">Il est recommand\u00e9 d&rsquo;installer les pi\u00e8ces dans un service 4&#215;4 sp\u00e9cialis\u00e9, sinon vous risquez d&rsquo;endommager les produits !<\/p>\n<ul data-start=\"136\" data-end=\"586\" data-is-last-node=\"\">\n<li data-start=\"136\" data-end=\"170\">Assure une traction \u00e0 la demande \u00e0 100 %.<\/li>\n<li data-start=\"171\" data-end=\"220\">Ne n\u00e9cessite plus l&rsquo;utilisation d&rsquo;un compresseur d&rsquo;air<\/li>\n<li data-start=\"221\" data-end=\"246\">Am\u00e9lioration de la vitesse de traction<\/li>\n<li data-start=\"247\" data-end=\"380\">Le fonctionnement simple et pratique permet \u00e0 l&rsquo;utilisateur de se concentrer sur le terrain sans sacrifier le confort et la s\u00e9curit\u00e9 du si\u00e8ge du conducteur.<\/li>\n<li data-start=\"381\" data-end=\"455\">Extr\u00eamement durable et puissant &#8211; fabriqu\u00e9 avec des mat\u00e9riaux de la plus haute qualit\u00e9<\/li>\n<li data-start=\"456\" data-end=\"526\">Conception incroyablement simple et efficace, garantissant une fiabilit\u00e9 maximale<\/li>\n<li data-start=\"527\" data-end=\"586\" data-is-last-node=\"\">Test\u00e9 et prouv\u00e9 fiable dans plus de 80 pays \u00e0 travers le monde<\/li>\n<\/ul>\n","protected":false},"excerpt":{"rendered":"<p><strong>TR207<\/strong><\/p>\n<p>Diff\u00e9rentiel \u00e9lectrique verrouillable TRE 4&#215;4<\/p>\n","protected":false},"featured_media":33935,"comment_status":"open","ping_status":"closed","template":"","meta":[],"product_brand":[1233],"product_cat":[4583],"product_tag":[4167,4128,3704],"class_list":{"0":"post-42125","1":"product","2":"type-product","3":"status-publish","4":"has-post-thumbnail","6":"product_brand-tre-4x4","7":"product_cat-differentiel-autobloquant","8":"product_tag-electric-lockable-differential-fr","9":"product_tag-tr207-fr","10":"product_tag-tre-4x4-fr","11":"product_shipping_class-alte-produse-fr","13":"first","14":"instock","15":"taxable","16":"shipping-taxable","17":"purchasable","18":"product-type-simple"},"_links":{"self":[{"href":"https:\/\/ofm4x4.com\/fr\/wp-json\/wp\/v2\/product\/42125","targetHints":{"allow":["GET"]}}],"collection":[{"href":"https:\/\/ofm4x4.com\/fr\/wp-json\/wp\/v2\/product"}],"about":[{"href":"https:\/\/ofm4x4.com\/fr\/wp-json\/wp\/v2\/types\/product"}],"replies":[{"embeddable":true,"href":"https:\/\/ofm4x4.com\/fr\/wp-json\/wp\/v2\/comments?post=42125"}],"version-history":[{"count":1,"href":"https:\/\/ofm4x4.com\/fr\/wp-json\/wp\/v2\/product\/42125\/revisions"}],"predecessor-version":[{"id":42127,"href":"https:\/\/ofm4x4.com\/fr\/wp-json\/wp\/v2\/product\/42125\/revisions\/42127"}],"wp:featuredmedia":[{"embeddable":true,"href":"https:\/\/ofm4x4.com\/fr\/wp-json\/wp\/v2\/media\/33935"}],"wp:attachment":[{"href":"https:\/\/ofm4x4.com\/fr\/wp-json\/wp\/v2\/media?parent=42125"}],"wp:term":[{"taxonomy":"product_brand","embeddable":true,"href":"https:\/\/ofm4x4.com\/fr\/wp-json\/wp\/v2\/product_brand?post=42125"},{"taxonomy":"product_cat","embeddable":true,"href":"https:\/\/ofm4x4.com\/fr\/wp-json\/wp\/v2\/product_cat?post=42125"},{"taxonomy":"product_tag","embeddable":true,"href":"https:\/\/ofm4x4.com\/fr\/wp-json\/wp\/v2\/product_tag?post=42125"}],"curies":[{"name":"wp","href":"https:\/\/api.w.org\/{rel}","templated":true}]}}