{"id":42126,"date":"2020-04-23T09:03:44","date_gmt":"2020-04-23T09:03:44","guid":{"rendered":"https:\/\/ofm4x4.com\/shop\/non%20class\u00e9\/roue-en-acier-16x10j-6x139-7-et-50-off-road-pour-nissan-mitsubishi-toyota\/"},"modified":"2025-09-24T09:36:44","modified_gmt":"2025-09-24T09:36:44","slug":"roue-en-acier-16x10j-6x139-7-et-50-off-road-pour-nissan-mitsubishi-toyota","status":"publish","type":"product","link":"https:\/\/ofm4x4.com\/fr\/shop\/roues-en-acier\/roue-en-acier-16x10j-6x139-7-et-50-off-road-pour-nissan-mitsubishi-toyota\/","title":{"rendered":"Roue en acier 16x10J 6&#215;139.7 ET -50 Off-road pour Nissan, Mitsubishi, Toyota"},"content":{"rendered":"<div id=\"\\\" ali-anchor-alimagic-6rxnu8=\"\" class=\"\\\" magic-0=\"\" data-section=\"\\\"AliMagic-6rxnu8\\\"\" data-section-title=\"\\\"Product\" data-spm-anchor-id=\"\\\"a2700.details.pronpeci14.i0.7ae070497Niwca\\\"\">\n<p data-start=\"0\" data-end=\"21\"><strong data-start=\"0\" data-end=\"19\">Sp\u00e9cifications :<\/strong><\/p>\n<ul data-start=\"23\" data-end=\"199\">\n<li data-start=\"23\" data-end=\"44\"><strong data-start=\"25\" data-end=\"38\">Diam\u00e8tre :<\/strong> R16<\/li>\n<li data-start=\"45\" data-end=\"63\"><strong data-start=\"47\" data-end=\"57\">Largeur :<\/strong> 10J<\/li>\n<li data-start=\"64\" data-end=\"88\"><strong data-start=\"66\" data-end=\"82\">ET (d\u00e9calage) :<\/strong> -50<\/li>\n<li data-start=\"89\" data-end=\"126\"><strong data-start=\"91\" data-end=\"114\">PCD (sch\u00e9ma de boulonnage) :<\/strong> 6 x 139.7<\/li>\n<li data-start=\"127\" data-end=\"147\" data-is-only-node=\"\"><strong data-start=\"129\" data-end=\"139\">Couleur :<\/strong> Noir<\/li>\n<li data-start=\"148\" data-end=\"177\"><strong data-start=\"150\" data-end=\"171\">CB (Center Bore) :<\/strong> 110<\/li>\n<li data-start=\"178\" data-end=\"199\"><strong data-start=\"180\" data-end=\"190\">Mod\u00e8le :<\/strong> OFM006<\/li>\n<\/ul>\n<p data-start=\"201\" data-end=\"298\">\u26a0\ufe0f <strong data-start=\"204\" data-end=\"296\">Ces roues ne sont pas homologu\u00e9es pour une utilisation sur la voie publique et n&rsquo;ont pas de certification RAR.<\/strong><\/p>\n<p data-start=\"300\" data-end=\"353\">Ils sont con\u00e7us exclusivement pour une <strong data-start=\"334\" data-end=\"350\">utilisation hors route.<\/strong><\/p>\n<ul data-start=\"355\" data-end=\"777\" data-is-last-node=\"\" data-is-only-node=\"\">\n<li data-start=\"355\" data-end=\"488\"><strong data-start=\"357\" data-end=\"397\">Roues en acier \u00e0 d\u00e9coupe triangulaire<\/strong>, d&rsquo;un <strong data-start=\"411\" data-end=\"431\">diam\u00e8tre de 16 pouces<\/strong> et d&rsquo;une <strong data-start=\"436\" data-end=\"453\" data-is-only-node=\"\">largeur de 10 pouces<\/strong>, con\u00e7ues pour les v\u00e9hicules tout-terrain.<\/li>\n<li data-start=\"489\" data-end=\"575\">Le produit est <strong data-start=\"506\" data-end=\"532\">rev\u00eatu d&rsquo;une couche de poudre noire<\/strong>, ce qui accro\u00eet sa r\u00e9sistance aux rayures.<\/li>\n<li data-start=\"576\" data-end=\"777\" data-is-last-node=\"\">La jante pr\u00e9sente un <strong data-start=\"597\" data-end=\"618\">\u00e9paulement n\u00e9gatif<\/strong> qui positionne la roue plus \u00e0 l&rsquo;ext\u00e9rieur par rapport au moyeu, ce qui am\u00e9liore la <strong data-start=\"702\" data-end=\"715\">stabilit\u00e9 du<\/strong> v\u00e9hicule et offre <strong data-start=\"729\" data-end=\"776\">plus d&rsquo;espace pour les pneus tout-terrain surdimensionn\u00e9s<\/strong>.<\/li>\n<\/ul>\n<\/div>\n","protected":false},"excerpt":{"rendered":"<p data-start=\"0\" data-end=\"79\"><strong data-start=\"0\" data-end=\"77\">Roue en acier 16X10J 6&#215;139.7 ET -50 OFF ROAD pour Nissan, Mitsubishi, Toyota<\/strong><\/p>\n<p data-start=\"81\" data-end=\"178\">\u26a0\ufe0f <strong data-start=\"84\" data-end=\"176\">Ces roues ne sont pas homologu\u00e9es pour une utilisation sur la voie publique et n&rsquo;ont pas de certification RAR.<\/strong><\/p>\n<p data-start=\"180\" data-end=\"231\" data-is-last-node=\"\" data-is-only-node=\"\">Ils sont con\u00e7us exclusivement pour une <strong data-start=\"214\" data-end=\"230\">utilisation hors route.<\/strong><\/p>\n","protected":false},"featured_media":37469,"comment_status":"open","ping_status":"closed","template":"","meta":[],"product_brand":[1279],"product_cat":[4625],"product_tag":[4515,4510,3623],"class_list":{"0":"post-42126","1":"product","2":"type-product","3":"status-publish","4":"has-post-thumbnail","6":"product_brand-ofm4x4","7":"product_cat-roues-en-acier","8":"product_tag-16x10j-fr","9":"product_tag-6x139-7-et-50-fr","10":"product_tag-roue-en-acier","11":"product_shipping_class-alte-produse-fr","13":"first","14":"instock","15":"taxable","16":"shipping-taxable","17":"purchasable","18":"product-type-simple"},"_links":{"self":[{"href":"https:\/\/ofm4x4.com\/fr\/wp-json\/wp\/v2\/product\/42126","targetHints":{"allow":["GET"]}}],"collection":[{"href":"https:\/\/ofm4x4.com\/fr\/wp-json\/wp\/v2\/product"}],"about":[{"href":"https:\/\/ofm4x4.com\/fr\/wp-json\/wp\/v2\/types\/product"}],"replies":[{"embeddable":true,"href":"https:\/\/ofm4x4.com\/fr\/wp-json\/wp\/v2\/comments?post=42126"}],"version-history":[{"count":1,"href":"https:\/\/ofm4x4.com\/fr\/wp-json\/wp\/v2\/product\/42126\/revisions"}],"predecessor-version":[{"id":42146,"href":"https:\/\/ofm4x4.com\/fr\/wp-json\/wp\/v2\/product\/42126\/revisions\/42146"}],"wp:featuredmedia":[{"embeddable":true,"href":"https:\/\/ofm4x4.com\/fr\/wp-json\/wp\/v2\/media\/37469"}],"wp:attachment":[{"href":"https:\/\/ofm4x4.com\/fr\/wp-json\/wp\/v2\/media?parent=42126"}],"wp:term":[{"taxonomy":"product_brand","embeddable":true,"href":"https:\/\/ofm4x4.com\/fr\/wp-json\/wp\/v2\/product_brand?post=42126"},{"taxonomy":"product_cat","embeddable":true,"href":"https:\/\/ofm4x4.com\/fr\/wp-json\/wp\/v2\/product_cat?post=42126"},{"taxonomy":"product_tag","embeddable":true,"href":"https:\/\/ofm4x4.com\/fr\/wp-json\/wp\/v2\/product_tag?post=42126"}],"curies":[{"name":"wp","href":"https:\/\/api.w.org\/{rel}","templated":true}]}}