{"id":42199,"date":"2022-08-23T15:41:52","date_gmt":"2022-08-23T15:41:52","guid":{"rendered":"https:\/\/ofm4x4.com\/shop\/non%20class\u00e9\/ofm093-entretoise-de-roue-30mm-5x114-3-m12x1-5mm-avec-anneau-de-centrage-pour-jeep-patriot-mitsubishi-outlander-pinin\/"},"modified":"2025-09-24T09:36:57","modified_gmt":"2025-09-24T09:36:57","slug":"ofm093-entretoise-de-roue-30mm-5x114-3-m12x1-5mm-avec-anneau-de-centrage-pour-jeep-patriot-mitsubishi-outlander-pinin","status":"publish","type":"product","link":"https:\/\/ofm4x4.com\/fr\/shop\/cales-de-roue\/ofm093-entretoise-de-roue-30mm-5x114-3-m12x1-5mm-avec-anneau-de-centrage-pour-jeep-patriot-mitsubishi-outlander-pinin\/","title":{"rendered":"OFM093 Entretoise de roue 30mm 5&#215;114.3 M12x1.5mm avec anneau de centrage pour Jeep Patriot, Mitsubishi Outlander, Pinin"},"content":{"rendered":"<p data-start=\"0\" data-end=\"208\">Les entretoises de roues sont fabriqu\u00e9es en aluminium dur sp\u00e9cial et r\u00e9pondent aux normes de qualit\u00e9 et de s\u00e9curit\u00e9 requises. Elles am\u00e9liorent la stabilit\u00e9 du v\u00e9hicule apr\u00e8s l&rsquo;avoir soulev\u00e9 en installant une suspension et des roues plus grandes. <\/p>\n<ul>\n<li data-start=\"210\" data-end=\"333\">Anneau de centrage : OUI<\/li>\n<li data-start=\"210\" data-end=\"333\">\u00c9paisseur : 30mm<\/li>\n<li data-start=\"210\" data-end=\"333\">Filet : M12 x 1.5<\/li>\n<li data-start=\"210\" data-end=\"333\">PCD : 5 x 114,3<\/li>\n<li data-start=\"210\" data-end=\"333\">Mat\u00e9riau : Aluminium<\/li>\n<li data-start=\"210\" data-end=\"333\">CB : 67,1<\/li>\n<li data-start=\"210\" data-end=\"333\">Mod\u00e8le : OFM 093<\/li>\n<\/ul>\n<p data-start=\"335\" data-end=\"358\" data-is-last-node=\"\" data-is-only-node=\"\">Le prix est par pi\u00e8ce.<\/p>\n","protected":false},"excerpt":{"rendered":"<p>Entretoise de roue 30mm 5&#215;114.3 M12x1.5mm avec anneau de centrage pour Jeep Patriot, Mitsubishi Outlander, Pinin<\/p>\n","protected":false},"featured_media":37042,"comment_status":"open","ping_status":"closed","template":"","meta":[],"product_brand":[1279],"product_cat":[4610],"product_tag":[4002,4187,3762,3652,4188,3688,4189,4190],"class_list":{"0":"post-42199","1":"product","2":"type-product","3":"status-publish","4":"has-post-thumbnail","6":"product_brand-ofm4x4","7":"product_cat-cales-de-roue","8":"product_tag-30mm-fr","9":"product_tag-5x114-3-fr","10":"product_tag-centering-ring-fr","11":"product_tag-entretoises-de-roue","12":"product_tag-jeep-patriot-fr","13":"product_tag-m12x15mm","14":"product_tag-mitsubishi-outlander-fr","15":"product_tag-pinin-fr","16":"product_shipping_class-produse-usoare-set-fr","18":"first","19":"instock","20":"taxable","21":"shipping-taxable","22":"purchasable","23":"product-type-simple"},"_links":{"self":[{"href":"https:\/\/ofm4x4.com\/fr\/wp-json\/wp\/v2\/product\/42199","targetHints":{"allow":["GET"]}}],"collection":[{"href":"https:\/\/ofm4x4.com\/fr\/wp-json\/wp\/v2\/product"}],"about":[{"href":"https:\/\/ofm4x4.com\/fr\/wp-json\/wp\/v2\/types\/product"}],"replies":[{"embeddable":true,"href":"https:\/\/ofm4x4.com\/fr\/wp-json\/wp\/v2\/comments?post=42199"}],"version-history":[{"count":1,"href":"https:\/\/ofm4x4.com\/fr\/wp-json\/wp\/v2\/product\/42199\/revisions"}],"predecessor-version":[{"id":42202,"href":"https:\/\/ofm4x4.com\/fr\/wp-json\/wp\/v2\/product\/42199\/revisions\/42202"}],"wp:featuredmedia":[{"embeddable":true,"href":"https:\/\/ofm4x4.com\/fr\/wp-json\/wp\/v2\/media\/37042"}],"wp:attachment":[{"href":"https:\/\/ofm4x4.com\/fr\/wp-json\/wp\/v2\/media?parent=42199"}],"wp:term":[{"taxonomy":"product_brand","embeddable":true,"href":"https:\/\/ofm4x4.com\/fr\/wp-json\/wp\/v2\/product_brand?post=42199"},{"taxonomy":"product_cat","embeddable":true,"href":"https:\/\/ofm4x4.com\/fr\/wp-json\/wp\/v2\/product_cat?post=42199"},{"taxonomy":"product_tag","embeddable":true,"href":"https:\/\/ofm4x4.com\/fr\/wp-json\/wp\/v2\/product_tag?post=42199"}],"curies":[{"name":"wp","href":"https:\/\/api.w.org\/{rel}","templated":true}]}}