{"id":42207,"date":"2022-08-24T08:48:18","date_gmt":"2022-08-24T08:48:18","guid":{"rendered":"https:\/\/ofm4x4.com\/shop\/non%20class\u00e9\/roue-en-acier-15x10-et-44-5x114-3-cb-71-6-off-road-pour-jeep\/"},"modified":"2025-09-24T09:36:58","modified_gmt":"2025-09-24T09:36:58","slug":"roue-en-acier-15x10-et-44-5x114-3-cb-71-6-off-road-pour-jeep","status":"publish","type":"product","link":"https:\/\/ofm4x4.com\/fr\/shop\/roues-en-acier\/roue-en-acier-15x10-et-44-5x114-3-cb-71-6-off-road-pour-jeep\/","title":{"rendered":"Roue en acier 15X10 ET -44 5&#215;114.3 CB 71.6 Off-Road pour Jeep"},"content":{"rendered":"<div id=\"\\\" ali-anchor-alimagic-6rxnu8=\"\" class=\"\\\" magic-0=\"\" data-section=\"\\\"AliMagic-6rxnu8\\\"\" data-section-title=\"\\\"Product\" data-spm-anchor-id=\"\\\"a2700.details.pronpeci14.i0.7ae070497Niwca\\\"\">\n<h3 data-start=\"0\" data-end=\"21\">Sp\u00e9cifications :<\/h3>\n<ul data-start=\"23\" data-end=\"224\">\n<li data-start=\"23\" data-end=\"44\"><strong data-start=\"25\" data-end=\"38\">Diam\u00e8tre :<\/strong> R15<\/li>\n<li data-start=\"45\" data-end=\"63\"><strong data-start=\"47\" data-end=\"57\">Largeur :<\/strong> 10J<\/li>\n<li data-start=\"64\" data-end=\"88\"><strong data-start=\"66\" data-end=\"82\">ET (d\u00e9calage) :<\/strong> -44<\/li>\n<li data-start=\"89\" data-end=\"126\"><strong data-start=\"91\" data-end=\"114\">PCD (sch\u00e9ma de boulonnage) :<\/strong> 5 x 114.3<\/li>\n<li data-start=\"127\" data-end=\"171\"><strong data-start=\"129\" data-end=\"139\">Couleur :<\/strong> noir avec des lignes rouges et bleues<\/li>\n<li data-start=\"172\" data-end=\"202\"><strong data-start=\"174\" data-end=\"195\">CB (Center Bore) :<\/strong> 71.6<\/li>\n<li data-start=\"203\" data-end=\"224\"><strong data-start=\"205\" data-end=\"215\">Mod\u00e8le :<\/strong> OFM021<\/li>\n<\/ul>\n<p data-start=\"226\" data-end=\"381\">\u26a0\ufe0f Ces roues <strong data-start=\"246\" data-end=\"262\">ne<\/strong> sont <strong data-start=\"246\" data-end=\"262\">pas<\/strong> <strong data-start=\"291\" data-end=\"324\">homologu\u00e9es<\/strong> pour une utilisation sur la voie publique et <strong data-start=\"291\" data-end=\"324\">n&rsquo;ont pas de certification RAR<\/strong>.<br data-start=\"325\" data-end=\"328\">Elles sont con\u00e7ues exclusivement pour une <strong data-start=\"362\" data-end=\"378\">utilisation tout-terrain<\/strong>.<\/p>\n<ul data-start=\"383\" data-end=\"665\" data-is-last-node=\"\" data-is-only-node=\"\">\n<li data-start=\"383\" data-end=\"471\">Le produit est <strong data-start=\"400\" data-end=\"438\">peint en noir par \u00e9lectrostatique<\/strong>, ce qui am\u00e9liore la r\u00e9sistance aux rayures.<\/li>\n<li data-start=\"472\" data-end=\"665\" data-is-last-node=\"\">Le <strong data-start=\"478\" data-end=\"510\">talon a un \u00e9paulement n\u00e9gatif<\/strong>, ce qui positionne la roue plus \u00e0 l&rsquo;ext\u00e9rieur par rapport au moyeu, ce qui am\u00e9liore la stabilit\u00e9 du v\u00e9hicule et offre plus d&rsquo;espace pour les <strong data-start=\"636\" data-end=\"664\">pneus tout-terrain surdimensionn\u00e9s<\/strong>.<\/li>\n<\/ul>\n<\/div>\n","protected":false},"excerpt":{"rendered":"<p data-start=\"0\" data-end=\"64\"><strong data-start=\"0\" data-end=\"62\">Roue en acier 15X10 ET -44 5X114.3 CB 71.6 OFF-ROAD pour Jeep<\/strong><\/p>\n<p data-start=\"66\" data-end=\"167\">\u26a0\ufe0f Ces roues <strong data-start=\"86\" data-end=\"102\">ne<\/strong> sont pas <strong data-start=\"131\" data-end=\"164\">homologu\u00e9es<\/strong> pour une utilisation sur la voie publique et <strong data-start=\"131\" data-end=\"164\">n&rsquo;ont pas de certification RAR<\/strong>.<\/p>\n<p data-start=\"169\" data-end=\"220\" data-is-last-node=\"\" data-is-only-node=\"\">Ils sont con\u00e7us exclusivement pour une <strong data-start=\"203\" data-end=\"219\">utilisation hors route.<\/strong><\/p>\n","protected":false},"featured_media":37032,"comment_status":"open","ping_status":"closed","template":"","meta":[],"product_brand":[1279],"product_cat":[4625],"product_tag":[4177,4178,3623],"class_list":{"0":"post-42207","1":"product","2":"type-product","3":"status-publish","4":"has-post-thumbnail","6":"product_brand-ofm4x4","7":"product_cat-roues-en-acier","8":"product_tag-15x10-fr","9":"product_tag-et-44-5x114-3-cb-71-6-fr","10":"product_tag-roue-en-acier","11":"product_shipping_class-alte-produse-fr","13":"first","14":"instock","15":"taxable","16":"shipping-taxable","17":"purchasable","18":"product-type-simple"},"_links":{"self":[{"href":"https:\/\/ofm4x4.com\/fr\/wp-json\/wp\/v2\/product\/42207","targetHints":{"allow":["GET"]}}],"collection":[{"href":"https:\/\/ofm4x4.com\/fr\/wp-json\/wp\/v2\/product"}],"about":[{"href":"https:\/\/ofm4x4.com\/fr\/wp-json\/wp\/v2\/types\/product"}],"replies":[{"embeddable":true,"href":"https:\/\/ofm4x4.com\/fr\/wp-json\/wp\/v2\/comments?post=42207"}],"version-history":[{"count":1,"href":"https:\/\/ofm4x4.com\/fr\/wp-json\/wp\/v2\/product\/42207\/revisions"}],"predecessor-version":[{"id":42213,"href":"https:\/\/ofm4x4.com\/fr\/wp-json\/wp\/v2\/product\/42207\/revisions\/42213"}],"wp:featuredmedia":[{"embeddable":true,"href":"https:\/\/ofm4x4.com\/fr\/wp-json\/wp\/v2\/media\/37032"}],"wp:attachment":[{"href":"https:\/\/ofm4x4.com\/fr\/wp-json\/wp\/v2\/media?parent=42207"}],"wp:term":[{"taxonomy":"product_brand","embeddable":true,"href":"https:\/\/ofm4x4.com\/fr\/wp-json\/wp\/v2\/product_brand?post=42207"},{"taxonomy":"product_cat","embeddable":true,"href":"https:\/\/ofm4x4.com\/fr\/wp-json\/wp\/v2\/product_cat?post=42207"},{"taxonomy":"product_tag","embeddable":true,"href":"https:\/\/ofm4x4.com\/fr\/wp-json\/wp\/v2\/product_tag?post=42207"}],"curies":[{"name":"wp","href":"https:\/\/api.w.org\/{rel}","templated":true}]}}