{"id":42234,"date":"2022-08-23T15:22:22","date_gmt":"2022-08-23T15:22:22","guid":{"rendered":"https:\/\/ofm4x4.com\/shop\/non%20class\u00e9\/ofm112-entretoises-de-roues-brides-30mm-6x139-7-m12x1-25mm-cb-110-avec-bague-de-centrage-decoupee\/"},"modified":"2025-09-24T09:37:08","modified_gmt":"2025-09-24T09:37:08","slug":"ofm112-entretoises-de-roues-brides-30mm-6x139-7-m12x1-25mm-cb-110-avec-bague-de-centrage-decoupee","status":"publish","type":"product","link":"https:\/\/ofm4x4.com\/fr\/shop\/cales-de-roue\/ofm112-entretoises-de-roues-brides-30mm-6x139-7-m12x1-25mm-cb-110-avec-bague-de-centrage-decoupee\/","title":{"rendered":"OFM112 Entretoises de roues Brides 30mm 6&#215;139.7 M12x1.25mm CB 110 avec bague de centrage d\u00e9coup\u00e9e"},"content":{"rendered":"<p data-start=\"0\" data-end=\"208\">Les entretoises de roues sont fabriqu\u00e9es en aluminium dur sp\u00e9cial et r\u00e9pondent aux normes de qualit\u00e9 et de s\u00e9curit\u00e9 requises. Elles am\u00e9liorent la stabilit\u00e9 du v\u00e9hicule apr\u00e8s l&rsquo;avoir soulev\u00e9 en installant une suspension et des roues plus grandes. <\/p>\n<ul>\n<li data-start=\"210\" data-end=\"333\">Anneau de centrage : OUI<\/li>\n<li data-start=\"210\" data-end=\"333\">\u00c9paisseur : 30mm<\/li>\n<li data-start=\"210\" data-end=\"333\">Filet : M12 x 1,25<\/li>\n<li data-start=\"210\" data-end=\"333\">PCD : 6 x 139,7<\/li>\n<li data-start=\"210\" data-end=\"333\">Mat\u00e9riau : Aluminium<\/li>\n<li data-start=\"210\" data-end=\"333\">CB : 110<\/li>\n<li data-start=\"210\" data-end=\"333\">Mod\u00e8le : OFM 112<\/li>\n<\/ul>\n<p data-start=\"335\" data-end=\"358\" data-is-last-node=\"\" data-is-only-node=\"\">Le prix est par pi\u00e8ce.<\/p>\n","protected":false},"excerpt":{"rendered":"<p>Entretoise de roue 30mm 6&#215;139.7 M12x1.25mm CB 110 avec bague de centrage d\u00e9coup\u00e9e<\/p>\n","protected":false},"featured_media":37073,"comment_status":"open","ping_status":"closed","template":"","meta":[],"product_brand":[1279],"product_cat":[4610],"product_tag":[4002,3689,4209,3762,4210,3652,3656],"class_list":{"0":"post-42234","1":"product","2":"type-product","3":"status-publish","4":"has-post-thumbnail","6":"product_brand-ofm4x4","7":"product_cat-cales-de-roue","8":"product_tag-30mm-fr","9":"product_tag-6x139-7-fr","10":"product_tag-cb-110-fr","11":"product_tag-centering-ring-fr","12":"product_tag-cut-out-fr","13":"product_tag-entretoises-de-roue","14":"product_tag-m12x125mm","15":"product_shipping_class-produse-usoare-set-fr","17":"first","18":"instock","19":"taxable","20":"shipping-taxable","21":"purchasable","22":"product-type-simple"},"_links":{"self":[{"href":"https:\/\/ofm4x4.com\/fr\/wp-json\/wp\/v2\/product\/42234","targetHints":{"allow":["GET"]}}],"collection":[{"href":"https:\/\/ofm4x4.com\/fr\/wp-json\/wp\/v2\/product"}],"about":[{"href":"https:\/\/ofm4x4.com\/fr\/wp-json\/wp\/v2\/types\/product"}],"replies":[{"embeddable":true,"href":"https:\/\/ofm4x4.com\/fr\/wp-json\/wp\/v2\/comments?post=42234"}],"version-history":[{"count":1,"href":"https:\/\/ofm4x4.com\/fr\/wp-json\/wp\/v2\/product\/42234\/revisions"}],"predecessor-version":[{"id":42250,"href":"https:\/\/ofm4x4.com\/fr\/wp-json\/wp\/v2\/product\/42234\/revisions\/42250"}],"wp:featuredmedia":[{"embeddable":true,"href":"https:\/\/ofm4x4.com\/fr\/wp-json\/wp\/v2\/media\/37073"}],"wp:attachment":[{"href":"https:\/\/ofm4x4.com\/fr\/wp-json\/wp\/v2\/media?parent=42234"}],"wp:term":[{"taxonomy":"product_brand","embeddable":true,"href":"https:\/\/ofm4x4.com\/fr\/wp-json\/wp\/v2\/product_brand?post=42234"},{"taxonomy":"product_cat","embeddable":true,"href":"https:\/\/ofm4x4.com\/fr\/wp-json\/wp\/v2\/product_cat?post=42234"},{"taxonomy":"product_tag","embeddable":true,"href":"https:\/\/ofm4x4.com\/fr\/wp-json\/wp\/v2\/product_tag?post=42234"}],"curies":[{"name":"wp","href":"https:\/\/api.w.org\/{rel}","templated":true}]}}