{"id":42355,"date":"2022-08-23T14:58:31","date_gmt":"2022-08-23T14:58:31","guid":{"rendered":"https:\/\/ofm4x4.com\/shop\/non%20class\u00e9\/ofm109-entretoise-de-roue-50mm-5-x-139-7-m12x1-25mm-cb-108-avec-bague-de-centrage-pour-suzuki\/"},"modified":"2025-09-24T09:37:23","modified_gmt":"2025-09-24T09:37:23","slug":"ofm109-entretoise-de-roue-50mm-5-x-139-7-m12x1-25mm-cb-108-avec-bague-de-centrage-pour-suzuki","status":"publish","type":"product","link":"https:\/\/ofm4x4.com\/fr\/shop\/cales-de-roue\/ofm109-entretoise-de-roue-50mm-5-x-139-7-m12x1-25mm-cb-108-avec-bague-de-centrage-pour-suzuki\/","title":{"rendered":"OFM109 Entretoise de roue 50mm 5 x 139.7 M12x1.25mm CB 108 avec bague de centrage pour Suzuki"},"content":{"rendered":"<p data-start=\"0\" data-end=\"208\">Les entretoises de roues sont fabriqu\u00e9es en aluminium dur sp\u00e9cial et r\u00e9pondent aux normes de qualit\u00e9 et de s\u00e9curit\u00e9 requises. Elles am\u00e9liorent la stabilit\u00e9 du v\u00e9hicule apr\u00e8s l&rsquo;avoir soulev\u00e9 en installant une suspension et des roues plus grandes. <\/p>\n<p data-start=\"210\" data-end=\"332\">Anneau de centrage : OUI<br data-start=\"229\" data-end=\"232\">Epaisseur : 50mm<br data-start=\"247\" data-end=\"250\">Filetage : M12 x 1,25<br data-start=\"268\" data-end=\"271\">PCD : 5 x 139,7<br data-start=\"285\" data-end=\"288\">Mat\u00e9riau : Aluminium<br data-start=\"306\" data-end=\"309\">CB : 108<br data-start=\"316\" data-end=\"319\">Mod\u00e8le : OFM109<\/p>\n<p data-start=\"334\" data-end=\"357\">Le prix est par pi\u00e8ce !<\/p>\n<p data-start=\"359\" data-end=\"458\">Diam\u00e8tre int\u00e9rieur : 108 mm<br data-start=\"381\" data-end=\"384\">Diam\u00e8tre ext\u00e9rieur : 139,7 mm<br data-start=\"408\" data-end=\"411\">\u00c9paisseur de l&rsquo;entretoise : 50 mm<br data-start=\"434\" data-end=\"437\">Pas du filet : 1,25 mm<\/p>\n<p data-start=\"460\" data-end=\"559\" data-is-last-node=\"\" data-is-only-node=\"\">Compatible avec : Suzuki Vitara, Grand Vitara 1, Suzuki Samurai, Suzuki Jimny, Suzuki SJ, Suzuki X90<\/p>\n","protected":false},"excerpt":{"rendered":"<p>Entretoise de roue 50mm 5 x 139.7 M12x1.25mm CB 108 avec anneau de centrage pour SUZUKI<\/p>\n","protected":false},"featured_media":37106,"comment_status":"open","ping_status":"closed","template":"","meta":[],"product_brand":[1279],"product_cat":[4610],"product_tag":[4227,3657,4228,3762,3652,3656,3650],"class_list":{"0":"post-42355","1":"product","2":"type-product","3":"status-publish","4":"has-post-thumbnail","6":"product_brand-ofm4x4","7":"product_cat-cales-de-roue","8":"product_tag-5-x-139-7-fr","9":"product_tag-50mm-fr","10":"product_tag-cb-108-fr","11":"product_tag-centering-ring-fr","12":"product_tag-entretoises-de-roue","13":"product_tag-m12x125mm","14":"product_tag-suzuki-fr","15":"product_shipping_class-produse-usoare-set-fr","17":"first","18":"instock","19":"taxable","20":"shipping-taxable","21":"purchasable","22":"product-type-simple"},"_links":{"self":[{"href":"https:\/\/ofm4x4.com\/fr\/wp-json\/wp\/v2\/product\/42355","targetHints":{"allow":["GET"]}}],"collection":[{"href":"https:\/\/ofm4x4.com\/fr\/wp-json\/wp\/v2\/product"}],"about":[{"href":"https:\/\/ofm4x4.com\/fr\/wp-json\/wp\/v2\/types\/product"}],"replies":[{"embeddable":true,"href":"https:\/\/ofm4x4.com\/fr\/wp-json\/wp\/v2\/comments?post=42355"}],"version-history":[{"count":1,"href":"https:\/\/ofm4x4.com\/fr\/wp-json\/wp\/v2\/product\/42355\/revisions"}],"predecessor-version":[{"id":42364,"href":"https:\/\/ofm4x4.com\/fr\/wp-json\/wp\/v2\/product\/42355\/revisions\/42364"}],"wp:featuredmedia":[{"embeddable":true,"href":"https:\/\/ofm4x4.com\/fr\/wp-json\/wp\/v2\/media\/37106"}],"wp:attachment":[{"href":"https:\/\/ofm4x4.com\/fr\/wp-json\/wp\/v2\/media?parent=42355"}],"wp:term":[{"taxonomy":"product_brand","embeddable":true,"href":"https:\/\/ofm4x4.com\/fr\/wp-json\/wp\/v2\/product_brand?post=42355"},{"taxonomy":"product_cat","embeddable":true,"href":"https:\/\/ofm4x4.com\/fr\/wp-json\/wp\/v2\/product_cat?post=42355"},{"taxonomy":"product_tag","embeddable":true,"href":"https:\/\/ofm4x4.com\/fr\/wp-json\/wp\/v2\/product_tag?post=42355"}],"curies":[{"name":"wp","href":"https:\/\/api.w.org\/{rel}","templated":true}]}}