{"id":42378,"date":"2021-10-22T05:58:44","date_gmt":"2021-10-22T05:58:44","guid":{"rendered":"https:\/\/ofm4x4.com\/shop\/non%20class\u00e9\/treuil-grizzly-electrique-12-000-lbs-72-51-avec-cable-synthetique\/"},"modified":"2025-09-24T09:37:25","modified_gmt":"2025-09-24T09:37:25","slug":"treuil-grizzly-electrique-12-000-lbs-72-51-avec-cable-synthetique","status":"publish","type":"product","link":"https:\/\/ofm4x4.com\/fr\/shop\/treuils-electriques\/treuil-grizzly-electrique-12-000-lbs-72-51-avec-cable-synthetique\/","title":{"rendered":"Treuil Grizzly \u00e9lectrique 12.000 lbs 72.5:1 avec c\u00e2ble synth\u00e9tique"},"content":{"rendered":"<p><strong data-start=\"0\" data-end=\"108\">Treuil \u00e9lectrique 12.000 lbs 72.5:1 Treuil Grizzly avec c\u00e2ble synth\u00e9tique<\/strong><\/p>\n<ul>\n<li><strong data-start=\"0\" data-end=\"20\" data-is-only-node=\"\">Capacit\u00e9 de remorquage :<\/strong> 5 454 kg (12 000 lb)<\/li>\n<li><strong data-start=\"45\" data-end=\"55\">Moteur :<\/strong> 7,2 HP, 5,4 kW, 12V DC<\/li>\n<li><strong data-start=\"81\" data-end=\"96\">Rapport de d\u00e9multiplication :<\/strong> 72,5:1<\/li>\n<li><strong data-start=\"106\" data-end=\"123\">Transmission :<\/strong> engrenage plan\u00e9taire \u00e0 2 \u00e9tages<\/li>\n<li><strong data-start=\"149\" data-end=\"160\">Embrayage :<\/strong> Engagement\/d\u00e9sengagement manuel<\/li>\n<li><strong data-start=\"187\" data-end=\"197\">Frein :<\/strong> Automatique<\/li>\n<li><strong data-start=\"210\" data-end=\"223\">Fairlead :<\/strong> Aluminium Hawse (Noir)<\/li>\n<li><strong data-start=\"249\" data-end=\"268\">Corde synth\u00e9tique :<\/strong> 9,5 mm x 24 m (rouge)<\/li>\n<li><strong data-start=\"291\" data-end=\"305\">Taille du tambour :<\/strong> 64 mm x 224 mm<\/li>\n<li><strong data-start=\"323\" data-end=\"338\">Dimensions : 623 mm x 174 mm x 222 mm :<\/strong> 623 mm x 174 mm x 222 mm<\/li>\n<li><strong data-start=\"366\" data-end=\"392\">Sch\u00e9ma des boulons de montage :<\/strong> 254 mm x 114,3 mm<\/li>\n<li><strong data-start=\"413\" data-end=\"424\">Poids :<\/strong> 30 kg<\/li>\n<li><strong data-start=\"433\" data-end=\"446\">Garantie :<\/strong> 24 mois<\/li>\n<\/ul>\n","protected":false},"excerpt":{"rendered":"<p><strong data-start=\"0\" data-end=\"108\">Treuil \u00e9lectrique 12.000 lbs 72.5:1 Treuil Grizzly avec c\u00e2ble synth\u00e9tique<\/strong><\/p>\n","protected":false},"featured_media":34051,"comment_status":"open","ping_status":"closed","template":"","meta":[],"product_brand":[1308],"product_cat":[4595],"product_tag":[4017,4018,3738,3739,4020],"class_list":{"0":"post-42378","1":"product","2":"type-product","3":"status-publish","4":"has-post-thumbnail","6":"product_brand-grizzly-winch","7":"product_cat-treuils-electriques","8":"product_tag-12-000-lbs-fr","9":"product_tag-72-51-fr","10":"product_tag-electric-winch-fr","11":"product_tag-grizzly-winch-fr","12":"product_tag-synthetic-rope-fr","13":"product_shipping_class-alte-produse-fr","15":"first","16":"instock","17":"taxable","18":"shipping-taxable","19":"purchasable","20":"product-type-simple"},"_links":{"self":[{"href":"https:\/\/ofm4x4.com\/fr\/wp-json\/wp\/v2\/product\/42378","targetHints":{"allow":["GET"]}}],"collection":[{"href":"https:\/\/ofm4x4.com\/fr\/wp-json\/wp\/v2\/product"}],"about":[{"href":"https:\/\/ofm4x4.com\/fr\/wp-json\/wp\/v2\/types\/product"}],"replies":[{"embeddable":true,"href":"https:\/\/ofm4x4.com\/fr\/wp-json\/wp\/v2\/comments?post=42378"}],"version-history":[{"count":1,"href":"https:\/\/ofm4x4.com\/fr\/wp-json\/wp\/v2\/product\/42378\/revisions"}],"predecessor-version":[{"id":42425,"href":"https:\/\/ofm4x4.com\/fr\/wp-json\/wp\/v2\/product\/42378\/revisions\/42425"}],"wp:featuredmedia":[{"embeddable":true,"href":"https:\/\/ofm4x4.com\/fr\/wp-json\/wp\/v2\/media\/34051"}],"wp:attachment":[{"href":"https:\/\/ofm4x4.com\/fr\/wp-json\/wp\/v2\/media?parent=42378"}],"wp:term":[{"taxonomy":"product_brand","embeddable":true,"href":"https:\/\/ofm4x4.com\/fr\/wp-json\/wp\/v2\/product_brand?post=42378"},{"taxonomy":"product_cat","embeddable":true,"href":"https:\/\/ofm4x4.com\/fr\/wp-json\/wp\/v2\/product_cat?post=42378"},{"taxonomy":"product_tag","embeddable":true,"href":"https:\/\/ofm4x4.com\/fr\/wp-json\/wp\/v2\/product_tag?post=42378"}],"curies":[{"name":"wp","href":"https:\/\/api.w.org\/{rel}","templated":true}]}}