{"id":42426,"date":"2022-08-24T09:08:35","date_gmt":"2022-08-24T09:08:35","guid":{"rendered":"https:\/\/ofm4x4.com\/shop\/non%20class\u00e9\/roue-en-acier-15x7-et-25-6x139-7-cb-110-avec-beadlock-pour-nissan-patrol-mitsubishi-toyota\/"},"modified":"2025-09-24T09:37:43","modified_gmt":"2025-09-24T09:37:43","slug":"roue-en-acier-15x7-et-25-6x139-7-cb-110-avec-beadlock-pour-nissan-patrol-mitsubishi-toyota","status":"publish","type":"product","link":"https:\/\/ofm4x4.com\/fr\/shop\/roues-en-acier\/roue-en-acier-15x7-et-25-6x139-7-cb-110-avec-beadlock-pour-nissan-patrol-mitsubishi-toyota\/","title":{"rendered":"Roue en acier 15X7 ET -25 6&#215;139.7 CB 110 avec Beadlock pour Nissan Patrol, Mitsubishi, Toyota"},"content":{"rendered":"<div id=\"\\\" ali-anchor-alimagic-6rxnu8=\"\" class=\"\\\" magic-0=\"\" data-section=\"\\\"AliMagic-6rxnu8\\\"\" data-section-title=\"\\\"Product\" data-spm-anchor-id=\"\\\"a2700.details.pronpeci14.i0.7ae070497Niwca\\\"\">\n<h3 data-start=\"0\" data-end=\"19\">Sp\u00e9cifications :<\/h3>\n<ul data-start=\"21\" data-end=\"197\">\n<li data-start=\"21\" data-end=\"42\"><strong data-start=\"23\" data-end=\"36\">Diam\u00e8tre :<\/strong> R15<\/li>\n<li data-start=\"43\" data-end=\"60\"><strong data-start=\"45\" data-end=\"55\">Largeur :<\/strong> 7J<\/li>\n<li data-start=\"61\" data-end=\"85\"><strong data-start=\"63\" data-end=\"79\">ET (d\u00e9calage) :<\/strong> -25<\/li>\n<li data-start=\"86\" data-end=\"123\"><strong data-start=\"88\" data-end=\"111\">PCD (sch\u00e9ma de boulonnage) :<\/strong> 6 x 139.7<\/li>\n<li data-start=\"124\" data-end=\"144\"><strong data-start=\"126\" data-end=\"136\">Couleur :<\/strong> Noir<\/li>\n<li data-start=\"145\" data-end=\"174\"><strong data-start=\"147\" data-end=\"168\">CB (Center Bore) :<\/strong> 110<\/li>\n<li data-start=\"175\" data-end=\"197\"><strong data-start=\"177\" data-end=\"187\">Mod\u00e8le :<\/strong> OFMBD23<\/li>\n<\/ul>\n<p data-start=\"199\" data-end=\"354\">\u26a0\ufe0f Ces roues <strong data-start=\"219\" data-end=\"235\">ne<\/strong> sont <strong data-start=\"219\" data-end=\"235\">pas<\/strong> <strong data-start=\"264\" data-end=\"297\">homologu\u00e9es<\/strong> pour une utilisation sur la voie publique et <strong data-start=\"264\" data-end=\"297\">n&rsquo;ont pas de certification RAR<\/strong>.<br data-start=\"298\" data-end=\"301\">Elles sont con\u00e7ues exclusivement pour une <strong data-start=\"335\" data-end=\"351\">utilisation tout-terrain<\/strong>.<\/p>\n<ul data-start=\"356\" data-end=\"772\" data-is-last-node=\"\" data-is-only-node=\"\">\n<li data-start=\"356\" data-end=\"489\"><strong data-start=\"358\" data-end=\"407\">Jantes en acier avec d\u00e9coupes triangulaires<\/strong>, d&rsquo;un diam\u00e8tre de 15 pouces et d&rsquo;une largeur de 7 pouces, con\u00e7ues pour les v\u00e9hicules tout-terrain.<\/li>\n<li data-start=\"490\" data-end=\"578\">Le produit est <strong data-start=\"507\" data-end=\"545\">peint en noir par \u00e9lectrostatique<\/strong>, ce qui am\u00e9liore la r\u00e9sistance aux rayures.<\/li>\n<li data-start=\"579\" data-end=\"772\" data-is-last-node=\"\">Le <strong data-start=\"585\" data-end=\"617\">talon a un \u00e9paulement n\u00e9gatif<\/strong>, ce qui positionne la roue plus \u00e0 l&rsquo;ext\u00e9rieur par rapport au moyeu, ce qui am\u00e9liore la stabilit\u00e9 du v\u00e9hicule et offre plus d&rsquo;espace pour les <strong data-start=\"743\" data-end=\"771\">pneus tout-terrain surdimensionn\u00e9s<\/strong>.<\/li>\n<\/ul>\n<\/div>\n","protected":false},"excerpt":{"rendered":"<p data-start=\"0\" data-end=\"96\"><strong data-start=\"0\" data-end=\"94\">Roue en acier 15X7 ET -25 6X139.7 CB 110 avec Beadlock pour Nissan Patrol, Mitsubishi, Toyota<\/strong><\/p>\n<p data-start=\"98\" data-end=\"199\">\u26a0\ufe0f Ces roues <strong data-start=\"118\" data-end=\"134\">ne<\/strong> sont pas <strong data-start=\"163\" data-end=\"196\">homologu\u00e9es<\/strong> pour une utilisation sur la voie publique et <strong data-start=\"163\" data-end=\"196\">n&rsquo;ont pas de certification RAR<\/strong>.<\/p>\n<p data-start=\"201\" data-end=\"252\" data-is-last-node=\"\" data-is-only-node=\"\">Ils sont con\u00e7us exclusivement pour une <strong data-start=\"235\" data-end=\"251\">utilisation hors route.<\/strong><\/p>\n","protected":false},"featured_media":37026,"comment_status":"open","ping_status":"closed","template":"","meta":[],"product_brand":[1279],"product_cat":[4625],"product_tag":[4171,4172,3623],"class_list":{"0":"post-42426","1":"product","2":"type-product","3":"status-publish","4":"has-post-thumbnail","6":"product_brand-ofm4x4","7":"product_cat-roues-en-acier","8":"product_tag-15x7-fr","9":"product_tag-et-25-6x139-7-cb-110-fr","10":"product_tag-roue-en-acier","11":"product_shipping_class-alte-produse-fr","13":"first","14":"instock","15":"taxable","16":"shipping-taxable","17":"purchasable","18":"product-type-simple"},"_links":{"self":[{"href":"https:\/\/ofm4x4.com\/fr\/wp-json\/wp\/v2\/product\/42426","targetHints":{"allow":["GET"]}}],"collection":[{"href":"https:\/\/ofm4x4.com\/fr\/wp-json\/wp\/v2\/product"}],"about":[{"href":"https:\/\/ofm4x4.com\/fr\/wp-json\/wp\/v2\/types\/product"}],"replies":[{"embeddable":true,"href":"https:\/\/ofm4x4.com\/fr\/wp-json\/wp\/v2\/comments?post=42426"}],"version-history":[{"count":1,"href":"https:\/\/ofm4x4.com\/fr\/wp-json\/wp\/v2\/product\/42426\/revisions"}],"predecessor-version":[{"id":42449,"href":"https:\/\/ofm4x4.com\/fr\/wp-json\/wp\/v2\/product\/42426\/revisions\/42449"}],"wp:featuredmedia":[{"embeddable":true,"href":"https:\/\/ofm4x4.com\/fr\/wp-json\/wp\/v2\/media\/37026"}],"wp:attachment":[{"href":"https:\/\/ofm4x4.com\/fr\/wp-json\/wp\/v2\/media?parent=42426"}],"wp:term":[{"taxonomy":"product_brand","embeddable":true,"href":"https:\/\/ofm4x4.com\/fr\/wp-json\/wp\/v2\/product_brand?post=42426"},{"taxonomy":"product_cat","embeddable":true,"href":"https:\/\/ofm4x4.com\/fr\/wp-json\/wp\/v2\/product_cat?post=42426"},{"taxonomy":"product_tag","embeddable":true,"href":"https:\/\/ofm4x4.com\/fr\/wp-json\/wp\/v2\/product_tag?post=42426"}],"curies":[{"name":"wp","href":"https:\/\/api.w.org\/{rel}","templated":true}]}}