{"id":42450,"date":"2022-08-23T13:39:26","date_gmt":"2022-08-23T13:39:26","guid":{"rendered":"https:\/\/ofm4x4.com\/shop\/non%20class\u00e9\/ofm107-entretoises-de-roues-brides-40mm-6x139-7-m12x1-5mm-avec-anneau-de-centrage-pour-toyota-j90-j120-hilux\/"},"modified":"2025-09-24T09:37:44","modified_gmt":"2025-09-24T09:37:44","slug":"ofm107-entretoises-de-roues-brides-40mm-6x139-7-m12x1-5mm-avec-anneau-de-centrage-pour-toyota-j90-j120-hilux","status":"publish","type":"product","link":"https:\/\/ofm4x4.com\/fr\/shop\/cales-de-roue\/ofm107-entretoises-de-roues-brides-40mm-6x139-7-m12x1-5mm-avec-anneau-de-centrage-pour-toyota-j90-j120-hilux\/","title":{"rendered":"OFM107 Entretoises de roues Brides 40mm 6&#215;139.7 M12x1.5mm avec anneau de centrage pour Toyota J90, J120, Hilux"},"content":{"rendered":"<ul>\n<li data-start=\"0\" data-end=\"128\">Anneau de centrage : OUI<\/li>\n<li data-start=\"0\" data-end=\"128\">\u00c9paisseur : 40mm<\/li>\n<li data-start=\"0\" data-end=\"128\">Montage : M12 x 1,5<\/li>\n<li data-start=\"0\" data-end=\"128\">PCD : 6 x 139,7<\/li>\n<li data-start=\"0\" data-end=\"128\">Mat\u00e9riau : Aluminium<\/li>\n<li data-start=\"0\" data-end=\"128\">CB : 106,1<\/li>\n<li data-start=\"0\" data-end=\"128\">Mod\u00e8le : OFM 107<\/li>\n<\/ul>\n<p data-start=\"130\" data-end=\"339\">Les brides d&rsquo;\u00e9cartement des roues sont fabriqu\u00e9es en duralumin sp\u00e9cial et r\u00e9pondent aux exigences de qualit\u00e9 et de s\u00e9curit\u00e9 requises. Elles am\u00e9liorent la stabilit\u00e9 du v\u00e9hicule apr\u00e8s le levage en installant une suspension et des roues plus grandes. <\/p>\n<p data-start=\"341\" data-end=\"364\" data-is-last-node=\"\" data-is-only-node=\"\">Le prix est par pi\u00e8ce.<\/p>\n","protected":false},"excerpt":{"rendered":"<p>Entretoise de roue 40mm 6&#215;139.7 M12x1.5mm avec anneau de centrage pour Toyota J90, J120, Hilux<\/p>\n","protected":false},"featured_media":37123,"comment_status":"open","ping_status":"closed","template":"","meta":[],"product_brand":[1279],"product_cat":[4610],"product_tag":[4235,3689,3762,3652,4236,4237,3688,4238],"class_list":{"0":"post-42450","1":"product","2":"type-product","3":"status-publish","4":"has-post-thumbnail","6":"product_brand-ofm4x4","7":"product_cat-cales-de-roue","8":"product_tag-40mm-fr","9":"product_tag-6x139-7-fr","10":"product_tag-centering-ring-fr","11":"product_tag-entretoises-de-roue","12":"product_tag-hilux-fr","13":"product_tag-j120-fr","14":"product_tag-m12x15mm","15":"product_tag-toyota-j90-fr","16":"product_shipping_class-produse-usoare-set-fr","18":"first","19":"instock","20":"taxable","21":"shipping-taxable","22":"purchasable","23":"product-type-simple"},"_links":{"self":[{"href":"https:\/\/ofm4x4.com\/fr\/wp-json\/wp\/v2\/product\/42450","targetHints":{"allow":["GET"]}}],"collection":[{"href":"https:\/\/ofm4x4.com\/fr\/wp-json\/wp\/v2\/product"}],"about":[{"href":"https:\/\/ofm4x4.com\/fr\/wp-json\/wp\/v2\/types\/product"}],"replies":[{"embeddable":true,"href":"https:\/\/ofm4x4.com\/fr\/wp-json\/wp\/v2\/comments?post=42450"}],"version-history":[{"count":1,"href":"https:\/\/ofm4x4.com\/fr\/wp-json\/wp\/v2\/product\/42450\/revisions"}],"predecessor-version":[{"id":42463,"href":"https:\/\/ofm4x4.com\/fr\/wp-json\/wp\/v2\/product\/42450\/revisions\/42463"}],"wp:featuredmedia":[{"embeddable":true,"href":"https:\/\/ofm4x4.com\/fr\/wp-json\/wp\/v2\/media\/37123"}],"wp:attachment":[{"href":"https:\/\/ofm4x4.com\/fr\/wp-json\/wp\/v2\/media?parent=42450"}],"wp:term":[{"taxonomy":"product_brand","embeddable":true,"href":"https:\/\/ofm4x4.com\/fr\/wp-json\/wp\/v2\/product_brand?post=42450"},{"taxonomy":"product_cat","embeddable":true,"href":"https:\/\/ofm4x4.com\/fr\/wp-json\/wp\/v2\/product_cat?post=42450"},{"taxonomy":"product_tag","embeddable":true,"href":"https:\/\/ofm4x4.com\/fr\/wp-json\/wp\/v2\/product_tag?post=42450"}],"curies":[{"name":"wp","href":"https:\/\/api.w.org\/{rel}","templated":true}]}}