{"id":42473,"date":"2022-08-24T10:48:52","date_gmt":"2022-08-24T10:48:52","guid":{"rendered":"https:\/\/ofm4x4.com\/shop\/non%20class\u00e9\/differentiel-bloquant-tre-4x4-essieu-arriere-tr100-jeep\/"},"modified":"2025-09-24T09:55:00","modified_gmt":"2025-09-24T09:55:00","slug":"differentiel-bloquant-tre-4x4-essieu-arriere-tr100-jeep","status":"publish","type":"product","link":"https:\/\/ofm4x4.com\/fr\/shop\/differentiel-autobloquant\/differentiel-bloquant-tre-4x4-essieu-arriere-tr100-jeep\/","title":{"rendered":"Diff\u00e9rentiel bloquant TRE 4&#215;4 Essieu arri\u00e8re TR100 Jeep"},"content":{"rendered":"<h2 data-start=\"81\" data-end=\"105\"><strong data-start=\"84\" data-end=\"105\">Garantie de 12 mois<\/strong><\/h2>\n<p data-start=\"107\" data-end=\"222\">Vous pouvez consulter le catalogue des diff\u00e9rentiels autobloquants pour conna\u00eetre leur compatibilit\u00e9 : <strong data-start=\"181\" data-end=\"222\">Catalogue des diff\u00e9rentiels autobloquants TRE 4&#215;4<\/strong><\/p>\n<ul>\n<li data-start=\"224\" data-end=\"590\"><strong data-start=\"224\" data-end=\"252\">2007-2018 Wrangler JK-JK<\/strong> (Essieu avant)<\/li>\n<li data-start=\"224\" data-end=\"590\"><strong data-start=\"268\" data-end=\"295\">1971 &#8211; 1986 Wrangler CJ<\/strong> (Essieu avant)<\/li>\n<li data-start=\"224\" data-end=\"590\"><strong data-start=\"311\" data-end=\"346\">2008 &#8211; 2012 Liberty-Cherokee KK<\/strong> (Essieu avant)<\/li>\n<li data-start=\"224\" data-end=\"590\"><strong data-start=\"362\" data-end=\"397\">2002 &#8211; 2007 Liberty-Cherokee KJ<\/strong> (Essieu avant)<\/li>\n<li data-start=\"224\" data-end=\"590\"><strong data-start=\"413\" data-end=\"449\">1993 &#8211; 1998 Grand Cherokee ZJ-ZG<\/strong> (Essieu avant)<\/li>\n<li data-start=\"224\" data-end=\"590\"><strong data-start=\"465\" data-end=\"501\">1999 &#8211; 2004 Grand Cherokee WJ-WG<\/strong> (Essieu avant)<\/li>\n<li data-start=\"224\" data-end=\"590\"><strong data-start=\"517\" data-end=\"544\">1984 &#8211; 2001 Cherokee XJ<\/strong> (Essieu avant)<\/li>\n<li data-start=\"224\" data-end=\"590\"><strong data-start=\"560\" data-end=\"590\">1996 &#8211; 2006 Wrangler TJ-LJ<\/strong><\/li>\n<\/ul>\n<p data-start=\"592\" data-end=\"678\">Pour actionner le diff\u00e9rentiel de blocage, vous avez \u00e9galement besoin du <strong data-start=\"647\" data-end=\"677\">compresseur d&rsquo;air TRE 4&#215;4 12V<\/strong>.<\/p>\n<ul>\n<li data-start=\"680\" data-end=\"745\"><strong data-start=\"680\" data-end=\"694\">27 cannelures<\/strong><\/li>\n<li data-start=\"680\" data-end=\"745\"><strong data-start=\"697\" data-end=\"719\">Essieux : Dana 30, 27<\/strong><\/li>\n<li data-start=\"680\" data-end=\"745\"><strong data-start=\"722\" data-end=\"745\">Ratios : 3.73 &#8211; 5.38<\/strong><\/li>\n<\/ul>\n<p data-start=\"747\" data-end=\"858\">Il est recommand\u00e9 d&rsquo;installer les pi\u00e8ces dans un service 4&#215;4 sp\u00e9cialis\u00e9, sinon vous risquez d&rsquo;endommager les produits !<\/p>\n<ul data-start=\"860\" data-end=\"1440\">\n<li data-start=\"860\" data-end=\"896\">Assure une traction \u00e0 la demande \u00e0 100 %.<\/li>\n<li data-start=\"897\" data-end=\"949\">L&rsquo;engagement se fait avec un <strong data-start=\"925\" data-end=\"947\">compresseur TRE 4&#215;4.<\/strong><\/li>\n<li data-start=\"950\" data-end=\"977\">Am\u00e9lioration de la vitesse de traction<\/li>\n<li data-start=\"978\" data-end=\"1113\">Le fonctionnement simple et pratique permet \u00e0 l&rsquo;utilisateur de se concentrer sur le terrain sans quitter le confort et la s\u00e9curit\u00e9 du si\u00e8ge du conducteur.<\/li>\n<li data-start=\"1114\" data-end=\"1215\">Extr\u00eamement durable et extr\u00eamement solide &#8211; seuls les mat\u00e9riaux de la plus haute qualit\u00e9 sont utilis\u00e9s dans la fabrication.<\/li>\n<li data-start=\"1216\" data-end=\"1288\">Conception incroyablement simple et efficace, garantissant une fiabilit\u00e9 maximale<\/li>\n<li data-start=\"1289\" data-end=\"1357\">Conception test\u00e9e et fiabilit\u00e9 prouv\u00e9e dans plus de 80 pays \u00e0 travers le monde<\/li>\n<li data-start=\"1358\" data-end=\"1440\">Diff\u00e9rentiels de blocage disponibles \u00e0 l&rsquo;avant et \u00e0 l&rsquo;arri\u00e8re pour la plupart des mod\u00e8les 4RM et 2RM<\/li>\n<\/ul>\n","protected":false},"excerpt":{"rendered":"<p><strong>TR100<\/strong> Jeep<\/p>\n<p>Diff\u00e9rentiel bloquant TRE 4&#215;4 Essieu arri\u00e8re<\/p>\n<p>&nbsp;<\/p>\n","protected":false},"featured_media":33929,"comment_status":"open","ping_status":"closed","template":"","meta":[],"product_brand":[1233],"product_cat":[4583],"product_tag":[3726,4122,3718,4165,3704],"class_list":{"0":"post-42473","1":"product","2":"type-product","3":"status-publish","4":"has-post-thumbnail","6":"product_brand-tre-4x4","7":"product_cat-differentiel-autobloquant","8":"product_tag-jeep-fr","9":"product_tag-locking-differential-fr","10":"product_tag-rear-axle-fr","11":"product_tag-tr100-fr","12":"product_tag-tre-4x4-fr","13":"product_shipping_class-alte-produse-fr","15":"first","16":"outofstock","17":"taxable","18":"shipping-taxable","19":"purchasable","20":"product-type-simple"},"_links":{"self":[{"href":"https:\/\/ofm4x4.com\/fr\/wp-json\/wp\/v2\/product\/42473","targetHints":{"allow":["GET"]}}],"collection":[{"href":"https:\/\/ofm4x4.com\/fr\/wp-json\/wp\/v2\/product"}],"about":[{"href":"https:\/\/ofm4x4.com\/fr\/wp-json\/wp\/v2\/types\/product"}],"replies":[{"embeddable":true,"href":"https:\/\/ofm4x4.com\/fr\/wp-json\/wp\/v2\/comments?post=42473"}],"version-history":[{"count":1,"href":"https:\/\/ofm4x4.com\/fr\/wp-json\/wp\/v2\/product\/42473\/revisions"}],"predecessor-version":[{"id":42474,"href":"https:\/\/ofm4x4.com\/fr\/wp-json\/wp\/v2\/product\/42473\/revisions\/42474"}],"wp:featuredmedia":[{"embeddable":true,"href":"https:\/\/ofm4x4.com\/fr\/wp-json\/wp\/v2\/media\/33929"}],"wp:attachment":[{"href":"https:\/\/ofm4x4.com\/fr\/wp-json\/wp\/v2\/media?parent=42473"}],"wp:term":[{"taxonomy":"product_brand","embeddable":true,"href":"https:\/\/ofm4x4.com\/fr\/wp-json\/wp\/v2\/product_brand?post=42473"},{"taxonomy":"product_cat","embeddable":true,"href":"https:\/\/ofm4x4.com\/fr\/wp-json\/wp\/v2\/product_cat?post=42473"},{"taxonomy":"product_tag","embeddable":true,"href":"https:\/\/ofm4x4.com\/fr\/wp-json\/wp\/v2\/product_tag?post=42473"}],"curies":[{"name":"wp","href":"https:\/\/api.w.org\/{rel}","templated":true}]}}