{"id":42479,"date":"2022-08-25T14:30:54","date_gmt":"2022-08-25T14:30:54","guid":{"rendered":"https:\/\/ofm4x4.com\/shop\/non%20class\u00e9\/differentiel-verrouillable-tre-4x4-essieu-avant-tr227-suzuki-jimny\/"},"modified":"2025-09-24T09:55:13","modified_gmt":"2025-09-24T09:55:13","slug":"differentiel-verrouillable-tre-4x4-essieu-avant-tr227-suzuki-jimny","status":"publish","type":"product","link":"https:\/\/ofm4x4.com\/fr\/shop\/differentiel-autobloquant\/differentiel-verrouillable-tre-4x4-essieu-avant-tr227-suzuki-jimny\/","title":{"rendered":"Diff\u00e9rentiel verrouillable TRE 4&#215;4 Essieu avant TR227 Suzuki Jimny"},"content":{"rendered":"<h3 data-start=\"0\" data-end=\"25\"><strong data-start=\"4\" data-end=\"25\">Garantie de 12 mois<\/strong><\/h3>\n<p data-start=\"27\" data-end=\"108\">Vous pouvez consulter le <strong data-start=\"45\" data-end=\"87\">catalogue des diff\u00e9rentiels verrouillables TRE 4&#215;4<\/strong> pour conna\u00eetre leur compatibilit\u00e9.<\/p>\n<p data-start=\"110\" data-end=\"145\"><strong data-start=\"110\" data-end=\"130\">Compatible avec :<\/strong> Suzuki Jimny<\/p>\n<p data-start=\"147\" data-end=\"241\">Pour actionner le diff\u00e9rentiel verrouillable, vous aurez \u00e9galement besoin du <strong data-start=\"208\" data-end=\"238\">compresseur d&rsquo;air 12V TRE 4&#215;4.<\/strong><\/p>\n<ul data-start=\"243\" data-end=\"315\">\n<li data-start=\"243\" data-end=\"261\"><strong data-start=\"245\" data-end=\"259\">26 cannelures<\/strong><\/li>\n<li data-start=\"262\" data-end=\"290\"><strong data-start=\"264\" data-end=\"288\">8 boulons sur la couronne<\/strong><\/li>\n<li data-start=\"291\" data-end=\"315\"><strong data-start=\"293\" data-end=\"313\">Rapports de vitesse : tous<\/strong><\/li>\n<\/ul>\n<p data-start=\"317\" data-end=\"434\">Pour une installation correcte et pour \u00e9viter tout dommage, nous vous recommandons de faire monter les pi\u00e8ces par un <strong data-start=\"404\" data-end=\"431\">service 4&#215;4 sp\u00e9cialis\u00e9.<\/strong><\/p>\n<ul data-start=\"436\" data-end=\"1002\">\n<li data-start=\"436\" data-end=\"467\"><strong data-start=\"438\" data-end=\"465\">Traction 100% \u00e0 la demande<\/strong><\/li>\n<li data-start=\"468\" data-end=\"509\">S&rsquo;engage avec un <strong data-start=\"485\" data-end=\"507\">compresseur TRE 4&#215;4<\/strong><\/li>\n<li data-start=\"510\" data-end=\"547\"><strong data-start=\"512\" data-end=\"545\">Am\u00e9lioration des performances de traction<\/strong><\/li>\n<li data-start=\"548\" data-end=\"671\"><strong data-start=\"550\" data-end=\"585\">Fonctionnement simple et pratique<\/strong>, permettant \u00e0 l&rsquo;utilisateur de se concentrer sur le terrain tout en maintenant le <strong data-start=\"647\" data-end=\"669\">confort et la s\u00e9curit\u00e9.<\/strong><\/li>\n<li data-start=\"672\" data-end=\"752\"><strong data-start=\"674\" data-end=\"712\">Exceptionnellement durable et puissant<\/strong>, fabriqu\u00e9 \u00e0 partir de <strong data-start=\"724\" data-end=\"750\">mat\u00e9riaux de haute qualit\u00e9<\/strong><\/li>\n<li data-start=\"753\" data-end=\"833\"><strong data-start=\"755\" data-end=\"797\">Conception incroyablement simple et efficace<\/strong>, garantissant une <strong data-start=\"808\" data-end=\"831\">fiabilit\u00e9 maximale<\/strong><\/li>\n<li data-start=\"834\" data-end=\"911\"><strong data-start=\"836\" data-end=\"864\">Conception \u00e9prouv\u00e9e et test\u00e9e<\/strong>, fiable dans <strong data-start=\"878\" data-end=\"909\">plus de 80 pays \u00e0 travers le monde<\/strong><\/li>\n<li data-start=\"912\" data-end=\"1002\"><strong data-start=\"927\" data-end=\"968\">Diff\u00e9rentiels verrouillables avant et arri\u00e8re<\/strong> disponibles pour la plupart des <strong data-start=\"978\" data-end=\"1000\">mod\u00e8les 4WD et 2WD<\/strong><\/li>\n<\/ul>\n","protected":false},"excerpt":{"rendered":"<p><strong>TR227<\/strong> Suzuki Jimny<\/p>\n<p>Diff\u00e9rentiel verrouillable TRE 4&#215;4 Essieu avant<\/p>\n","protected":false},"featured_media":33872,"comment_status":"open","ping_status":"closed","template":"","meta":[],"product_brand":[1233],"product_cat":[4583],"product_tag":[3722,3702,3950,3704],"class_list":{"0":"post-42479","1":"product","2":"type-product","3":"status-publish","4":"has-post-thumbnail","6":"product_brand-tre-4x4","7":"product_cat-differentiel-autobloquant","8":"product_tag-front-axle-fr","9":"product_tag-lockable-differential-fr","10":"product_tag-suzuki-jimny-fr","11":"product_tag-tre-4x4-fr","12":"product_shipping_class-alte-produse-fr","14":"first","15":"instock","16":"taxable","17":"shipping-taxable","18":"purchasable","19":"product-type-simple"},"_links":{"self":[{"href":"https:\/\/ofm4x4.com\/fr\/wp-json\/wp\/v2\/product\/42479","targetHints":{"allow":["GET"]}}],"collection":[{"href":"https:\/\/ofm4x4.com\/fr\/wp-json\/wp\/v2\/product"}],"about":[{"href":"https:\/\/ofm4x4.com\/fr\/wp-json\/wp\/v2\/types\/product"}],"replies":[{"embeddable":true,"href":"https:\/\/ofm4x4.com\/fr\/wp-json\/wp\/v2\/comments?post=42479"}],"version-history":[{"count":1,"href":"https:\/\/ofm4x4.com\/fr\/wp-json\/wp\/v2\/product\/42479\/revisions"}],"predecessor-version":[{"id":42482,"href":"https:\/\/ofm4x4.com\/fr\/wp-json\/wp\/v2\/product\/42479\/revisions\/42482"}],"wp:featuredmedia":[{"embeddable":true,"href":"https:\/\/ofm4x4.com\/fr\/wp-json\/wp\/v2\/media\/33872"}],"wp:attachment":[{"href":"https:\/\/ofm4x4.com\/fr\/wp-json\/wp\/v2\/media?parent=42479"}],"wp:term":[{"taxonomy":"product_brand","embeddable":true,"href":"https:\/\/ofm4x4.com\/fr\/wp-json\/wp\/v2\/product_brand?post=42479"},{"taxonomy":"product_cat","embeddable":true,"href":"https:\/\/ofm4x4.com\/fr\/wp-json\/wp\/v2\/product_cat?post=42479"},{"taxonomy":"product_tag","embeddable":true,"href":"https:\/\/ofm4x4.com\/fr\/wp-json\/wp\/v2\/product_tag?post=42479"}],"curies":[{"name":"wp","href":"https:\/\/api.w.org\/{rel}","templated":true}]}}