{"id":42493,"date":"2022-08-24T14:36:39","date_gmt":"2022-08-24T14:36:39","guid":{"rendered":"https:\/\/ofm4x4.com\/shop\/non%20class\u00e9\/differentiel-de-blocage-tre-4x4-essieu-avant-tr207-suzuki-jimny\/"},"modified":"2025-09-24T09:55:16","modified_gmt":"2025-09-24T09:55:16","slug":"differentiel-de-blocage-tre-4x4-essieu-avant-tr207-suzuki-jimny","status":"publish","type":"product","link":"https:\/\/ofm4x4.com\/fr\/shop\/differentiel-autobloquant\/differentiel-de-blocage-tre-4x4-essieu-avant-tr207-suzuki-jimny\/","title":{"rendered":"Diff\u00e9rentiel de blocage TRE 4&#215;4 Essieu avant TR207 Suzuki Jimny"},"content":{"rendered":"<h3 data-start=\"0\" data-end=\"27\"><strong data-start=\"4\" data-end=\"25\">Garantie de 12 mois<\/strong><\/h3>\n<p data-start=\"29\" data-end=\"136\">Vous pouvez consulter le catalogue pour conna\u00eetre la compatibilit\u00e9 des diff\u00e9rentiels bloquants : <strong>Catalogue des diff\u00e9rentiels bloquants TRE 4&#215;4<\/strong><\/p>\n<p data-start=\"138\" data-end=\"166\"><strong data-start=\"138\" data-end=\"164\">1998-2003 Suzuki Jimny<\/strong><\/p>\n<p data-start=\"168\" data-end=\"256\">Pour actionner le diff\u00e9rentiel de blocage, vous avez \u00e9galement besoin du <strong data-start=\"223\" data-end=\"253\">compresseur d&rsquo;air TRE 4&#215;4 12V<\/strong>.<\/p>\n<ul data-start=\"258\" data-end=\"299\">\n<li data-start=\"258\" data-end=\"276\"><strong data-start=\"260\" data-end=\"274\">22 cannelures<\/strong><\/li>\n<li data-start=\"277\" data-end=\"299\">Couronne avec 8 boulons<\/li>\n<\/ul>\n<p data-start=\"301\" data-end=\"416\">Il est recommand\u00e9 de confier l&rsquo;installation \u00e0 un centre de service 4&#215;4 sp\u00e9cialis\u00e9 afin d&rsquo;\u00e9viter d&rsquo;endommager le produit.<\/p>\n<ul data-start=\"418\" data-end=\"912\" data-is-last-node=\"\">\n<li data-start=\"418\" data-end=\"454\">Assure une traction \u00e0 100 % sur demande<\/li>\n<li data-start=\"455\" data-end=\"493\">S&rsquo;engage via le compresseur d&rsquo;air TRE 4&#215;4<\/li>\n<li data-start=\"494\" data-end=\"521\">Am\u00e9lioration de la vitesse de traction<\/li>\n<li data-start=\"522\" data-end=\"636\">Le fonctionnement simple et pratique permet au conducteur de se concentrer sur le terrain tout en maintenant le confort et la s\u00e9curit\u00e9.<\/li>\n<li data-start=\"637\" data-end=\"716\">Extr\u00eamement durable et solide &#8211; fabriqu\u00e9 uniquement \u00e0 partir de mat\u00e9riaux de la plus haute qualit\u00e9<\/li>\n<li data-start=\"717\" data-end=\"789\">Conception incroyablement simple et efficace, garantissant une fiabilit\u00e9 maximale<\/li>\n<li data-start=\"790\" data-end=\"842\">\u00c9prouv\u00e9 et test\u00e9 dans plus de 80 pays \u00e0 travers le monde<\/li>\n<li data-start=\"843\" data-end=\"912\" data-is-last-node=\"\">Disponible pour les essieux avant et arri\u00e8re de la plupart des mod\u00e8les 4WD et 2WD<\/li>\n<\/ul>\n","protected":false},"excerpt":{"rendered":"<p><strong>TR207<\/strong> Suzuki Jimny<\/p>\n<p>Diff\u00e9rentiel bloquant TRE 4&#215;4 Essieu avant<\/p>\n","protected":false},"featured_media":33890,"comment_status":"open","ping_status":"closed","template":"","meta":[],"product_brand":[1233],"product_cat":[4583],"product_tag":[3722,4122,3950,4128,3704],"class_list":{"0":"post-42493","1":"product","2":"type-product","3":"status-publish","4":"has-post-thumbnail","6":"product_brand-tre-4x4","7":"product_cat-differentiel-autobloquant","8":"product_tag-front-axle-fr","9":"product_tag-locking-differential-fr","10":"product_tag-suzuki-jimny-fr","11":"product_tag-tr207-fr","12":"product_tag-tre-4x4-fr","13":"product_shipping_class-alte-produse-fr","15":"first","16":"instock","17":"taxable","18":"shipping-taxable","19":"purchasable","20":"product-type-simple"},"_links":{"self":[{"href":"https:\/\/ofm4x4.com\/fr\/wp-json\/wp\/v2\/product\/42493","targetHints":{"allow":["GET"]}}],"collection":[{"href":"https:\/\/ofm4x4.com\/fr\/wp-json\/wp\/v2\/product"}],"about":[{"href":"https:\/\/ofm4x4.com\/fr\/wp-json\/wp\/v2\/types\/product"}],"replies":[{"embeddable":true,"href":"https:\/\/ofm4x4.com\/fr\/wp-json\/wp\/v2\/comments?post=42493"}],"version-history":[{"count":1,"href":"https:\/\/ofm4x4.com\/fr\/wp-json\/wp\/v2\/product\/42493\/revisions"}],"predecessor-version":[{"id":42495,"href":"https:\/\/ofm4x4.com\/fr\/wp-json\/wp\/v2\/product\/42493\/revisions\/42495"}],"wp:featuredmedia":[{"embeddable":true,"href":"https:\/\/ofm4x4.com\/fr\/wp-json\/wp\/v2\/media\/33890"}],"wp:attachment":[{"href":"https:\/\/ofm4x4.com\/fr\/wp-json\/wp\/v2\/media?parent=42493"}],"wp:term":[{"taxonomy":"product_brand","embeddable":true,"href":"https:\/\/ofm4x4.com\/fr\/wp-json\/wp\/v2\/product_brand?post=42493"},{"taxonomy":"product_cat","embeddable":true,"href":"https:\/\/ofm4x4.com\/fr\/wp-json\/wp\/v2\/product_cat?post=42493"},{"taxonomy":"product_tag","embeddable":true,"href":"https:\/\/ofm4x4.com\/fr\/wp-json\/wp\/v2\/product_tag?post=42493"}],"curies":[{"name":"wp","href":"https:\/\/api.w.org\/{rel}","templated":true}]}}