{"id":42563,"date":"2023-02-20T12:36:10","date_gmt":"2023-02-20T12:36:10","guid":{"rendered":"https:\/\/ofm4x4.com\/shop\/non%20class\u00e9\/ofm115-entretoises-de-roue-brides-30mm-6x114-3-m12x1-25mm-cb-66-1-avec-anneau-de-centrage\/"},"modified":"2025-09-24T09:55:52","modified_gmt":"2025-09-24T09:55:52","slug":"ofm115-entretoises-de-roue-brides-30mm-6x114-3-m12x1-25mm-cb-66-1-avec-anneau-de-centrage","status":"publish","type":"product","link":"https:\/\/ofm4x4.com\/fr\/shop\/cales-de-roue\/ofm115-entretoises-de-roue-brides-30mm-6x114-3-m12x1-25mm-cb-66-1-avec-anneau-de-centrage\/","title":{"rendered":"OFM115 Entretoises de roue Brides 30mm 6&#215;114.3 M12x1.25mm CB 66.1 avec anneau de centrage"},"content":{"rendered":"<p data-start=\"0\" data-end=\"208\">Les entretoises de roues sont fabriqu\u00e9es en aluminium dur sp\u00e9cial et r\u00e9pondent aux normes de qualit\u00e9 et de s\u00e9curit\u00e9 requises. Elles am\u00e9liorent la stabilit\u00e9 du v\u00e9hicule apr\u00e8s l&rsquo;avoir soulev\u00e9 en installant une suspension et des roues plus grandes. <\/p>\n<ul>\n<li data-start=\"210\" data-end=\"334\">Anneau de centrage : OUI<\/li>\n<li data-start=\"210\" data-end=\"334\">\u00c9paisseur : 30mm<\/li>\n<li data-start=\"210\" data-end=\"334\">Filet : M12 x 1,25<\/li>\n<li data-start=\"210\" data-end=\"334\">PCD : 6 x 114,3<\/li>\n<li data-start=\"210\" data-end=\"334\">Mat\u00e9riau : Aluminium<\/li>\n<li data-start=\"210\" data-end=\"334\">CB : 66,1<\/li>\n<li data-start=\"210\" data-end=\"334\">Mod\u00e8le : OFM 115<\/li>\n<\/ul>\n<p data-start=\"336\" data-end=\"359\" data-is-last-node=\"\" data-is-only-node=\"\">Le prix est par pi\u00e8ce.<\/p>\n","protected":false},"excerpt":{"rendered":"<p>Entretoises de roue 30mm 6&#215;114.3 M12x1.25mm CB 66.1 avec anneau de centrage<\/p>\n","protected":false},"featured_media":36876,"comment_status":"open","ping_status":"closed","template":"","meta":[],"product_brand":[1279],"product_cat":[4610],"product_tag":[4002,4067,4068,3762,3652,3656],"class_list":{"0":"post-42563","1":"product","2":"type-product","3":"status-publish","4":"has-post-thumbnail","6":"product_brand-ofm4x4","7":"product_cat-cales-de-roue","8":"product_tag-30mm-fr","9":"product_tag-6x114-3-fr","10":"product_tag-cb-66-1-fr","11":"product_tag-centering-ring-fr","12":"product_tag-entretoises-de-roue","13":"product_tag-m12x125mm","14":"product_shipping_class-produse-usoare-set-fr","16":"first","17":"instock","18":"taxable","19":"shipping-taxable","20":"purchasable","21":"product-type-simple"},"_links":{"self":[{"href":"https:\/\/ofm4x4.com\/fr\/wp-json\/wp\/v2\/product\/42563","targetHints":{"allow":["GET"]}}],"collection":[{"href":"https:\/\/ofm4x4.com\/fr\/wp-json\/wp\/v2\/product"}],"about":[{"href":"https:\/\/ofm4x4.com\/fr\/wp-json\/wp\/v2\/types\/product"}],"replies":[{"embeddable":true,"href":"https:\/\/ofm4x4.com\/fr\/wp-json\/wp\/v2\/comments?post=42563"}],"version-history":[{"count":1,"href":"https:\/\/ofm4x4.com\/fr\/wp-json\/wp\/v2\/product\/42563\/revisions"}],"predecessor-version":[{"id":42580,"href":"https:\/\/ofm4x4.com\/fr\/wp-json\/wp\/v2\/product\/42563\/revisions\/42580"}],"wp:featuredmedia":[{"embeddable":true,"href":"https:\/\/ofm4x4.com\/fr\/wp-json\/wp\/v2\/media\/36876"}],"wp:attachment":[{"href":"https:\/\/ofm4x4.com\/fr\/wp-json\/wp\/v2\/media?parent=42563"}],"wp:term":[{"taxonomy":"product_brand","embeddable":true,"href":"https:\/\/ofm4x4.com\/fr\/wp-json\/wp\/v2\/product_brand?post=42563"},{"taxonomy":"product_cat","embeddable":true,"href":"https:\/\/ofm4x4.com\/fr\/wp-json\/wp\/v2\/product_cat?post=42563"},{"taxonomy":"product_tag","embeddable":true,"href":"https:\/\/ofm4x4.com\/fr\/wp-json\/wp\/v2\/product_tag?post=42563"}],"curies":[{"name":"wp","href":"https:\/\/api.w.org\/{rel}","templated":true}]}}