{"id":42564,"date":"2023-04-26T11:15:40","date_gmt":"2023-04-26T11:15:40","guid":{"rendered":"https:\/\/ofm4x4.com\/shop\/non%20class\u00e9\/ofm4x4-cable-de-treuil-plasma-synthetique-gris-avec-crochet-8mm-x-18m\/"},"modified":"2025-09-24T09:55:52","modified_gmt":"2025-09-24T09:55:52","slug":"ofm4x4-cable-de-treuil-plasma-synthetique-gris-avec-crochet-8mm-x-18m","status":"publish","type":"product","link":"https:\/\/ofm4x4.com\/fr\/shop\/recuperation\/ofm4x4-cable-de-treuil-plasma-synthetique-gris-avec-crochet-8mm-x-18m\/","title":{"rendered":"OFM4X4 C\u00e2ble de treuil plasma synth\u00e9tique gris avec crochet 8mm x 18m"},"content":{"rendered":"<p data-start=\"0\" data-end=\"52\"><strong data-start=\"0\" data-end=\"50\">Corde synth\u00e9tique grise avec crochet 8mm x 18m OFM4X4<\/strong><\/p>\n<ul data-start=\"54\" data-end=\"335\">\n<li data-start=\"54\" data-end=\"120\"><strong data-start=\"56\" data-end=\"118\">Recommand\u00e9 pour les treuils de v\u00e9hicules tout-terrain (6000lbs-8500lbs)<\/strong><\/li>\n<li data-start=\"121\" data-end=\"140\"><strong data-start=\"123\" data-end=\"133\">Couleur :<\/strong> Gris<\/li>\n<li data-start=\"141\" data-end=\"246\"><strong data-start=\"143\" data-end=\"244\">La couche ext\u00e9rieure en polyur\u00e9thane maintient la forme de la corde et lui assure une plus longue dur\u00e9e de vie.<\/strong><\/li>\n<li data-start=\"247\" data-end=\"280\"><strong data-start=\"249\" data-end=\"270\">R\u00e9sistance \u00e0 la traction :<\/strong> 5500 kg<\/li>\n<li data-start=\"281\" data-end=\"335\"><strong data-start=\"283\" data-end=\"333\">Compatible avec la plupart des treuils pour SUV, ATV et UTV<\/strong><\/li>\n<\/ul>\n<h3 data-start=\"337\" data-end=\"360\"><strong data-start=\"341\" data-end=\"358\">Caract\u00e9ristiques principales :<\/strong><\/h3>\n<ol data-start=\"361\" data-end=\"713\" data-is-last-node=\"\">\n<li data-start=\"361\" data-end=\"409\">Facile \u00e0 utiliser, sans effilochage ni bouts pointus.<\/li>\n<li data-start=\"410\" data-end=\"459\">Peut \u00eatre utilis\u00e9 \u00e0 des temp\u00e9ratures aussi basses que -20\u00b0C.<\/li>\n<li data-start=\"460\" data-end=\"559\">Extr\u00eamement l\u00e9ger, il flotte sur l&rsquo;eau, est peu \u00e9lastique et ne se tord pas lors de la traction.<\/li>\n<li data-start=\"560\" data-end=\"635\">Am\u00e9liorez votre treuil avec un c\u00e2ble plus r\u00e9sistant que les c\u00e2bles d&rsquo;acier traditionnels.<\/li>\n<li data-start=\"636\" data-end=\"713\" data-is-last-node=\"\">La gaine ext\u00e9rieure prot\u00e8ge contre les surfaces rugueuses ou tranchantes telles que les rochers.<\/li>\n<\/ol>\n","protected":false},"excerpt":{"rendered":"<p><strong>OFM4X4<\/strong> C\u00e2ble de treuil plasma synth\u00e9tique gris avec crochet 8mm x 18m<\/p>\n","protected":false},"featured_media":33945,"comment_status":"open","ping_status":"closed","template":"","meta":[],"product_brand":[1279],"product_cat":[4658],"product_tag":[4047,3592,4048,3591],"class_list":{"0":"post-42564","1":"product","2":"type-product","3":"status-publish","4":"has-post-thumbnail","6":"product_brand-ofm4x4","7":"product_cat-recuperation","8":"product_tag-8mm-x-18m-fr","9":"product_tag-cable-de-treuil-avec-crochet","10":"product_tag-gray-synthetic-plasma-fr","11":"product_tag-ofm4x4-fr","12":"product_shipping_class-alte-produse-fr","14":"first","15":"instock","16":"taxable","17":"shipping-taxable","18":"purchasable","19":"product-type-simple"},"_links":{"self":[{"href":"https:\/\/ofm4x4.com\/fr\/wp-json\/wp\/v2\/product\/42564","targetHints":{"allow":["GET"]}}],"collection":[{"href":"https:\/\/ofm4x4.com\/fr\/wp-json\/wp\/v2\/product"}],"about":[{"href":"https:\/\/ofm4x4.com\/fr\/wp-json\/wp\/v2\/types\/product"}],"replies":[{"embeddable":true,"href":"https:\/\/ofm4x4.com\/fr\/wp-json\/wp\/v2\/comments?post=42564"}],"version-history":[{"count":1,"href":"https:\/\/ofm4x4.com\/fr\/wp-json\/wp\/v2\/product\/42564\/revisions"}],"predecessor-version":[{"id":42582,"href":"https:\/\/ofm4x4.com\/fr\/wp-json\/wp\/v2\/product\/42564\/revisions\/42582"}],"wp:featuredmedia":[{"embeddable":true,"href":"https:\/\/ofm4x4.com\/fr\/wp-json\/wp\/v2\/media\/33945"}],"wp:attachment":[{"href":"https:\/\/ofm4x4.com\/fr\/wp-json\/wp\/v2\/media?parent=42564"}],"wp:term":[{"taxonomy":"product_brand","embeddable":true,"href":"https:\/\/ofm4x4.com\/fr\/wp-json\/wp\/v2\/product_brand?post=42564"},{"taxonomy":"product_cat","embeddable":true,"href":"https:\/\/ofm4x4.com\/fr\/wp-json\/wp\/v2\/product_cat?post=42564"},{"taxonomy":"product_tag","embeddable":true,"href":"https:\/\/ofm4x4.com\/fr\/wp-json\/wp\/v2\/product_tag?post=42564"}],"curies":[{"name":"wp","href":"https:\/\/api.w.org\/{rel}","templated":true}]}}