{"id":42583,"date":"2022-09-23T08:30:33","date_gmt":"2022-09-23T08:30:33","guid":{"rendered":"https:\/\/ofm4x4.com\/shop\/non%20class\u00e9\/jante-acier-16x7-et-20-5x114-3-cb-60-1-off-road-pour-suzuki-grand-vitara-2008\/"},"modified":"2025-09-24T09:56:03","modified_gmt":"2025-09-24T09:56:03","slug":"jante-acier-16x7-et-20-5x114-3-cb-60-1-off-road-pour-suzuki-grand-vitara-2008","status":"publish","type":"product","link":"https:\/\/ofm4x4.com\/fr\/shop\/roues-en-acier\/jante-acier-16x7-et-20-5x114-3-cb-60-1-off-road-pour-suzuki-grand-vitara-2008\/","title":{"rendered":"Jante acier 16X7 ET +20 5&#215;114.3 CB 60.1 Off-Road pour Suzuki Grand Vitara 2008"},"content":{"rendered":"<div id=\"\\\" ali-anchor-alimagic-6rxnu8=\"\" class=\"\\\" magic-0=\"\" data-section=\"\\\"AliMagic-6rxnu8\\\"\" data-section-title=\"\\\"Product\" data-spm-anchor-id=\"\\\"a2700.details.pronpeci14.i0.7ae070497Niwca\\\"\">\n<h3 data-start=\"0\" data-end=\"21\">Sp\u00e9cifications :<\/h3>\n<ul data-start=\"23\" data-end=\"223\">\n<li data-start=\"23\" data-end=\"44\"><strong data-start=\"25\" data-end=\"38\">Diam\u00e8tre :<\/strong> R16<\/li>\n<li data-start=\"45\" data-end=\"62\"><strong data-start=\"47\" data-end=\"57\">Largeur :<\/strong> 7J<\/li>\n<li data-start=\"63\" data-end=\"87\"><strong data-start=\"65\" data-end=\"81\">ET (d\u00e9calage) :<\/strong> +20<\/li>\n<li data-start=\"88\" data-end=\"125\"><strong data-start=\"90\" data-end=\"113\">PCD (sch\u00e9ma de boulonnage) :<\/strong> 5 x 114.3<\/li>\n<li data-start=\"126\" data-end=\"170\"><strong data-start=\"128\" data-end=\"138\">Couleur :<\/strong> noir avec des lignes rouges et bleues<\/li>\n<li data-start=\"171\" data-end=\"201\"><strong data-start=\"173\" data-end=\"194\">CB (Center Bore) :<\/strong> 60.1<\/li>\n<li data-start=\"202\" data-end=\"223\"><strong data-start=\"204\" data-end=\"214\">Mod\u00e8le :<\/strong> OFM024<\/li>\n<\/ul>\n<p data-start=\"225\" data-end=\"380\">\u26a0\ufe0f Ces roues <strong data-start=\"245\" data-end=\"261\">ne<\/strong> sont <strong data-start=\"245\" data-end=\"261\">pas<\/strong> <strong data-start=\"290\" data-end=\"323\">homologu\u00e9es<\/strong> pour une utilisation sur la voie publique et <strong data-start=\"290\" data-end=\"323\">n&rsquo;ont pas de certification RAR<\/strong>.<br data-start=\"324\" data-end=\"327\">Elles sont con\u00e7ues exclusivement pour une <strong data-start=\"361\" data-end=\"377\">utilisation tout-terrain<\/strong>.<\/p>\n<ul data-start=\"382\" data-end=\"664\" data-is-last-node=\"\" data-is-only-node=\"\">\n<li data-start=\"382\" data-end=\"470\">Le produit est <strong data-start=\"399\" data-end=\"437\">peint en noir par \u00e9lectrostatique<\/strong>, ce qui am\u00e9liore la r\u00e9sistance aux rayures.<\/li>\n<li data-start=\"471\" data-end=\"664\" data-is-last-node=\"\">Le <strong data-start=\"477\" data-end=\"509\">talon a un \u00e9paulement n\u00e9gatif<\/strong>, ce qui positionne la roue plus \u00e0 l&rsquo;ext\u00e9rieur par rapport au moyeu, ce qui am\u00e9liore la stabilit\u00e9 du v\u00e9hicule et offre plus d&rsquo;espace pour les <strong data-start=\"635\" data-end=\"663\">pneus tout-terrain surdimensionn\u00e9s<\/strong>.<\/li>\n<\/ul>\n<\/div>\n","protected":false},"excerpt":{"rendered":"<p data-start=\"0\" data-end=\"83\"><strong data-start=\"0\" data-end=\"81\">Roue en acier 16X7 ET +20 5X114.3 CB 60.1 Off-Road pour Suzuki Grand Vitara 2008<\/strong><\/p>\n<p data-start=\"85\" data-end=\"186\">\u26a0\ufe0f Ces roues <strong data-start=\"105\" data-end=\"121\">ne<\/strong> sont pas <strong data-start=\"150\" data-end=\"183\">homologu\u00e9es<\/strong> pour une utilisation sur la voie publique et <strong data-start=\"150\" data-end=\"183\">n&rsquo;ont pas de certification RAR<\/strong>.<\/p>\n<p data-start=\"188\" data-end=\"239\" data-is-last-node=\"\" data-is-only-node=\"\">Ils sont con\u00e7us exclusivement pour une <strong data-start=\"222\" data-end=\"238\">utilisation hors route.<\/strong><\/p>\n","protected":false},"featured_media":36896,"comment_status":"open","ping_status":"closed","template":"","meta":[],"product_brand":[1279],"product_cat":[4625],"product_tag":[4089,4090,3623],"class_list":{"0":"post-42583","1":"product","2":"type-product","3":"status-publish","4":"has-post-thumbnail","6":"product_brand-ofm4x4","7":"product_cat-roues-en-acier","8":"product_tag-16x7-fr","9":"product_tag-et-20-5x114-3-cb-60-1-fr","10":"product_tag-roue-en-acier","11":"product_shipping_class-alte-produse-fr","13":"first","14":"outofstock","15":"taxable","16":"shipping-taxable","17":"purchasable","18":"product-type-simple"},"_links":{"self":[{"href":"https:\/\/ofm4x4.com\/fr\/wp-json\/wp\/v2\/product\/42583","targetHints":{"allow":["GET"]}}],"collection":[{"href":"https:\/\/ofm4x4.com\/fr\/wp-json\/wp\/v2\/product"}],"about":[{"href":"https:\/\/ofm4x4.com\/fr\/wp-json\/wp\/v2\/types\/product"}],"replies":[{"embeddable":true,"href":"https:\/\/ofm4x4.com\/fr\/wp-json\/wp\/v2\/comments?post=42583"}],"version-history":[{"count":1,"href":"https:\/\/ofm4x4.com\/fr\/wp-json\/wp\/v2\/product\/42583\/revisions"}],"predecessor-version":[{"id":42589,"href":"https:\/\/ofm4x4.com\/fr\/wp-json\/wp\/v2\/product\/42583\/revisions\/42589"}],"wp:featuredmedia":[{"embeddable":true,"href":"https:\/\/ofm4x4.com\/fr\/wp-json\/wp\/v2\/media\/36896"}],"wp:attachment":[{"href":"https:\/\/ofm4x4.com\/fr\/wp-json\/wp\/v2\/media?parent=42583"}],"wp:term":[{"taxonomy":"product_brand","embeddable":true,"href":"https:\/\/ofm4x4.com\/fr\/wp-json\/wp\/v2\/product_brand?post=42583"},{"taxonomy":"product_cat","embeddable":true,"href":"https:\/\/ofm4x4.com\/fr\/wp-json\/wp\/v2\/product_cat?post=42583"},{"taxonomy":"product_tag","embeddable":true,"href":"https:\/\/ofm4x4.com\/fr\/wp-json\/wp\/v2\/product_tag?post=42583"}],"curies":[{"name":"wp","href":"https:\/\/api.w.org\/{rel}","templated":true}]}}