{"id":42621,"date":"2023-02-20T12:26:09","date_gmt":"2023-02-20T12:26:09","guid":{"rendered":"https:\/\/ofm4x4.com\/shop\/non%20class\u00e9\/ofm114-entretoises-de-roues-brides-30mm-6x139-7-m12x1-5mm-cb-106-1-avec-anneau-de-centrage\/"},"modified":"2025-09-24T09:56:06","modified_gmt":"2025-09-24T09:56:06","slug":"ofm114-entretoises-de-roues-brides-30mm-6x139-7-m12x1-5mm-cb-106-1-avec-anneau-de-centrage","status":"publish","type":"product","link":"https:\/\/ofm4x4.com\/fr\/shop\/cales-de-roue\/ofm114-entretoises-de-roues-brides-30mm-6x139-7-m12x1-5mm-cb-106-1-avec-anneau-de-centrage\/","title":{"rendered":"OFM114 Entretoises de roues Brides 30mm 6&#215;139.7 M12x1.5mm CB 106.1 avec anneau de centrage"},"content":{"rendered":"<ul>\n<li data-start=\"0\" data-end=\"124\">Anneau de centrage : OUI<\/li>\n<li data-start=\"0\" data-end=\"124\">\u00c9paisseur : 30mm<\/li>\n<li data-start=\"0\" data-end=\"124\">Filet : M12 x 1.5<\/li>\n<li data-start=\"0\" data-end=\"124\">PCD : 6 x 139,7<\/li>\n<li data-start=\"0\" data-end=\"124\">Mat\u00e9riau : Aluminium<\/li>\n<li data-start=\"0\" data-end=\"124\">CB : 106,1<\/li>\n<li data-start=\"0\" data-end=\"124\">Mod\u00e8le : OFM 114<\/li>\n<\/ul>\n<p data-start=\"126\" data-end=\"334\">Les entretoises de roues sont fabriqu\u00e9es en aluminium dur sp\u00e9cial et r\u00e9pondent aux normes de qualit\u00e9 et de s\u00e9curit\u00e9 requises. Elles am\u00e9liorent la stabilit\u00e9 du v\u00e9hicule apr\u00e8s l&rsquo;avoir soulev\u00e9 en installant une suspension et des roues plus grandes. <\/p>\n<p data-start=\"336\" data-end=\"359\" data-is-last-node=\"\" data-is-only-node=\"\">Le prix est par pi\u00e8ce.<\/p>\n","protected":false},"excerpt":{"rendered":"<p>Entretoises de roue 30mm 6&#215;139.7 M12x1.5mm CB 106.1 avec anneau de centrage<\/p>\n","protected":false},"featured_media":36886,"comment_status":"open","ping_status":"closed","template":"","meta":[],"product_brand":[1279],"product_cat":[4610],"product_tag":[4002,3689,4081,3762,3652,3688],"class_list":{"0":"post-42621","1":"product","2":"type-product","3":"status-publish","4":"has-post-thumbnail","6":"product_brand-ofm4x4","7":"product_cat-cales-de-roue","8":"product_tag-30mm-fr","9":"product_tag-6x139-7-fr","10":"product_tag-cb-106-1-fr","11":"product_tag-centering-ring-fr","12":"product_tag-entretoises-de-roue","13":"product_tag-m12x15mm","14":"product_shipping_class-produse-usoare-set-fr","16":"first","17":"instock","18":"taxable","19":"shipping-taxable","20":"purchasable","21":"product-type-simple"},"_links":{"self":[{"href":"https:\/\/ofm4x4.com\/fr\/wp-json\/wp\/v2\/product\/42621","targetHints":{"allow":["GET"]}}],"collection":[{"href":"https:\/\/ofm4x4.com\/fr\/wp-json\/wp\/v2\/product"}],"about":[{"href":"https:\/\/ofm4x4.com\/fr\/wp-json\/wp\/v2\/types\/product"}],"replies":[{"embeddable":true,"href":"https:\/\/ofm4x4.com\/fr\/wp-json\/wp\/v2\/comments?post=42621"}],"version-history":[{"count":1,"href":"https:\/\/ofm4x4.com\/fr\/wp-json\/wp\/v2\/product\/42621\/revisions"}],"predecessor-version":[{"id":42629,"href":"https:\/\/ofm4x4.com\/fr\/wp-json\/wp\/v2\/product\/42621\/revisions\/42629"}],"wp:featuredmedia":[{"embeddable":true,"href":"https:\/\/ofm4x4.com\/fr\/wp-json\/wp\/v2\/media\/36886"}],"wp:attachment":[{"href":"https:\/\/ofm4x4.com\/fr\/wp-json\/wp\/v2\/media?parent=42621"}],"wp:term":[{"taxonomy":"product_brand","embeddable":true,"href":"https:\/\/ofm4x4.com\/fr\/wp-json\/wp\/v2\/product_brand?post=42621"},{"taxonomy":"product_cat","embeddable":true,"href":"https:\/\/ofm4x4.com\/fr\/wp-json\/wp\/v2\/product_cat?post=42621"},{"taxonomy":"product_tag","embeddable":true,"href":"https:\/\/ofm4x4.com\/fr\/wp-json\/wp\/v2\/product_tag?post=42621"}],"curies":[{"name":"wp","href":"https:\/\/api.w.org\/{rel}","templated":true}]}}