{"id":42622,"date":"2022-08-25T14:35:12","date_gmt":"2022-08-25T14:35:12","guid":{"rendered":"https:\/\/ofm4x4.com\/shop\/non%20class\u00e9\/differentiel-verrouillable-tre-4x4-essieu-avant-tr308-grand-vitara-2\/"},"modified":"2025-09-24T09:56:06","modified_gmt":"2025-09-24T09:56:06","slug":"differentiel-verrouillable-tre-4x4-essieu-avant-tr308-grand-vitara-2","status":"publish","type":"product","link":"https:\/\/ofm4x4.com\/fr\/shop\/differentiel-autobloquant\/differentiel-verrouillable-tre-4x4-essieu-avant-tr308-grand-vitara-2\/","title":{"rendered":"Diff\u00e9rentiel verrouillable TRE 4&#215;4 Essieu avant TR308 Grand Vitara 2"},"content":{"rendered":"<h3 data-start=\"0\" data-end=\"25\"><strong data-start=\"4\" data-end=\"25\">Garantie de 12 mois<\/strong><\/h3>\n<p data-start=\"27\" data-end=\"108\">Vous pouvez consulter le <strong data-start=\"45\" data-end=\"87\">catalogue des diff\u00e9rentiels verrouillables TRE 4&#215;4<\/strong> pour conna\u00eetre leur compatibilit\u00e9.<\/p>\n<p data-start=\"110\" data-end=\"159\"><strong data-start=\"110\" data-end=\"130\">Compatible avec :<\/strong> Grand Vitara 2 (2006-2012)<\/p>\n<p data-start=\"161\" data-end=\"255\">Pour actionner le diff\u00e9rentiel verrouillable, vous aurez \u00e9galement besoin du <strong data-start=\"222\" data-end=\"252\">compresseur d&rsquo;air 12V TRE 4&#215;4.<\/strong><\/p>\n<ul data-start=\"257\" data-end=\"330\">\n<li data-start=\"257\" data-end=\"275\"><strong data-start=\"259\" data-end=\"273\">26 cannelures<\/strong><\/li>\n<li data-start=\"276\" data-end=\"305\"><strong data-start=\"278\" data-end=\"303\">12 boulons sur la couronne<\/strong><\/li>\n<li data-start=\"306\" data-end=\"330\"><strong data-start=\"308\" data-end=\"328\">Rapports de vitesse : tous<\/strong><\/li>\n<\/ul>\n<p data-start=\"332\" data-end=\"449\">Pour une installation correcte et pour \u00e9viter tout dommage, nous vous recommandons de faire monter les pi\u00e8ces par un <strong data-start=\"419\" data-end=\"446\">service 4&#215;4 sp\u00e9cialis\u00e9.<\/strong><\/p>\n<ul data-start=\"451\" data-end=\"1017\">\n<li data-start=\"451\" data-end=\"482\"><strong data-start=\"453\" data-end=\"480\">Traction 100% \u00e0 la demande<\/strong><\/li>\n<li data-start=\"483\" data-end=\"524\">S&rsquo;engage avec un <strong data-start=\"500\" data-end=\"522\">compresseur TRE 4&#215;4<\/strong><\/li>\n<li data-start=\"525\" data-end=\"562\"><strong data-start=\"527\" data-end=\"560\">Am\u00e9lioration des performances de traction<\/strong><\/li>\n<li data-start=\"563\" data-end=\"686\"><strong data-start=\"565\" data-end=\"600\">Fonctionnement simple et pratique<\/strong>, permettant \u00e0 l&rsquo;utilisateur de se concentrer sur le terrain tout en maintenant le <strong data-start=\"662\" data-end=\"684\">confort et la s\u00e9curit\u00e9.<\/strong><\/li>\n<li data-start=\"687\" data-end=\"767\"><strong data-start=\"689\" data-end=\"727\">Exceptionnellement durable et puissant<\/strong>, fabriqu\u00e9 \u00e0 partir de <strong data-start=\"739\" data-end=\"765\">mat\u00e9riaux de haute qualit\u00e9<\/strong><\/li>\n<li data-start=\"768\" data-end=\"848\"><strong data-start=\"770\" data-end=\"812\">Conception incroyablement simple et efficace<\/strong>, garantissant une <strong data-start=\"823\" data-end=\"846\">fiabilit\u00e9 maximale<\/strong><\/li>\n<li data-start=\"849\" data-end=\"926\"><strong data-start=\"851\" data-end=\"879\">Conception \u00e9prouv\u00e9e et test\u00e9e<\/strong>, fiable dans <strong data-start=\"893\" data-end=\"924\">plus de 80 pays \u00e0 travers le monde<\/strong><\/li>\n<li data-start=\"927\" data-end=\"1017\"><strong data-start=\"942\" data-end=\"983\">Diff\u00e9rentiels verrouillables avant et arri\u00e8re<\/strong> disponibles pour la plupart des <strong data-start=\"993\" data-end=\"1015\">mod\u00e8les 4WD et 2WD<\/strong><\/li>\n<\/ul>\n","protected":false},"excerpt":{"rendered":"<p><strong>TR308<\/strong> Grand Vitara 2<\/p>\n<p>Diff\u00e9rentiel verrouillable TRE 4&#215;4 Essieu avant<\/p>\n","protected":false},"featured_media":33868,"comment_status":"open","ping_status":"closed","template":"","meta":[],"product_brand":[1233],"product_cat":[4583],"product_tag":[3722,4101,3702,4102,3704],"class_list":{"0":"post-42622","1":"product","2":"type-product","3":"status-publish","4":"has-post-thumbnail","6":"product_brand-tre-4x4","7":"product_cat-differentiel-autobloquant","8":"product_tag-front-axle-fr","9":"product_tag-grand-vitara-2-fr","10":"product_tag-lockable-differential-fr","11":"product_tag-tr308-fr","12":"product_tag-tre-4x4-fr","13":"product_shipping_class-alte-produse-fr","15":"first","16":"instock","17":"taxable","18":"shipping-taxable","19":"purchasable","20":"product-type-simple"},"_links":{"self":[{"href":"https:\/\/ofm4x4.com\/fr\/wp-json\/wp\/v2\/product\/42622","targetHints":{"allow":["GET"]}}],"collection":[{"href":"https:\/\/ofm4x4.com\/fr\/wp-json\/wp\/v2\/product"}],"about":[{"href":"https:\/\/ofm4x4.com\/fr\/wp-json\/wp\/v2\/types\/product"}],"replies":[{"embeddable":true,"href":"https:\/\/ofm4x4.com\/fr\/wp-json\/wp\/v2\/comments?post=42622"}],"version-history":[{"count":1,"href":"https:\/\/ofm4x4.com\/fr\/wp-json\/wp\/v2\/product\/42622\/revisions"}],"predecessor-version":[{"id":42632,"href":"https:\/\/ofm4x4.com\/fr\/wp-json\/wp\/v2\/product\/42622\/revisions\/42632"}],"wp:featuredmedia":[{"embeddable":true,"href":"https:\/\/ofm4x4.com\/fr\/wp-json\/wp\/v2\/media\/33868"}],"wp:attachment":[{"href":"https:\/\/ofm4x4.com\/fr\/wp-json\/wp\/v2\/media?parent=42622"}],"wp:term":[{"taxonomy":"product_brand","embeddable":true,"href":"https:\/\/ofm4x4.com\/fr\/wp-json\/wp\/v2\/product_brand?post=42622"},{"taxonomy":"product_cat","embeddable":true,"href":"https:\/\/ofm4x4.com\/fr\/wp-json\/wp\/v2\/product_cat?post=42622"},{"taxonomy":"product_tag","embeddable":true,"href":"https:\/\/ofm4x4.com\/fr\/wp-json\/wp\/v2\/product_tag?post=42622"}],"curies":[{"name":"wp","href":"https:\/\/api.w.org\/{rel}","templated":true}]}}