{"id":42675,"date":"2023-10-06T12:40:15","date_gmt":"2023-10-06T12:40:15","guid":{"rendered":"https:\/\/ofm4x4.com\/shop\/non%20class\u00e9\/snorkel-pour-nissan-navara-d22-2000-2004-ford-maverick-2-5td\/"},"modified":"2025-09-24T09:56:37","modified_gmt":"2025-09-24T09:56:37","slug":"snorkel-pour-nissan-navara-d22-2000-2004-ford-maverick-2-5td","status":"publish","type":"product","link":"https:\/\/ofm4x4.com\/fr\/shop\/snorkel\/snorkel-pour-nissan-navara-d22-2000-2004-ford-maverick-2-5td\/","title":{"rendered":"Snorkel pour Nissan Navara D22 (2000-2004), Ford Maverick 2.5TD"},"content":{"rendered":"<p data-start=\"0\" data-end=\"60\">Snorkel Nissan Navara D22 (2000-2004), Ford Maverick 2.5TD<\/p>\n<p data-start=\"62\" data-end=\"93\">Pr\u00eat \u00e0 \u00eatre assembl\u00e9 imm\u00e9diatement.<\/p>\n<p data-start=\"95\" data-end=\"111\">Fabriqu\u00e9 en LLDPE.<\/p>\n<p data-start=\"113\" data-end=\"139\" data-is-last-node=\"\" data-is-only-node=\"\">Haute r\u00e9sistance aux dommages.<\/p>\n","protected":false},"excerpt":{"rendered":"<p>Snorkel pour Nissan Navara D22 (2000-2004), Ford Maverick 2.5TD<\/p>\n","protected":false},"featured_media":36150,"comment_status":"open","ping_status":"closed","template":"","meta":[],"product_brand":[1279],"product_cat":[4904],"product_tag":[3906,3907,3819],"class_list":{"0":"post-42675","1":"product","2":"type-product","3":"status-publish","4":"has-post-thumbnail","6":"product_brand-ofm4x4","7":"product_cat-snorkel","8":"product_tag-ford-maverick-2-5td-fr","9":"product_tag-nissan-navara-d22-fr","10":"product_tag-snorkel-fr","11":"product_shipping_class-alte-produse-fr","13":"first","14":"instock","15":"taxable","16":"shipping-taxable","17":"purchasable","18":"product-type-simple"},"_links":{"self":[{"href":"https:\/\/ofm4x4.com\/fr\/wp-json\/wp\/v2\/product\/42675","targetHints":{"allow":["GET"]}}],"collection":[{"href":"https:\/\/ofm4x4.com\/fr\/wp-json\/wp\/v2\/product"}],"about":[{"href":"https:\/\/ofm4x4.com\/fr\/wp-json\/wp\/v2\/types\/product"}],"replies":[{"embeddable":true,"href":"https:\/\/ofm4x4.com\/fr\/wp-json\/wp\/v2\/comments?post=42675"}],"version-history":[{"count":1,"href":"https:\/\/ofm4x4.com\/fr\/wp-json\/wp\/v2\/product\/42675\/revisions"}],"predecessor-version":[{"id":42683,"href":"https:\/\/ofm4x4.com\/fr\/wp-json\/wp\/v2\/product\/42675\/revisions\/42683"}],"wp:featuredmedia":[{"embeddable":true,"href":"https:\/\/ofm4x4.com\/fr\/wp-json\/wp\/v2\/media\/36150"}],"wp:attachment":[{"href":"https:\/\/ofm4x4.com\/fr\/wp-json\/wp\/v2\/media?parent=42675"}],"wp:term":[{"taxonomy":"product_brand","embeddable":true,"href":"https:\/\/ofm4x4.com\/fr\/wp-json\/wp\/v2\/product_brand?post=42675"},{"taxonomy":"product_cat","embeddable":true,"href":"https:\/\/ofm4x4.com\/fr\/wp-json\/wp\/v2\/product_cat?post=42675"},{"taxonomy":"product_tag","embeddable":true,"href":"https:\/\/ofm4x4.com\/fr\/wp-json\/wp\/v2\/product_tag?post=42675"}],"curies":[{"name":"wp","href":"https:\/\/api.w.org\/{rel}","templated":true}]}}