{"id":42698,"date":"2023-10-06T12:31:25","date_gmt":"2023-10-06T12:31:25","guid":{"rendered":"https:\/\/ofm4x4.com\/shop\/non%20class\u00e9\/snorkel-pour-nissan-navara-d22-1997-2000-terrano-ii-ford-maverick-frontier\/"},"modified":"2025-09-24T09:56:39","modified_gmt":"2025-09-24T09:56:39","slug":"snorkel-pour-nissan-navara-d22-1997-2000-terrano-ii-ford-maverick-frontier","status":"publish","type":"product","link":"https:\/\/ofm4x4.com\/fr\/shop\/snorkel\/snorkel-pour-nissan-navara-d22-1997-2000-terrano-ii-ford-maverick-frontier\/","title":{"rendered":"Snorkel pour Nissan Navara D22 (1997-2000), Terrano II, Ford Maverick, Frontier"},"content":{"rendered":"<p data-start=\"0\" data-end=\"76\">Snorkel Nissan Navara D22 (1997-2000), Terrano II, Ford Maverick, Frontier<\/p>\n<p data-start=\"78\" data-end=\"109\">Pr\u00eat \u00e0 \u00eatre assembl\u00e9 imm\u00e9diatement.<\/p>\n<p data-start=\"111\" data-end=\"127\">Fabriqu\u00e9 en LLDPE.<\/p>\n<p data-start=\"129\" data-end=\"155\" data-is-last-node=\"\" data-is-only-node=\"\">Haute r\u00e9sistance aux dommages.<\/p>\n","protected":false},"excerpt":{"rendered":"<p>Snorkel pour Nissan Navara D22 (1997-2000), Terrano II, Ford Maverick, Frontier<\/p>\n","protected":false},"featured_media":36165,"comment_status":"open","ping_status":"closed","template":"","meta":[],"product_brand":[1279],"product_cat":[4904],"product_tag":[3916,3917,3907,3819,3918],"class_list":{"0":"post-42698","1":"product","2":"type-product","3":"status-publish","4":"has-post-thumbnail","6":"product_brand-ofm4x4","7":"product_cat-snorkel","8":"product_tag-ford-maverick-fr","9":"product_tag-frontier-fr","10":"product_tag-nissan-navara-d22-fr","11":"product_tag-snorkel-fr","12":"product_tag-terrano-ii-fr","13":"product_shipping_class-alte-produse-fr","15":"first","16":"instock","17":"taxable","18":"shipping-taxable","19":"purchasable","20":"product-type-simple"},"_links":{"self":[{"href":"https:\/\/ofm4x4.com\/fr\/wp-json\/wp\/v2\/product\/42698","targetHints":{"allow":["GET"]}}],"collection":[{"href":"https:\/\/ofm4x4.com\/fr\/wp-json\/wp\/v2\/product"}],"about":[{"href":"https:\/\/ofm4x4.com\/fr\/wp-json\/wp\/v2\/types\/product"}],"replies":[{"embeddable":true,"href":"https:\/\/ofm4x4.com\/fr\/wp-json\/wp\/v2\/comments?post=42698"}],"version-history":[{"count":1,"href":"https:\/\/ofm4x4.com\/fr\/wp-json\/wp\/v2\/product\/42698\/revisions"}],"predecessor-version":[{"id":42702,"href":"https:\/\/ofm4x4.com\/fr\/wp-json\/wp\/v2\/product\/42698\/revisions\/42702"}],"wp:featuredmedia":[{"embeddable":true,"href":"https:\/\/ofm4x4.com\/fr\/wp-json\/wp\/v2\/media\/36165"}],"wp:attachment":[{"href":"https:\/\/ofm4x4.com\/fr\/wp-json\/wp\/v2\/media?parent=42698"}],"wp:term":[{"taxonomy":"product_brand","embeddable":true,"href":"https:\/\/ofm4x4.com\/fr\/wp-json\/wp\/v2\/product_brand?post=42698"},{"taxonomy":"product_cat","embeddable":true,"href":"https:\/\/ofm4x4.com\/fr\/wp-json\/wp\/v2\/product_cat?post=42698"},{"taxonomy":"product_tag","embeddable":true,"href":"https:\/\/ofm4x4.com\/fr\/wp-json\/wp\/v2\/product_tag?post=42698"}],"curies":[{"name":"wp","href":"https:\/\/api.w.org\/{rel}","templated":true}]}}