{"id":42711,"date":"2023-10-06T12:08:16","date_gmt":"2023-10-06T12:08:16","guid":{"rendered":"https:\/\/ofm4x4.com\/shop\/non%20class\u00e9\/snorkel-pour-mitsubishi-l200-10-1996-10-2006-pajero-sport-1998-2008\/"},"modified":"2025-09-24T09:56:47","modified_gmt":"2025-09-24T09:56:47","slug":"snorkel-pour-mitsubishi-l200-10-1996-10-2006-pajero-sport-1998-2008","status":"publish","type":"product","link":"https:\/\/ofm4x4.com\/fr\/shop\/snorkel\/snorkel-pour-mitsubishi-l200-10-1996-10-2006-pajero-sport-1998-2008\/","title":{"rendered":"Snorkel pour Mitsubishi L200 (10\/1996 &#8211; 10\/2006), Pajero Sport (1998-2008)"},"content":{"rendered":"<p data-start=\"0\" data-end=\"71\">Snorkel Mitsubishi L200 (10\/1996 &#8211; 10\/2006), Pajero Sport (1998-2008)<\/p>\n<p data-start=\"73\" data-end=\"104\">Pr\u00eat \u00e0 \u00eatre assembl\u00e9 imm\u00e9diatement.<\/p>\n<p data-start=\"106\" data-end=\"122\">Fabriqu\u00e9 en LLDPE.<\/p>\n<p data-start=\"124\" data-end=\"150\" data-is-last-node=\"\" data-is-only-node=\"\">Haute r\u00e9sistance aux dommages.<\/p>\n","protected":false},"excerpt":{"rendered":"<p>Snorkel pour Mitsubishi L200 (10\/1996 &#8211; 10\/2006), Pajero Sport (1998-2008)<\/p>\n","protected":false},"featured_media":36769,"comment_status":"open","ping_status":"closed","template":"","meta":[],"product_brand":[1279],"product_cat":[4904],"product_tag":[3934,3935,3819],"class_list":{"0":"post-42711","1":"product","2":"type-product","3":"status-publish","4":"has-post-thumbnail","6":"product_brand-ofm4x4","7":"product_cat-snorkel","8":"product_tag-mitsubishi-l200-fr","9":"product_tag-pajero-sport-fr","10":"product_tag-snorkel-fr","11":"product_shipping_class-alte-produse-fr","13":"first","14":"instock","15":"taxable","16":"shipping-taxable","17":"purchasable","18":"product-type-simple"},"_links":{"self":[{"href":"https:\/\/ofm4x4.com\/fr\/wp-json\/wp\/v2\/product\/42711","targetHints":{"allow":["GET"]}}],"collection":[{"href":"https:\/\/ofm4x4.com\/fr\/wp-json\/wp\/v2\/product"}],"about":[{"href":"https:\/\/ofm4x4.com\/fr\/wp-json\/wp\/v2\/types\/product"}],"replies":[{"embeddable":true,"href":"https:\/\/ofm4x4.com\/fr\/wp-json\/wp\/v2\/comments?post=42711"}],"version-history":[{"count":1,"href":"https:\/\/ofm4x4.com\/fr\/wp-json\/wp\/v2\/product\/42711\/revisions"}],"predecessor-version":[{"id":42722,"href":"https:\/\/ofm4x4.com\/fr\/wp-json\/wp\/v2\/product\/42711\/revisions\/42722"}],"wp:featuredmedia":[{"embeddable":true,"href":"https:\/\/ofm4x4.com\/fr\/wp-json\/wp\/v2\/media\/36769"}],"wp:attachment":[{"href":"https:\/\/ofm4x4.com\/fr\/wp-json\/wp\/v2\/media?parent=42711"}],"wp:term":[{"taxonomy":"product_brand","embeddable":true,"href":"https:\/\/ofm4x4.com\/fr\/wp-json\/wp\/v2\/product_brand?post=42711"},{"taxonomy":"product_cat","embeddable":true,"href":"https:\/\/ofm4x4.com\/fr\/wp-json\/wp\/v2\/product_cat?post=42711"},{"taxonomy":"product_tag","embeddable":true,"href":"https:\/\/ofm4x4.com\/fr\/wp-json\/wp\/v2\/product_tag?post=42711"}],"curies":[{"name":"wp","href":"https:\/\/api.w.org\/{rel}","templated":true}]}}