{"id":42749,"date":"2023-10-06T06:27:43","date_gmt":"2023-10-06T06:27:43","guid":{"rendered":"https:\/\/ofm4x4.com\/shop\/non%20class\u00e9\/snorkel-pour-suzuki-jimny-1998-2018\/"},"modified":"2025-09-24T09:56:50","modified_gmt":"2025-09-24T09:56:50","slug":"snorkel-pour-suzuki-jimny-1998-2018","status":"publish","type":"product","link":"https:\/\/ofm4x4.com\/fr\/shop\/snorkel\/snorkel-pour-suzuki-jimny-1998-2018\/","title":{"rendered":"Snorkel pour Suzuki Jimny (1998-2018)"},"content":{"rendered":"<p data-start=\"0\" data-end=\"34\">Snorkel Suzuki Jimny (1998-2018)<\/p>\n<p data-start=\"36\" data-end=\"67\">Pr\u00eat \u00e0 \u00eatre assembl\u00e9 imm\u00e9diatement.<\/p>\n<p data-start=\"69\" data-end=\"85\">Fabriqu\u00e9 en LLDPE.<\/p>\n<p data-start=\"87\" data-end=\"115\">Haute r\u00e9sistance aux dommages.<\/p>\n<p data-start=\"117\" data-end=\"167\" data-is-last-node=\"\" data-is-only-node=\"\"><em data-start=\"117\" data-end=\"167\" data-is-last-node=\"\">Le snorkel n&rsquo;est PAS grav\u00e9 du logo Jimny.<\/em><\/p>\n","protected":false},"excerpt":{"rendered":"<p>Snorkel pour Suzuki Jimny (1998-2018)<\/p>\n","protected":false},"featured_media":36781,"comment_status":"open","ping_status":"closed","template":"","meta":[],"product_brand":[1279],"product_cat":[4904],"product_tag":[3819,3950],"class_list":{"0":"post-42749","1":"product","2":"type-product","3":"status-publish","4":"has-post-thumbnail","6":"product_brand-ofm4x4","7":"product_cat-snorkel","8":"product_tag-snorkel-fr","9":"product_tag-suzuki-jimny-fr","10":"product_shipping_class-alte-produse-fr","12":"first","13":"instock","14":"taxable","15":"shipping-taxable","16":"purchasable","17":"product-type-simple"},"_links":{"self":[{"href":"https:\/\/ofm4x4.com\/fr\/wp-json\/wp\/v2\/product\/42749","targetHints":{"allow":["GET"]}}],"collection":[{"href":"https:\/\/ofm4x4.com\/fr\/wp-json\/wp\/v2\/product"}],"about":[{"href":"https:\/\/ofm4x4.com\/fr\/wp-json\/wp\/v2\/types\/product"}],"replies":[{"embeddable":true,"href":"https:\/\/ofm4x4.com\/fr\/wp-json\/wp\/v2\/comments?post=42749"}],"version-history":[{"count":1,"href":"https:\/\/ofm4x4.com\/fr\/wp-json\/wp\/v2\/product\/42749\/revisions"}],"predecessor-version":[{"id":42759,"href":"https:\/\/ofm4x4.com\/fr\/wp-json\/wp\/v2\/product\/42749\/revisions\/42759"}],"wp:featuredmedia":[{"embeddable":true,"href":"https:\/\/ofm4x4.com\/fr\/wp-json\/wp\/v2\/media\/36781"}],"wp:attachment":[{"href":"https:\/\/ofm4x4.com\/fr\/wp-json\/wp\/v2\/media?parent=42749"}],"wp:term":[{"taxonomy":"product_brand","embeddable":true,"href":"https:\/\/ofm4x4.com\/fr\/wp-json\/wp\/v2\/product_brand?post=42749"},{"taxonomy":"product_cat","embeddable":true,"href":"https:\/\/ofm4x4.com\/fr\/wp-json\/wp\/v2\/product_cat?post=42749"},{"taxonomy":"product_tag","embeddable":true,"href":"https:\/\/ofm4x4.com\/fr\/wp-json\/wp\/v2\/product_tag?post=42749"}],"curies":[{"name":"wp","href":"https:\/\/api.w.org\/{rel}","templated":true}]}}