{"id":42803,"date":"2023-10-06T05:56:25","date_gmt":"2023-10-06T05:56:25","guid":{"rendered":"https:\/\/ofm4x4.com\/shop\/non%20class\u00e9\/snorkel-pour-ford-ranger-2007-2011-mazda-bt-50-2006-2011\/"},"modified":"2025-09-24T09:57:02","modified_gmt":"2025-09-24T09:57:02","slug":"snorkel-pour-ford-ranger-2007-2011-mazda-bt-50-2006-2011","status":"publish","type":"product","link":"https:\/\/ofm4x4.com\/fr\/shop\/snorkel\/snorkel-pour-ford-ranger-2007-2011-mazda-bt-50-2006-2011\/","title":{"rendered":"Snorkel pour Ford Ranger (2007-2011), Mazda BT-50 (2006-2011)"},"content":{"rendered":"<p data-start=\"0\" data-end=\"58\">Snorkel Ford Ranger (2007-2011), Mazda BT-50 (2006-2011)<\/p>\n<p data-start=\"60\" data-end=\"91\">Pr\u00eat \u00e0 \u00eatre assembl\u00e9 imm\u00e9diatement.<\/p>\n<p data-start=\"93\" data-end=\"109\">Fabriqu\u00e9 en LLDPE.<\/p>\n<p data-start=\"111\" data-end=\"137\" data-is-last-node=\"\" data-is-only-node=\"\">Haute r\u00e9sistance aux dommages.<\/p>\n","protected":false},"excerpt":{"rendered":"<p>Snorkel pour Ford Ranger (2007-2011), Mazda BT-50 (2006-2011)<\/p>\n","protected":false},"featured_media":36799,"comment_status":"open","ping_status":"closed","template":"","meta":[],"product_brand":[1279],"product_cat":[4904],"product_tag":[3970,3971,3819],"class_list":{"0":"post-42803","1":"product","2":"type-product","3":"status-publish","4":"has-post-thumbnail","6":"product_brand-ofm4x4","7":"product_cat-snorkel","8":"product_tag-ford-ranger-fr","9":"product_tag-mazda-bt-50-fr","10":"product_tag-snorkel-fr","11":"product_shipping_class-alte-produse-fr","13":"first","14":"instock","15":"taxable","16":"shipping-taxable","17":"purchasable","18":"product-type-simple"},"_links":{"self":[{"href":"https:\/\/ofm4x4.com\/fr\/wp-json\/wp\/v2\/product\/42803","targetHints":{"allow":["GET"]}}],"collection":[{"href":"https:\/\/ofm4x4.com\/fr\/wp-json\/wp\/v2\/product"}],"about":[{"href":"https:\/\/ofm4x4.com\/fr\/wp-json\/wp\/v2\/types\/product"}],"replies":[{"embeddable":true,"href":"https:\/\/ofm4x4.com\/fr\/wp-json\/wp\/v2\/comments?post=42803"}],"version-history":[{"count":1,"href":"https:\/\/ofm4x4.com\/fr\/wp-json\/wp\/v2\/product\/42803\/revisions"}],"predecessor-version":[{"id":42815,"href":"https:\/\/ofm4x4.com\/fr\/wp-json\/wp\/v2\/product\/42803\/revisions\/42815"}],"wp:featuredmedia":[{"embeddable":true,"href":"https:\/\/ofm4x4.com\/fr\/wp-json\/wp\/v2\/media\/36799"}],"wp:attachment":[{"href":"https:\/\/ofm4x4.com\/fr\/wp-json\/wp\/v2\/media?parent=42803"}],"wp:term":[{"taxonomy":"product_brand","embeddable":true,"href":"https:\/\/ofm4x4.com\/fr\/wp-json\/wp\/v2\/product_brand?post=42803"},{"taxonomy":"product_cat","embeddable":true,"href":"https:\/\/ofm4x4.com\/fr\/wp-json\/wp\/v2\/product_cat?post=42803"},{"taxonomy":"product_tag","embeddable":true,"href":"https:\/\/ofm4x4.com\/fr\/wp-json\/wp\/v2\/product_tag?post=42803"}],"curies":[{"name":"wp","href":"https:\/\/api.w.org\/{rel}","templated":true}]}}