{"id":42872,"date":"2023-08-01T07:19:28","date_gmt":"2023-08-01T07:19:28","guid":{"rendered":"https:\/\/ofm4x4.com\/shop\/non%20class\u00e9\/ofm117-entretoise-de-roue-30mm-6x139-7-m12x1-5mm-cb-93-1-avec-anneau-de-centrage-pour-ford-ranger\/"},"modified":"2025-09-24T09:57:13","modified_gmt":"2025-09-24T09:57:13","slug":"ofm117-entretoise-de-roue-30mm-6x139-7-m12x1-5mm-cb-93-1-avec-anneau-de-centrage-pour-ford-ranger","status":"publish","type":"product","link":"https:\/\/ofm4x4.com\/fr\/shop\/cales-de-roue\/ofm117-entretoise-de-roue-30mm-6x139-7-m12x1-5mm-cb-93-1-avec-anneau-de-centrage-pour-ford-ranger\/","title":{"rendered":"OFM117 Entretoise de roue 30mm 6&#215;139.7 M12x1.5mm CB 93.1 avec anneau de centrage pour Ford Ranger"},"content":{"rendered":"<p>Les entretoises de roues sont fabriqu\u00e9es en duralumin sp\u00e9cial et r\u00e9pondent aux exigences de qualit\u00e9 et de s\u00e9curit\u00e9 requises. Elles am\u00e9liorent la stabilit\u00e9 du v\u00e9hicule apr\u00e8s l&rsquo;installation d&rsquo;une suspension et de roues plus grandes. <\/p>\n<ul data-start=\"0\" data-end=\"195\">\n<li data-start=\"0\" data-end=\"27\"><strong data-start=\"2\" data-end=\"21\">Anneau de centrage :<\/strong> Oui<\/li>\n<li data-start=\"28\" data-end=\"51\"><strong data-start=\"30\" data-end=\"44\">\u00c9paisseur :<\/strong> 30mm<\/li>\n<li data-start=\"52\" data-end=\"81\"><strong data-start=\"54\" data-end=\"71\">Sch\u00e9ma de boulonnage :<\/strong> 6&#215;139.7<\/li>\n<li data-start=\"82\" data-end=\"112\"><strong data-start=\"84\" data-end=\"100\">Taille du filetage :<\/strong> M12 x 1,5<\/li>\n<li data-start=\"113\" data-end=\"139\"><strong data-start=\"115\" data-end=\"128\">Mat\u00e9riau :<\/strong> Aluminium<\/li>\n<li data-start=\"140\" data-end=\"172\"><strong data-start=\"142\" data-end=\"163\">Al\u00e9sage central (CB) :<\/strong> 93,1 mm<\/li>\n<li data-start=\"173\" data-end=\"195\"><strong data-start=\"175\" data-end=\"185\">Mod\u00e8le :<\/strong> OFM 117<\/li>\n<\/ul>\n<p data-start=\"197\" data-end=\"404\">Les entretoises de roues sont fabriqu\u00e9es en duralumin sp\u00e9cial et r\u00e9pondent aux exigences de qualit\u00e9 et de s\u00e9curit\u00e9 requises. Elles am\u00e9liorent la stabilit\u00e9 du v\u00e9hicule apr\u00e8s l&rsquo;installation d&rsquo;une suspension et de roues plus grandes. <\/p>\n<p data-start=\"406\" data-end=\"426\" data-is-last-node=\"\" data-is-only-node=\"\"><strong data-start=\"406\" data-end=\"426\" data-is-last-node=\"\">Prix par pi\u00e8ce.<\/strong><\/p>\n","protected":false},"excerpt":{"rendered":"<p>Entretoise de roue 30mm 6&#215;139.7 M12x1.5mm CB 93.1 avec anneau de centrage pour Ford Ranger<\/p>\n","protected":false},"featured_media":36834,"comment_status":"open","ping_status":"closed","template":"","meta":[],"product_brand":[1279],"product_cat":[4610],"product_tag":[4002,3689,4003,3762,3652,3970,3688],"class_list":{"0":"post-42872","1":"product","2":"type-product","3":"status-publish","4":"has-post-thumbnail","6":"product_brand-ofm4x4","7":"product_cat-cales-de-roue","8":"product_tag-30mm-fr","9":"product_tag-6x139-7-fr","10":"product_tag-cb-93-1-fr","11":"product_tag-centering-ring-fr","12":"product_tag-entretoises-de-roue","13":"product_tag-ford-ranger-fr","14":"product_tag-m12x15mm","15":"product_shipping_class-produse-usoare-set-fr","17":"first","18":"instock","19":"taxable","20":"shipping-taxable","21":"purchasable","22":"product-type-simple"},"_links":{"self":[{"href":"https:\/\/ofm4x4.com\/fr\/wp-json\/wp\/v2\/product\/42872","targetHints":{"allow":["GET"]}}],"collection":[{"href":"https:\/\/ofm4x4.com\/fr\/wp-json\/wp\/v2\/product"}],"about":[{"href":"https:\/\/ofm4x4.com\/fr\/wp-json\/wp\/v2\/types\/product"}],"replies":[{"embeddable":true,"href":"https:\/\/ofm4x4.com\/fr\/wp-json\/wp\/v2\/comments?post=42872"}],"version-history":[{"count":1,"href":"https:\/\/ofm4x4.com\/fr\/wp-json\/wp\/v2\/product\/42872\/revisions"}],"predecessor-version":[{"id":42875,"href":"https:\/\/ofm4x4.com\/fr\/wp-json\/wp\/v2\/product\/42872\/revisions\/42875"}],"wp:featuredmedia":[{"embeddable":true,"href":"https:\/\/ofm4x4.com\/fr\/wp-json\/wp\/v2\/media\/36834"}],"wp:attachment":[{"href":"https:\/\/ofm4x4.com\/fr\/wp-json\/wp\/v2\/media?parent=42872"}],"wp:term":[{"taxonomy":"product_brand","embeddable":true,"href":"https:\/\/ofm4x4.com\/fr\/wp-json\/wp\/v2\/product_brand?post=42872"},{"taxonomy":"product_cat","embeddable":true,"href":"https:\/\/ofm4x4.com\/fr\/wp-json\/wp\/v2\/product_cat?post=42872"},{"taxonomy":"product_tag","embeddable":true,"href":"https:\/\/ofm4x4.com\/fr\/wp-json\/wp\/v2\/product_tag?post=42872"}],"curies":[{"name":"wp","href":"https:\/\/api.w.org\/{rel}","templated":true}]}}