{"id":42913,"date":"2023-07-05T05:16:29","date_gmt":"2023-07-05T05:16:29","guid":{"rendered":"https:\/\/ofm4x4.com\/shop\/non%20class\u00e9\/treuil-grizzly-electrique-12-000-lbs-72-51-avec-cable-synthetique-et-frein-a-air\/"},"modified":"2025-09-24T09:57:16","modified_gmt":"2025-09-24T09:57:16","slug":"treuil-grizzly-electrique-12-000-lbs-72-51-avec-cable-synthetique-et-frein-a-air","status":"publish","type":"product","link":"https:\/\/ofm4x4.com\/fr\/shop\/treuils-electriques\/treuil-grizzly-electrique-12-000-lbs-72-51-avec-cable-synthetique-et-frein-a-air\/","title":{"rendered":"Treuil Grizzly \u00e9lectrique 12.000 lbs 72.5:1 avec c\u00e2ble synth\u00e9tique et frein \u00e0 air"},"content":{"rendered":"<p data-start=\"0\" data-end=\"110\"><strong data-start=\"0\" data-end=\"108\">Treuil \u00e9lectrique 12.000 lbs 72.5:1 Treuil Grizzly avec c\u00e2ble synth\u00e9tique et frein \u00e0 air<\/strong><\/p>\n<ul data-start=\"112\" data-end=\"596\" data-is-only-node=\"\" data-is-last-node=\"\">\n<li data-start=\"112\" data-end=\"158\"><strong data-start=\"114\" data-end=\"134\">Capacit\u00e9 de remorquage :<\/strong> 5 454 kg (12 000 lb)<\/li>\n<li data-start=\"159\" data-end=\"196\"><strong data-start=\"161\" data-end=\"171\">Moteur :<\/strong> 7,2 HP, 5,4 kW, 12V DC<\/li>\n<li data-start=\"197\" data-end=\"223\"><strong data-start=\"199\" data-end=\"214\">Rapport de d\u00e9multiplication :<\/strong> 72,5:1<\/li>\n<li data-start=\"224\" data-end=\"268\"><strong data-start=\"226\" data-end=\"243\">Transmission :<\/strong> engrenage plan\u00e9taire \u00e0 2 \u00e9tages<\/li>\n<li data-start=\"269\" data-end=\"308\"><strong data-start=\"271\" data-end=\"282\">Embrayage :<\/strong> Engagement\/d\u00e9sengagement manuel<\/li>\n<li data-start=\"309\" data-end=\"333\"><strong data-start=\"311\" data-end=\"321\">Frein :<\/strong> Frein \u00e0 air<\/li>\n<li data-start=\"334\" data-end=\"374\"><strong data-start=\"336\" data-end=\"349\">Fairlead :<\/strong> Aluminium Hawse (Noir)<\/li>\n<li data-start=\"375\" data-end=\"418\"><strong data-start=\"377\" data-end=\"396\">Corde synth\u00e9tique :<\/strong> 9,5 mm x 24 m (rouge)<\/li>\n<li data-start=\"419\" data-end=\"452\"><strong data-start=\"421\" data-end=\"435\">Taille du tambour :<\/strong> 64 mm x 224 mm<\/li>\n<li data-start=\"453\" data-end=\"497\"><strong data-start=\"455\" data-end=\"470\">Dimensions : 623 mm x 174 mm x 222 mm :<\/strong> 623 mm x 174 mm x 222 mm<\/li>\n<li data-start=\"498\" data-end=\"546\"><strong data-start=\"500\" data-end=\"526\">Sch\u00e9ma des boulons de montage :<\/strong> 254 mm x 114,3 mm<\/li>\n<li data-start=\"547\" data-end=\"568\"><strong data-start=\"549\" data-end=\"560\">Poids :<\/strong> 38 kg<\/li>\n<li data-start=\"569\" data-end=\"596\" data-is-last-node=\"\"><strong data-start=\"571\" data-end=\"584\">Garantie :<\/strong> 24 mois<\/li>\n<\/ul>\n<p>&nbsp;<\/p>\n","protected":false},"excerpt":{"rendered":"<p><strong data-start=\"0\" data-end=\"108\">Treuil \u00e9lectrique 12.000 lbs 72.5:1 Treuil Grizzly avec c\u00e2ble synth\u00e9tique et frein \u00e0 air<\/strong><\/p>\n","protected":false},"featured_media":34044,"comment_status":"open","ping_status":"closed","template":"","meta":[],"product_brand":[1308],"product_cat":[4595],"product_tag":[4017,4018,4019,3738,3739,4020],"class_list":{"0":"post-42913","1":"product","2":"type-product","3":"status-publish","4":"has-post-thumbnail","6":"product_brand-grizzly-winch","7":"product_cat-treuils-electriques","8":"product_tag-12-000-lbs-fr","9":"product_tag-72-51-fr","10":"product_tag-air-brake-fr","11":"product_tag-electric-winch-fr","12":"product_tag-grizzly-winch-fr","13":"product_tag-synthetic-rope-fr","14":"product_shipping_class-alte-produse-fr","16":"first","17":"instock","18":"taxable","19":"shipping-taxable","20":"purchasable","21":"product-type-simple"},"_links":{"self":[{"href":"https:\/\/ofm4x4.com\/fr\/wp-json\/wp\/v2\/product\/42913","targetHints":{"allow":["GET"]}}],"collection":[{"href":"https:\/\/ofm4x4.com\/fr\/wp-json\/wp\/v2\/product"}],"about":[{"href":"https:\/\/ofm4x4.com\/fr\/wp-json\/wp\/v2\/types\/product"}],"replies":[{"embeddable":true,"href":"https:\/\/ofm4x4.com\/fr\/wp-json\/wp\/v2\/comments?post=42913"}],"version-history":[{"count":1,"href":"https:\/\/ofm4x4.com\/fr\/wp-json\/wp\/v2\/product\/42913\/revisions"}],"predecessor-version":[{"id":42936,"href":"https:\/\/ofm4x4.com\/fr\/wp-json\/wp\/v2\/product\/42913\/revisions\/42936"}],"wp:featuredmedia":[{"embeddable":true,"href":"https:\/\/ofm4x4.com\/fr\/wp-json\/wp\/v2\/media\/34044"}],"wp:attachment":[{"href":"https:\/\/ofm4x4.com\/fr\/wp-json\/wp\/v2\/media?parent=42913"}],"wp:term":[{"taxonomy":"product_brand","embeddable":true,"href":"https:\/\/ofm4x4.com\/fr\/wp-json\/wp\/v2\/product_brand?post=42913"},{"taxonomy":"product_cat","embeddable":true,"href":"https:\/\/ofm4x4.com\/fr\/wp-json\/wp\/v2\/product_cat?post=42913"},{"taxonomy":"product_tag","embeddable":true,"href":"https:\/\/ofm4x4.com\/fr\/wp-json\/wp\/v2\/product_tag?post=42913"}],"curies":[{"name":"wp","href":"https:\/\/api.w.org\/{rel}","templated":true}]}}