{"id":42962,"date":"2022-08-24T12:03:01","date_gmt":"2022-08-24T12:03:01","guid":{"rendered":"https:\/\/ofm4x4.com\/shop\/non%20class\u00e9\/differentiel-de-blocage-tre-4x4-tr127-land-rover\/"},"modified":"2025-09-24T09:57:26","modified_gmt":"2025-09-24T09:57:26","slug":"differentiel-de-blocage-tre-4x4-tr127-land-rover","status":"publish","type":"product","link":"https:\/\/ofm4x4.com\/fr\/shop\/differentiel-autobloquant\/differentiel-de-blocage-tre-4x4-tr127-land-rover\/","title":{"rendered":"Diff\u00e9rentiel de blocage TRE 4&#215;4 TR127 Land Rover"},"content":{"rendered":"<h3 data-start=\"0\" data-end=\"27\"><strong data-start=\"4\" data-end=\"25\">Garantie de 12 mois<\/strong><\/h3>\n<p data-start=\"29\" data-end=\"144\">Vous pouvez consulter le catalogue des diff\u00e9rentiels autobloquants pour v\u00e9rifier la compatibilit\u00e9 : <strong data-start=\"101\" data-end=\"142\">Catalogue des diff\u00e9rentiels autobloquants TRE 4&#215;4<\/strong><\/p>\n<ul data-start=\"146\" data-end=\"465\">\n<li data-start=\"146\" data-end=\"189\"><strong data-start=\"148\" data-end=\"176\">Range Rover (avant\/arri\u00e8re<\/strong> ) jusqu&rsquo;en 1993<\/li>\n<li data-start=\"190\" data-end=\"231\"><strong data-start=\"192\" data-end=\"218\">Discovery (avant\/arri\u00e8re<\/strong> ) jusqu&rsquo;en 1993<\/li>\n<li data-start=\"232\" data-end=\"276\"><strong data-start=\"234\" data-end=\"264\">Defender 110 \/ 130 (avant)<\/strong> 1983-1993<\/li>\n<li data-start=\"277\" data-end=\"325\"><strong data-start=\"279\" data-end=\"313\">Defender 110 \/ 130 LWB (avant)<\/strong> 1979-1983<\/li>\n<li data-start=\"326\" data-end=\"376\"><strong data-start=\"328\" data-end=\"364\">Defender 90, County (avant\/arri\u00e8re<\/strong> ) 1984-1993<\/li>\n<li data-start=\"377\" data-end=\"434\"><strong data-start=\"379\" data-end=\"422\">Defender S\u00e9ries III, II, I (avant\/arri\u00e8re<\/strong> ) 1948-1985<\/li>\n<li data-start=\"435\" data-end=\"465\"><strong data-start=\"437\" data-end=\"463\">Santana Anibal (Front)<\/strong><\/li>\n<\/ul>\n<p data-start=\"467\" data-end=\"555\">Pour actionner le diff\u00e9rentiel de blocage, vous avez \u00e9galement besoin du <strong data-start=\"522\" data-end=\"552\">compresseur d&rsquo;air TRE 4&#215;4 12V<\/strong>.<\/p>\n<ul>\n<li data-start=\"557\" data-end=\"570\">Cannelures : 10<\/li>\n<\/ul>\n<p data-start=\"572\" data-end=\"685\">Il est recommand\u00e9 d&rsquo;installer les pi\u00e8ces dans un service 4&#215;4 sp\u00e9cialis\u00e9, sinon vous risquez d&rsquo;endommager les produits.<\/p>\n<ul>\n<li data-start=\"687\" data-end=\"1259\">Assure une traction \u00e0 la demande \u00e0 100 %.<\/li>\n<li data-start=\"687\" data-end=\"1259\">L&rsquo;engagement se fait avec un <strong data-start=\"748\" data-end=\"770\">compresseur TRE 4&#215;4.<\/strong><\/li>\n<li data-start=\"687\" data-end=\"1259\">Am\u00e9lioration de la vitesse de traction<\/li>\n<li data-start=\"687\" data-end=\"1259\">Le fonctionnement simple et pratique permet \u00e0 l&rsquo;utilisateur de se concentrer sur le terrain sans quitter le confort et la s\u00e9curit\u00e9 du si\u00e8ge du conducteur.<\/li>\n<li data-start=\"687\" data-end=\"1259\">Extr\u00eamement durable et extr\u00eamement solide &#8211; seuls les mat\u00e9riaux de la plus haute qualit\u00e9 sont utilis\u00e9s dans la fabrication.<\/li>\n<li data-start=\"687\" data-end=\"1259\">Conception incroyablement simple et efficace, garantissant une fiabilit\u00e9 maximale<\/li>\n<li data-start=\"687\" data-end=\"1259\">Conception test\u00e9e et fiabilit\u00e9 prouv\u00e9e dans plus de 80 pays \u00e0 travers le monde<\/li>\n<li data-start=\"687\" data-end=\"1259\">Diff\u00e9rentiels de blocage disponibles \u00e0 <strong data-start=\"1207\" data-end=\"1225\">l&rsquo;avant et \u00e0 l&rsquo;arri\u00e8re<\/strong> pour la plupart des mod\u00e8les <strong data-start=\"1235\" data-end=\"1250\">4RM et 2RM<\/strong> <\/li>\n<\/ul>\n","protected":false},"excerpt":{"rendered":"<p><strong>TR127<\/strong> Land Rover<\/p>\n<p>Diff\u00e9rentiel bloquant TRE 4&#215;4<\/p>\n","protected":false},"featured_media":33920,"comment_status":"open","ping_status":"closed","template":"","meta":[],"product_brand":[1233],"product_cat":[4583],"product_tag":[4153,4122,4157,3704],"class_list":{"0":"post-42962","1":"product","2":"type-product","3":"status-publish","4":"has-post-thumbnail","6":"product_brand-tre-4x4","7":"product_cat-differentiel-autobloquant","8":"product_tag-land-rover-fr","9":"product_tag-locking-differential-fr","10":"product_tag-tr127-fr","11":"product_tag-tre-4x4-fr","12":"product_shipping_class-alte-produse-fr","14":"first","15":"instock","16":"taxable","17":"shipping-taxable","18":"purchasable","19":"product-type-simple"},"_links":{"self":[{"href":"https:\/\/ofm4x4.com\/fr\/wp-json\/wp\/v2\/product\/42962","targetHints":{"allow":["GET"]}}],"collection":[{"href":"https:\/\/ofm4x4.com\/fr\/wp-json\/wp\/v2\/product"}],"about":[{"href":"https:\/\/ofm4x4.com\/fr\/wp-json\/wp\/v2\/types\/product"}],"replies":[{"embeddable":true,"href":"https:\/\/ofm4x4.com\/fr\/wp-json\/wp\/v2\/comments?post=42962"}],"version-history":[{"count":1,"href":"https:\/\/ofm4x4.com\/fr\/wp-json\/wp\/v2\/product\/42962\/revisions"}],"predecessor-version":[{"id":42964,"href":"https:\/\/ofm4x4.com\/fr\/wp-json\/wp\/v2\/product\/42962\/revisions\/42964"}],"wp:featuredmedia":[{"embeddable":true,"href":"https:\/\/ofm4x4.com\/fr\/wp-json\/wp\/v2\/media\/33920"}],"wp:attachment":[{"href":"https:\/\/ofm4x4.com\/fr\/wp-json\/wp\/v2\/media?parent=42962"}],"wp:term":[{"taxonomy":"product_brand","embeddable":true,"href":"https:\/\/ofm4x4.com\/fr\/wp-json\/wp\/v2\/product_brand?post=42962"},{"taxonomy":"product_cat","embeddable":true,"href":"https:\/\/ofm4x4.com\/fr\/wp-json\/wp\/v2\/product_cat?post=42962"},{"taxonomy":"product_tag","embeddable":true,"href":"https:\/\/ofm4x4.com\/fr\/wp-json\/wp\/v2\/product_tag?post=42962"}],"curies":[{"name":"wp","href":"https:\/\/api.w.org\/{rel}","templated":true}]}}