{"id":42980,"date":"2022-08-24T11:02:36","date_gmt":"2022-08-24T11:02:36","guid":{"rendered":"https:\/\/ofm4x4.com\/shop\/non%20class\u00e9\/differentiel-bloquant-tre-4x4-essieu-arriere-tr101-jeep\/"},"modified":"2025-09-24T09:57:37","modified_gmt":"2025-09-24T09:57:37","slug":"differentiel-bloquant-tre-4x4-essieu-arriere-tr101-jeep","status":"publish","type":"product","link":"https:\/\/ofm4x4.com\/fr\/shop\/differentiel-autobloquant\/differentiel-bloquant-tre-4x4-essieu-arriere-tr101-jeep\/","title":{"rendered":"Diff\u00e9rentiel bloquant TRE 4&#215;4 Essieu arri\u00e8re TR101 Jeep"},"content":{"rendered":"<h3 data-start=\"0\" data-end=\"27\"><strong data-start=\"4\" data-end=\"25\">Garantie de 12 mois<\/strong><\/h3>\n<p data-start=\"29\" data-end=\"144\">Vous pouvez consulter le catalogue des diff\u00e9rentiels autobloquants pour v\u00e9rifier la compatibilit\u00e9 : <strong data-start=\"101\" data-end=\"142\">Catalogue des diff\u00e9rentiels autobloquants TRE 4&#215;4<\/strong><\/p>\n<p data-start=\"146\" data-end=\"170\"><strong data-start=\"146\" data-end=\"168\">Mod\u00e8les compatibles :<\/strong><\/p>\n<ul data-start=\"171\" data-end=\"314\">\n<li data-start=\"171\" data-end=\"203\">1984 &#8211; 2001 Jeep Cherokee XJ<\/li>\n<li data-start=\"204\" data-end=\"239\">1997 &#8211; 2006 Jeep Wrangler TJ-LJ<\/li>\n<li data-start=\"240\" data-end=\"281\">1993 &#8211; 1998 Jeep Grand Cherokee ZJ-ZG<\/li>\n<li data-start=\"282\" data-end=\"314\">1965 &#8211; 1986 Jeep Wrangler CJ<\/li>\n<\/ul>\n<p data-start=\"316\" data-end=\"404\">Pour actionner le diff\u00e9rentiel de blocage, vous avez \u00e9galement besoin du <strong data-start=\"371\" data-end=\"401\">compresseur d&rsquo;air TRE 4&#215;4 12V<\/strong>.<\/p>\n<ul>\n<li data-start=\"406\" data-end=\"464\">Cannelures : 27<\/li>\n<li data-start=\"406\" data-end=\"464\">Essieux : Dana 35, 27<\/li>\n<li data-start=\"406\" data-end=\"464\">Ratios : 3,54 et plus<\/li>\n<\/ul>\n<p data-start=\"466\" data-end=\"579\">Il est recommand\u00e9 d&rsquo;installer les pi\u00e8ces dans un service 4&#215;4 sp\u00e9cialis\u00e9, sinon vous risquez d&rsquo;endommager les produits.<\/p>\n<ul>\n<li data-start=\"581\" data-end=\"1151\">Assure une traction \u00e0 la demande \u00e0 100 %.<\/li>\n<li data-start=\"581\" data-end=\"1151\">L&rsquo;engagement se fait avec un <strong data-start=\"642\" data-end=\"664\">compresseur TRE 4&#215;4.<\/strong><\/li>\n<li data-start=\"581\" data-end=\"1151\">Am\u00e9lioration de la vitesse de traction<\/li>\n<li data-start=\"581\" data-end=\"1151\">Le fonctionnement simple et pratique permet \u00e0 l&rsquo;utilisateur de se concentrer sur le terrain sans quitter le confort et la s\u00e9curit\u00e9 du si\u00e8ge du conducteur.<\/li>\n<li data-start=\"581\" data-end=\"1151\">Extr\u00eamement durable et extr\u00eamement solide &#8211; seuls les mat\u00e9riaux de la plus haute qualit\u00e9 sont utilis\u00e9s dans la fabrication.<\/li>\n<li data-start=\"581\" data-end=\"1151\">Conception incroyablement simple et efficace, garantissant une fiabilit\u00e9 maximale<\/li>\n<li data-start=\"581\" data-end=\"1151\">Conception test\u00e9e et fiabilit\u00e9 prouv\u00e9e dans plus de 80 pays \u00e0 travers le monde<\/li>\n<li data-start=\"581\" data-end=\"1151\">Diff\u00e9rentiels de blocage disponibles \u00e0 <strong data-start=\"1101\" data-end=\"1119\">l&rsquo;avant et \u00e0 l&rsquo;arri\u00e8re<\/strong> pour la plupart des mod\u00e8les <strong data-start=\"1129\" data-end=\"1144\">4RM et 2RM<\/strong> <\/li>\n<\/ul>\n","protected":false},"excerpt":{"rendered":"<p><strong>TR101<\/strong> Jeep<\/p>\n<p>Diff\u00e9rentiel bloquant TRE 4&#215;4 Essieu arri\u00e8re<\/p>\n","protected":false},"featured_media":33927,"comment_status":"open","ping_status":"closed","template":"","meta":[],"product_brand":[1233],"product_cat":[4583],"product_tag":[3726,4122,3718,4163,3704],"class_list":{"0":"post-42980","1":"product","2":"type-product","3":"status-publish","4":"has-post-thumbnail","6":"product_brand-tre-4x4","7":"product_cat-differentiel-autobloquant","8":"product_tag-jeep-fr","9":"product_tag-locking-differential-fr","10":"product_tag-rear-axle-fr","11":"product_tag-tr101-fr","12":"product_tag-tre-4x4-fr","13":"product_shipping_class-alte-produse-fr","15":"first","16":"instock","17":"taxable","18":"shipping-taxable","19":"purchasable","20":"product-type-simple"},"_links":{"self":[{"href":"https:\/\/ofm4x4.com\/fr\/wp-json\/wp\/v2\/product\/42980","targetHints":{"allow":["GET"]}}],"collection":[{"href":"https:\/\/ofm4x4.com\/fr\/wp-json\/wp\/v2\/product"}],"about":[{"href":"https:\/\/ofm4x4.com\/fr\/wp-json\/wp\/v2\/types\/product"}],"replies":[{"embeddable":true,"href":"https:\/\/ofm4x4.com\/fr\/wp-json\/wp\/v2\/comments?post=42980"}],"version-history":[{"count":1,"href":"https:\/\/ofm4x4.com\/fr\/wp-json\/wp\/v2\/product\/42980\/revisions"}],"predecessor-version":[{"id":42981,"href":"https:\/\/ofm4x4.com\/fr\/wp-json\/wp\/v2\/product\/42980\/revisions\/42981"}],"wp:featuredmedia":[{"embeddable":true,"href":"https:\/\/ofm4x4.com\/fr\/wp-json\/wp\/v2\/media\/33927"}],"wp:attachment":[{"href":"https:\/\/ofm4x4.com\/fr\/wp-json\/wp\/v2\/media?parent=42980"}],"wp:term":[{"taxonomy":"product_brand","embeddable":true,"href":"https:\/\/ofm4x4.com\/fr\/wp-json\/wp\/v2\/product_brand?post=42980"},{"taxonomy":"product_cat","embeddable":true,"href":"https:\/\/ofm4x4.com\/fr\/wp-json\/wp\/v2\/product_cat?post=42980"},{"taxonomy":"product_tag","embeddable":true,"href":"https:\/\/ofm4x4.com\/fr\/wp-json\/wp\/v2\/product_tag?post=42980"}],"curies":[{"name":"wp","href":"https:\/\/api.w.org\/{rel}","templated":true}]}}