{"id":42983,"date":"2020-04-23T05:47:04","date_gmt":"2020-04-23T05:47:04","guid":{"rendered":"https:\/\/ofm4x4.com\/shop\/non%20class\u00e9\/ofm4x4-poulie-de-moufle-8t\/"},"modified":"2025-09-24T09:57:49","modified_gmt":"2025-09-24T09:57:49","slug":"ofm4x4-poulie-de-moufle-8t","status":"publish","type":"product","link":"https:\/\/ofm4x4.com\/fr\/shop\/recuperation\/ofm4x4-poulie-de-moufle-8t\/","title":{"rendered":"OFM4X4 Poulie de moufle 8T"},"content":{"rendered":"<p data-start=\"0\" data-end=\"88\"><strong>OFM4X4 Poulie de moufle 8T<\/strong><\/p>\n<p data-start=\"0\" data-end=\"88\">La poulie d&rsquo;accrochage double la puissance de traction du treuil mais r\u00e9duit la vitesse jusqu&rsquo;\u00e0 <strong>50 %.<\/strong><\/p>\n<ul>\n<li data-start=\"90\" data-end=\"254\">Compatible avec les cordes synth\u00e9tiques ou les c\u00e2bles d&rsquo;acier de 8 mm \u00e0 11 mm.<\/li>\n<li data-start=\"90\" data-end=\"254\">Graissable pour une dur\u00e9e de vie prolong\u00e9e.<\/li>\n<li data-start=\"90\" data-end=\"254\">Plaques r\u00e9versibles pour une fixation rapide au c\u00e2ble.<\/li>\n<\/ul>\n","protected":false},"excerpt":{"rendered":"<p><strong>OFM4X4<\/strong> Poulie de moufle 8T<\/p>\n","protected":false},"featured_media":33987,"comment_status":"open","ping_status":"closed","template":"","meta":[],"product_brand":[1279],"product_cat":[4658],"product_tag":[3591,4528],"class_list":{"0":"post-42983","1":"product","2":"type-product","3":"status-publish","4":"has-post-thumbnail","6":"product_brand-ofm4x4","7":"product_cat-recuperation","8":"product_tag-ofm4x4-fr","9":"product_tag-snatch-block-pulley-8t-fr","10":"product_shipping_class-alte-produse-fr","12":"first","13":"instock","14":"taxable","15":"shipping-taxable","16":"purchasable","17":"product-type-simple"},"_links":{"self":[{"href":"https:\/\/ofm4x4.com\/fr\/wp-json\/wp\/v2\/product\/42983","targetHints":{"allow":["GET"]}}],"collection":[{"href":"https:\/\/ofm4x4.com\/fr\/wp-json\/wp\/v2\/product"}],"about":[{"href":"https:\/\/ofm4x4.com\/fr\/wp-json\/wp\/v2\/types\/product"}],"replies":[{"embeddable":true,"href":"https:\/\/ofm4x4.com\/fr\/wp-json\/wp\/v2\/comments?post=42983"}],"version-history":[{"count":1,"href":"https:\/\/ofm4x4.com\/fr\/wp-json\/wp\/v2\/product\/42983\/revisions"}],"predecessor-version":[{"id":42984,"href":"https:\/\/ofm4x4.com\/fr\/wp-json\/wp\/v2\/product\/42983\/revisions\/42984"}],"wp:featuredmedia":[{"embeddable":true,"href":"https:\/\/ofm4x4.com\/fr\/wp-json\/wp\/v2\/media\/33987"}],"wp:attachment":[{"href":"https:\/\/ofm4x4.com\/fr\/wp-json\/wp\/v2\/media?parent=42983"}],"wp:term":[{"taxonomy":"product_brand","embeddable":true,"href":"https:\/\/ofm4x4.com\/fr\/wp-json\/wp\/v2\/product_brand?post=42983"},{"taxonomy":"product_cat","embeddable":true,"href":"https:\/\/ofm4x4.com\/fr\/wp-json\/wp\/v2\/product_cat?post=42983"},{"taxonomy":"product_tag","embeddable":true,"href":"https:\/\/ofm4x4.com\/fr\/wp-json\/wp\/v2\/product_tag?post=42983"}],"curies":[{"name":"wp","href":"https:\/\/api.w.org\/{rel}","templated":true}]}}