{"id":43017,"date":"2020-04-23T05:42:23","date_gmt":"2020-04-23T05:42:23","guid":{"rendered":"https:\/\/ofm4x4.com\/shop\/non%20class\u00e9\/roue-en-acier-15x7j-5x139-7-et-25-off-road-pour-suzuki-lada-niva-kia\/"},"modified":"2025-09-24T09:57:52","modified_gmt":"2025-09-24T09:57:52","slug":"roue-en-acier-15x7j-5x139-7-et-25-off-road-pour-suzuki-lada-niva-kia","status":"publish","type":"product","link":"https:\/\/ofm4x4.com\/fr\/shop\/roues-en-acier\/roue-en-acier-15x7j-5x139-7-et-25-off-road-pour-suzuki-lada-niva-kia\/","title":{"rendered":"Roue en acier 15x7J 5&#215;139.7 ET -25 Off-road pour Suzuki, Lada Niva, Kia"},"content":{"rendered":"<div id=\"\\\" ali-anchor-alimagic-6rxnu8=\"\" class=\"\\\" magic-0=\"\" data-section=\"\\\"AliMagic-6rxnu8\\\"\" data-section-title=\"\\\"Product\" data-spm-anchor-id=\"\\\"a2700.details.pronpeci14.i0.7ae070497Niwca\\\"\">\n<p data-start=\"0\" data-end=\"21\"><strong data-start=\"0\" data-end=\"19\">Sp\u00e9cifications :<\/strong><\/p>\n<ul data-start=\"23\" data-end=\"198\">\n<li data-start=\"23\" data-end=\"44\"><strong data-start=\"25\" data-end=\"38\">Diam\u00e8tre :<\/strong> R15<\/li>\n<li data-start=\"45\" data-end=\"62\"><strong data-start=\"47\" data-end=\"57\">Largeur :<\/strong> 7J<\/li>\n<li data-start=\"63\" data-end=\"87\"><strong data-start=\"65\" data-end=\"81\">ET (d\u00e9calage) :<\/strong> -25<\/li>\n<li data-start=\"88\" data-end=\"125\"><strong data-start=\"90\" data-end=\"113\">PCD (sch\u00e9ma de boulonnage) :<\/strong> 5 x 139.7<\/li>\n<li data-start=\"126\" data-end=\"146\"><strong data-start=\"128\" data-end=\"138\">Couleur :<\/strong> Noir<\/li>\n<li data-start=\"147\" data-end=\"176\"><strong data-start=\"149\" data-end=\"170\">CB (Center Bore) :<\/strong> 110<\/li>\n<li data-start=\"177\" data-end=\"198\"><strong data-start=\"179\" data-end=\"189\">Mod\u00e8le :<\/strong> OFM001<\/li>\n<\/ul>\n<p data-start=\"200\" data-end=\"297\">\u26a0\ufe0f <strong data-start=\"203\" data-end=\"295\">Ces roues ne sont pas homologu\u00e9es pour une utilisation sur la voie publique et n&rsquo;ont pas de certification RAR.<\/strong><\/p>\n<p data-start=\"299\" data-end=\"352\">Ils sont con\u00e7us exclusivement pour une <strong data-start=\"333\" data-end=\"349\">utilisation hors route.<\/strong><\/p>\n<ul data-start=\"354\" data-end=\"775\">\n<li data-start=\"354\" data-end=\"486\"><strong data-start=\"356\" data-end=\"396\">Roues en acier \u00e0 d\u00e9coupe triangulaire<\/strong>, d&rsquo;un <strong data-start=\"410\" data-end=\"430\">diam\u00e8tre de 15 pouces<\/strong> et d&rsquo;<strong data-start=\"435\" data-end=\"451\">une largeur de 7 pouces<\/strong>, con\u00e7ues pour les v\u00e9hicules tout-terrain.<\/li>\n<li data-start=\"487\" data-end=\"573\">Le produit est <strong data-start=\"504\" data-end=\"530\">rev\u00eatu d&rsquo;une couche de poudre noire<\/strong>, ce qui accro\u00eet sa r\u00e9sistance aux rayures.<\/li>\n<li data-start=\"574\" data-end=\"775\">La jante pr\u00e9sente un <strong data-start=\"595\" data-end=\"616\">\u00e9paulement n\u00e9gatif<\/strong> qui positionne la roue plus \u00e0 l&rsquo;ext\u00e9rieur par rapport au moyeu, ce qui am\u00e9liore la <strong data-start=\"700\" data-end=\"713\">stabilit\u00e9 du<\/strong> v\u00e9hicule et offre <strong data-start=\"727\" data-end=\"774\">plus d&rsquo;espace pour les pneus tout-terrain surdimensionn\u00e9s<\/strong>.<\/li>\n<\/ul>\n<p data-start=\"777\" data-end=\"799\"><strong data-start=\"777\" data-end=\"797\">Compatible avec :<\/strong><\/p>\n<ul data-start=\"801\" data-end=\"1028\">\n<li data-start=\"801\" data-end=\"855\"><strong data-start=\"803\" data-end=\"814\">Suzuki :<\/strong> Samurai, Jimny, Vitara, Grand Vitara I<\/li>\n<li data-start=\"856\" data-end=\"910\"><strong data-start=\"858\" data-end=\"871\">Lada Niva<\/strong> (CB : 98.5 &#8211; n\u00e9cessite un anneau de centrage)<\/li>\n<li data-start=\"911\" data-end=\"969\"><strong data-start=\"913\" data-end=\"930\">Kia Sorento I<\/strong> (CB : 95.3 &#8211; n\u00e9cessite un anneau de centrage)<\/li>\n<li data-start=\"970\" data-end=\"1028\"><strong data-start=\"972\" data-end=\"990\">Kia Sportage I<\/strong> (CB : 100 &#8211; n\u00e9cessite un anneau de centrage)<\/li>\n<\/ul>\n<p data-start=\"1030\" data-end=\"1208\" data-is-last-node=\"\" data-is-only-node=\"\"><strong data-start=\"1030\" data-end=\"1044\">Attention !<\/strong>  Pour certains mod\u00e8les de v\u00e9hicules, il peut y avoir une diff\u00e9rence de diam\u00e8tre entre l&rsquo;\u00e9crou de la roue et le moyeu du v\u00e9hicule, ce qui peut n\u00e9cessiter l&rsquo;installation d&rsquo;anneaux de centrage.<\/p>\n<\/div>\n","protected":false},"excerpt":{"rendered":"<p data-start=\"0\" data-end=\"73\"><strong data-start=\"0\" data-end=\"71\">Roue en acier 15X7J 5&#215;139.7 ET -25 OFFROAD pour Suzuki, Lada Niva, Kia<\/strong><\/p>\n<p data-start=\"75\" data-end=\"172\">\u26a0\ufe0f <strong data-start=\"78\" data-end=\"170\">Ces roues ne sont pas homologu\u00e9es pour une utilisation sur la voie publique et n&rsquo;ont pas de certification RAR.<\/strong><\/p>\n<p data-start=\"174\" data-end=\"225\" data-is-last-node=\"\" data-is-only-node=\"\">Ils sont con\u00e7us exclusivement pour une <strong data-start=\"208\" data-end=\"224\">utilisation hors route.<\/strong><\/p>\n","protected":false},"featured_media":37513,"comment_status":"open","ping_status":"closed","template":"","meta":[],"product_brand":[1279],"product_cat":[4625],"product_tag":[3625,4534,3623],"class_list":{"0":"post-43017","1":"product","2":"type-product","3":"status-publish","4":"has-post-thumbnail","6":"product_brand-ofm4x4","7":"product_cat-roues-en-acier","8":"product_tag-15x7j-fr","9":"product_tag-5x139-7-et-25-fr","10":"product_tag-roue-en-acier","11":"product_shipping_class-alte-produse-fr","13":"first","14":"outofstock","15":"taxable","16":"shipping-taxable","17":"purchasable","18":"product-type-simple"},"_links":{"self":[{"href":"https:\/\/ofm4x4.com\/fr\/wp-json\/wp\/v2\/product\/43017","targetHints":{"allow":["GET"]}}],"collection":[{"href":"https:\/\/ofm4x4.com\/fr\/wp-json\/wp\/v2\/product"}],"about":[{"href":"https:\/\/ofm4x4.com\/fr\/wp-json\/wp\/v2\/types\/product"}],"replies":[{"embeddable":true,"href":"https:\/\/ofm4x4.com\/fr\/wp-json\/wp\/v2\/comments?post=43017"}],"version-history":[{"count":1,"href":"https:\/\/ofm4x4.com\/fr\/wp-json\/wp\/v2\/product\/43017\/revisions"}],"predecessor-version":[{"id":43024,"href":"https:\/\/ofm4x4.com\/fr\/wp-json\/wp\/v2\/product\/43017\/revisions\/43024"}],"wp:featuredmedia":[{"embeddable":true,"href":"https:\/\/ofm4x4.com\/fr\/wp-json\/wp\/v2\/media\/37513"}],"wp:attachment":[{"href":"https:\/\/ofm4x4.com\/fr\/wp-json\/wp\/v2\/media?parent=43017"}],"wp:term":[{"taxonomy":"product_brand","embeddable":true,"href":"https:\/\/ofm4x4.com\/fr\/wp-json\/wp\/v2\/product_brand?post=43017"},{"taxonomy":"product_cat","embeddable":true,"href":"https:\/\/ofm4x4.com\/fr\/wp-json\/wp\/v2\/product_cat?post=43017"},{"taxonomy":"product_tag","embeddable":true,"href":"https:\/\/ofm4x4.com\/fr\/wp-json\/wp\/v2\/product_tag?post=43017"}],"curies":[{"name":"wp","href":"https:\/\/api.w.org\/{rel}","templated":true}]}}