{"id":43046,"date":"2020-04-22T06:19:07","date_gmt":"2020-04-22T06:19:07","guid":{"rendered":"https:\/\/ofm4x4.com\/shop\/non%20class\u00e9\/ofm4x4-corde-synthetique-rouge-pour-treuil-a-plasma-avec-crochet-12mm-x-28m\/"},"modified":"2025-09-24T09:58:02","modified_gmt":"2025-09-24T09:58:02","slug":"ofm4x4-corde-synthetique-rouge-pour-treuil-a-plasma-avec-crochet-12mm-x-28m","status":"publish","type":"product","link":"https:\/\/ofm4x4.com\/fr\/shop\/recuperation\/ofm4x4-corde-synthetique-rouge-pour-treuil-a-plasma-avec-crochet-12mm-x-28m\/","title":{"rendered":"OFM4X4 Corde synth\u00e9tique rouge pour treuil \u00e0 plasma avec crochet 12mm x 28m"},"content":{"rendered":"<p><strong>OFM4X4 Corde synth\u00e9tique rouge pour treuil \u00e0 plasma avec crochet 12mm x 28m<\/strong><\/p>\n<ul data-start=\"58\" data-end=\"296\">\n<li data-start=\"58\" data-end=\"145\"><strong data-start=\"60\" data-end=\"80\">Utilisation recommand\u00e9e :<\/strong> Pour les treuils Auto Off-Road avec une capacit\u00e9 de 10,000-20,000 lbs<\/li>\n<li data-start=\"146\" data-end=\"164\"><strong data-start=\"148\" data-end=\"158\">Couleur :<\/strong> Rouge<\/li>\n<li data-start=\"165\" data-end=\"232\"><strong data-start=\"167\" data-end=\"180\">Mat\u00e9riau :<\/strong> UHMWPE (poly\u00e9thyl\u00e8ne \u00e0 poids mol\u00e9culaire ultra-\u00e9lev\u00e9)<\/li>\n<li data-start=\"233\" data-end=\"259\"><strong data-start=\"235\" data-end=\"253\">Crochet inclus :<\/strong> Oui<\/li>\n<li data-start=\"260\" data-end=\"296\"><strong data-start=\"262\" data-end=\"284\">R\u00e9sistance \u00e0 la rupture :<\/strong> 10 500 kg<\/li>\n<\/ul>\n<h3 data-start=\"298\" data-end=\"323\"><strong data-start=\"302\" data-end=\"321\">Principaux avantages :<\/strong><\/h3>\n<ul data-start=\"324\" data-end=\"686\" data-is-last-node=\"\">\n<li data-start=\"324\" data-end=\"379\"><strong data-start=\"326\" data-end=\"342\">L\u00e9ger :<\/strong> 6 fois plus l\u00e9ger qu&rsquo;un c\u00e2ble en acier<\/li>\n<li data-start=\"380\" data-end=\"436\"><strong data-start=\"382\" data-end=\"404\">R\u00e9sistance sup\u00e9rieure :<\/strong> 70% plus r\u00e9sistant qu&rsquo;un c\u00e2ble en acier<\/li>\n<li data-start=\"437\" data-end=\"505\"><strong data-start=\"439\" data-end=\"470\">R\u00e9sistant \u00e0 l&rsquo;huile et \u00e0 l&rsquo;eau :<\/strong> Aucune perte de performance en cas d&rsquo;exposition<\/li>\n<li data-start=\"506\" data-end=\"592\"><strong data-start=\"508\" data-end=\"538\">Durable dans toutes les conditions :<\/strong> Performances fiables dans des environnements secs, humides ou froids<\/li>\n<li data-start=\"593\" data-end=\"686\" data-is-last-node=\"\"><strong data-start=\"595\" data-end=\"615\">\u00c9tirement minimal :<\/strong> S&rsquo;\u00e9tire tr\u00e8s peu sous la charge pour une s\u00e9curit\u00e9 et des performances accrues.<\/li>\n<\/ul>\n","protected":false},"excerpt":{"rendered":"<p><strong>OFM4X4<\/strong> Corde synth\u00e9tique rouge pour treuil \u00e0 plasma avec crochet 12mm x 28m<\/p>\n","protected":false},"featured_media":33999,"comment_status":"open","ping_status":"closed","template":"","meta":[],"product_brand":[1279],"product_cat":[4658],"product_tag":[4546,3592,3591,4288],"class_list":{"0":"post-43046","1":"product","2":"type-product","3":"status-publish","4":"has-post-thumbnail","6":"product_brand-ofm4x4","7":"product_cat-recuperation","8":"product_tag-12mm-x-28m-fr","9":"product_tag-cable-de-treuil-avec-crochet","10":"product_tag-ofm4x4-fr","11":"product_tag-red-synthetic-plasma-fr","12":"product_shipping_class-alte-produse-fr","14":"first","15":"instock","16":"taxable","17":"shipping-taxable","18":"purchasable","19":"product-type-simple"},"_links":{"self":[{"href":"https:\/\/ofm4x4.com\/fr\/wp-json\/wp\/v2\/product\/43046","targetHints":{"allow":["GET"]}}],"collection":[{"href":"https:\/\/ofm4x4.com\/fr\/wp-json\/wp\/v2\/product"}],"about":[{"href":"https:\/\/ofm4x4.com\/fr\/wp-json\/wp\/v2\/types\/product"}],"replies":[{"embeddable":true,"href":"https:\/\/ofm4x4.com\/fr\/wp-json\/wp\/v2\/comments?post=43046"}],"version-history":[{"count":1,"href":"https:\/\/ofm4x4.com\/fr\/wp-json\/wp\/v2\/product\/43046\/revisions"}],"predecessor-version":[{"id":43051,"href":"https:\/\/ofm4x4.com\/fr\/wp-json\/wp\/v2\/product\/43046\/revisions\/43051"}],"wp:featuredmedia":[{"embeddable":true,"href":"https:\/\/ofm4x4.com\/fr\/wp-json\/wp\/v2\/media\/33999"}],"wp:attachment":[{"href":"https:\/\/ofm4x4.com\/fr\/wp-json\/wp\/v2\/media?parent=43046"}],"wp:term":[{"taxonomy":"product_brand","embeddable":true,"href":"https:\/\/ofm4x4.com\/fr\/wp-json\/wp\/v2\/product_brand?post=43046"},{"taxonomy":"product_cat","embeddable":true,"href":"https:\/\/ofm4x4.com\/fr\/wp-json\/wp\/v2\/product_cat?post=43046"},{"taxonomy":"product_tag","embeddable":true,"href":"https:\/\/ofm4x4.com\/fr\/wp-json\/wp\/v2\/product_tag?post=43046"}],"curies":[{"name":"wp","href":"https:\/\/api.w.org\/{rel}","templated":true}]}}