{"id":43094,"date":"2020-04-22T05:40:27","date_gmt":"2020-04-22T05:40:27","guid":{"rendered":"https:\/\/ofm4x4.com\/shop\/non%20class\u00e9\/ofm101-entretoise-de-roue-30mm-5x139-7-m12x1-5mm-pour-daihatsu-rocky-feroza-kia-sportage-i-sorento-i\/"},"modified":"2025-10-06T07:37:40","modified_gmt":"2025-10-06T07:37:40","slug":"ofm101-entretoise-de-roue-30mm-5x139-7-m12x1-5mm-pour-daihatsu-rocky-feroza-kia-sportage-i-sorento-i","status":"publish","type":"product","link":"https:\/\/ofm4x4.com\/fr\/shop\/cales-de-roue\/ofm101-entretoise-de-roue-30mm-5x139-7-m12x1-5mm-pour-daihatsu-rocky-feroza-kia-sportage-i-sorento-i\/","title":{"rendered":"OFM101 Entretoise de roue 30mm 5&#215;139.7 M12x1.5mm pour Daihatsu Rocky, Feroza, Kia Sportage I, Sorento I"},"content":{"rendered":"<p data-start=\"0\" data-end=\"209\">Les brides d&rsquo;\u00e9cartement des roues sont fabriqu\u00e9es en duralumin sp\u00e9cial et r\u00e9pondent aux exigences de qualit\u00e9 et de s\u00e9curit\u00e9 requises. Elles am\u00e9liorent la stabilit\u00e9 du v\u00e9hicule apr\u00e8s le levage en installant une suspension et des roues plus grandes. <\/p>\n<ul>\n<li data-start=\"211\" data-end=\"337\">Anneau de centrage : Non<\/li>\n<li data-start=\"211\" data-end=\"337\">\u00c9paisseur : 30mm<\/li>\n<li data-start=\"211\" data-end=\"337\">Montage : M12 x 1,5<\/li>\n<li data-start=\"211\" data-end=\"337\">PCD : 5 x 139,7<\/li>\n<li data-start=\"211\" data-end=\"337\">Mat\u00e9riau : Aluminium<\/li>\n<li data-start=\"211\" data-end=\"337\">CB : 108,1<\/li>\n<li data-start=\"211\" data-end=\"337\">Mod\u00e8le : OFM101<\/li>\n<\/ul>\n<p data-start=\"339\" data-end=\"373\">Le prix est pour une seule pi\u00e8ce !<\/p>\n<p data-start=\"375\" data-end=\"496\">Diam\u00e8tre int\u00e9rieur : 108,1 mm<br data-start=\"399\" data-end=\"402\">Diam\u00e8tre ext\u00e9rieur : 139,7 mm<br data-start=\"426\" data-end=\"429\">Longueur du boulon : 40 mm<br data-start=\"447\" data-end=\"450\">\u00c9paisseur de la bride : 30 mm<br data-start=\"473\" data-end=\"476\" data-is-only-node=\"\">Pas du boulon : 1,5 mm<\/p>\n<p data-start=\"498\" data-end=\"544\">Compatible avec : Daihatsu Rocky, Feroza, Kia<\/p>\n<p data-start=\"546\" data-end=\"647\" data-is-last-node=\"\" data-is-only-node=\"\">Sportage I (CB : 100) &#8211; n\u00e9cessite un anneau de centrage<br data-start=\"594\" data-end=\"597\">Sorento I (CB : 95.3) &#8211; n\u00e9cessite un anneau de centrage<\/p>\n","protected":false},"excerpt":{"rendered":"<p>Entretoise de roue 30mm 5&#215;139.7 M12x1.5mm pour Daihatsu Rocky, Feroza, Kia Sportage I, Sorento I<\/p>\n","protected":false},"featured_media":27838,"comment_status":"open","ping_status":"closed","template":"","meta":[],"product_brand":[1279],"product_cat":[4610],"product_tag":[4002,3660,4556,3652,4557,4558,3688,4559],"class_list":{"0":"post-43094","1":"product","2":"type-product","3":"status-publish","4":"has-post-thumbnail","6":"product_brand-ofm4x4","7":"product_cat-cales-de-roue","8":"product_tag-30mm-fr","9":"product_tag-5x139-7-fr","10":"product_tag-daihatsu-rocky-fr","11":"product_tag-entretoises-de-roue","12":"product_tag-feroza-fr","13":"product_tag-kia-sportage-i-fr","14":"product_tag-m12x15mm","15":"product_tag-sorento-i-fr","16":"product_shipping_class-produse-usoare-set-fr","18":"first","19":"instock","20":"taxable","21":"shipping-taxable","22":"purchasable","23":"product-type-simple"},"_links":{"self":[{"href":"https:\/\/ofm4x4.com\/fr\/wp-json\/wp\/v2\/product\/43094","targetHints":{"allow":["GET"]}}],"collection":[{"href":"https:\/\/ofm4x4.com\/fr\/wp-json\/wp\/v2\/product"}],"about":[{"href":"https:\/\/ofm4x4.com\/fr\/wp-json\/wp\/v2\/types\/product"}],"replies":[{"embeddable":true,"href":"https:\/\/ofm4x4.com\/fr\/wp-json\/wp\/v2\/comments?post=43094"}],"version-history":[{"count":1,"href":"https:\/\/ofm4x4.com\/fr\/wp-json\/wp\/v2\/product\/43094\/revisions"}],"predecessor-version":[{"id":43097,"href":"https:\/\/ofm4x4.com\/fr\/wp-json\/wp\/v2\/product\/43094\/revisions\/43097"}],"wp:featuredmedia":[{"embeddable":true,"href":"https:\/\/ofm4x4.com\/fr\/wp-json\/wp\/v2\/media\/27838"}],"wp:attachment":[{"href":"https:\/\/ofm4x4.com\/fr\/wp-json\/wp\/v2\/media?parent=43094"}],"wp:term":[{"taxonomy":"product_brand","embeddable":true,"href":"https:\/\/ofm4x4.com\/fr\/wp-json\/wp\/v2\/product_brand?post=43094"},{"taxonomy":"product_cat","embeddable":true,"href":"https:\/\/ofm4x4.com\/fr\/wp-json\/wp\/v2\/product_cat?post=43094"},{"taxonomy":"product_tag","embeddable":true,"href":"https:\/\/ofm4x4.com\/fr\/wp-json\/wp\/v2\/product_tag?post=43094"}],"curies":[{"name":"wp","href":"https:\/\/api.w.org\/{rel}","templated":true}]}}